{"id":119,"date":"2024-11-21T10:23:30","date_gmt":"2024-11-21T10:23:30","guid":{"rendered":"https:\/\/myfemboy-roommate.com\/?page_id=119"},"modified":"2024-11-21T10:23:33","modified_gmt":"2024-11-21T10:23:33","slug":"terms-of-use-for-my-femboy-roommate","status":"publish","type":"page","link":"https:\/\/myfemboy-roommate.com\/homepage\/cs\/terms-of-use-for-my-femboy-roommate\/","title":{"rendered":"Podm\u00ednky pou\u017eit\u00ed pro My Femboy Roommate"},"content":{"rendered":"<p><strong>Podm\u00ednky pou\u017eit\u00ed<\/strong><\/p>\n\n\n\n<p><strong>Posledn\u00ed aktualizace: listopad 2024<\/strong><\/p>\n\n\n\n<p>V\u00edtejte na str\u00e1nk\u00e1ch My Femboy Roommate, kter\u00e9 jsou p\u0159\u00edstupn\u00e9 na adrese\u00a0<a href=\"https:\/\/myfemboy-roommate.com\/homepage\/cs\/\">https:\/\/myfemboy-roommate.com<\/a>\u00a0(d\u00e1le jen \"slu\u017eba\"). Tyto Podm\u00ednky pou\u017e\u00edv\u00e1n\u00ed (d\u00e1le jen \"Podm\u00ednky\") upravuj\u00ed va\u0161e pou\u017e\u00edv\u00e1n\u00ed na\u0161\u00ed Slu\u017eby. P\u0159ed pou\u017e\u00edv\u00e1n\u00edm na\u0161\u00ed slu\u017eby si tyto Podm\u00ednky pe\u010dliv\u011b p\u0159e\u010dt\u011bte.<\/p>\n\n\n\n<p><strong>1. P\u0159ijet\u00ed podm\u00ednek<\/strong><\/p>\n\n\n\n<p>P\u0159\u00edstupem ke slu\u017eb\u011b nebo jej\u00edm pou\u017e\u00edv\u00e1n\u00edm souhlas\u00edte s t\u011bmito podm\u00ednkami. Pokud s t\u011bmito podm\u00ednkami nesouhlas\u00edte, nepou\u017e\u00edvejte Slu\u017ebu. Vyhrazujeme si pr\u00e1vo tyto Podm\u00ednky kdykoli zm\u011bnit. Va\u0161e dal\u0161\u00ed pou\u017e\u00edv\u00e1n\u00ed Slu\u017eby po takov\u00fdch zm\u011bn\u00e1ch p\u0159edstavuje v\u00e1\u0161 souhlas s nov\u00fdmi Podm\u00ednkami.<\/p>\n\n\n\n<p><strong>2. Popis slu\u017eby<\/strong><\/p>\n\n\n\n<p>My Femboy Roommate poskytuje u\u017eivatel\u016fm online platformu pro hran\u00ed hry My Femboy Roommate p\u0159\u00edmo z webov\u00fdch str\u00e1nek bez nutnosti registrace. Slu\u017eba je poskytov\u00e1na \"tak, jak je\" a \"tak, jak je k dispozici\", bez jak\u00e9koliv z\u00e1ruky.<\/p>\n\n\n\n<p><strong>3. Opr\u00e1vn\u011bnost u\u017eivatele<\/strong><\/p>\n\n\n\n<p>Abyste mohli slu\u017ebu pou\u017e\u00edvat, mus\u00ed v\u00e1m b\u00fdt alespo\u0148 13 let. Pokud je v\u00e1m m\u00e9n\u011b ne\u017e 13 let, Slu\u017ebu nepou\u017e\u00edvejte. Pokud jste rodi\u010d nebo opatrovn\u00edk a zjist\u00edte, \u017ee n\u00e1m va\u0161e d\u00edt\u011b poskytlo osobn\u00ed \u00fadaje, neprodlen\u011b n\u00e1s kontaktujte.<\/p>\n\n\n\n<p><strong>4. Z\u00e1sady ochrany osobn\u00edch \u00fadaj\u016f<\/strong><\/p>\n\n\n\n<p>Va\u0161e pou\u017e\u00edv\u00e1n\u00ed Slu\u017eby se \u0159\u00edd\u00ed na\u0161imi Z\u00e1sadami ochrany osobn\u00edch \u00fadaj\u016f, kter\u00e9 jsou zde zahrnuty odkazem. Z\u00e1sady ochrany osobn\u00edch \u00fadaj\u016f vysv\u011btluj\u00ed, jak shroma\u017e\u010fujeme, pou\u017e\u00edv\u00e1me a chr\u00e1n\u00edme va\u0161e osobn\u00ed \u00fadaje, jako\u017e i va\u0161e pr\u00e1va t\u00fdkaj\u00edc\u00ed se t\u011bchto \u00fadaj\u016f. Pou\u017e\u00edv\u00e1n\u00edm Slu\u017eby vyjad\u0159ujete souhlas s postupy popsan\u00fdmi v Z\u00e1sad\u00e1ch ochrany osobn\u00edch \u00fadaj\u016f.<\/p>\n\n\n\n<p><strong>5. Pr\u00e1va du\u0161evn\u00edho vlastnictv\u00ed<\/strong><\/p>\n\n\n\n<p>Slu\u017eba, v\u010detn\u011b ve\u0161ker\u00e9ho obsahu, log, n\u00e1vrh\u016f, text\u016f, grafiky a dal\u0161\u00edch materi\u00e1l\u016f, je majetkem spole\u010dnosti My Femboy Roommate nebo jej\u00edch poskytovatel\u016f licence a je chr\u00e1n\u011bna z\u00e1kony o du\u0161evn\u00edm vlastnictv\u00ed.<\/p>\n\n\n\n<p><strong>6. Zak\u00e1zan\u00e9 \u010dinnosti<\/strong><\/p>\n\n\n\n<p>Slu\u017ebu nesm\u00edte pou\u017e\u00edvat k \u017e\u00e1dn\u00e9mu nez\u00e1konn\u00e9mu nebo neopr\u00e1vn\u011bn\u00e9mu \u00fa\u010delu nebo zp\u016fsobem, kter\u00fd poru\u0161uje tyto podm\u00ednky. Mezi zak\u00e1zan\u00e9 \u010dinnosti pat\u0159\u00ed:<\/p>\n\n\n\n<ul class=\"wp-block-list\">\n<li>obt\u011b\u017eov\u00e1n\u00ed nebo zneu\u017e\u00edv\u00e1n\u00ed jak\u00e9hokoli u\u017eivatele, hostitele nebo p\u0159isp\u011bvatele.<\/li>\n\n\n\n<li>Pou\u017e\u00edv\u00e1n\u00ed Slu\u017eby k p\u0159enosu, distribuci nebo ukl\u00e1d\u00e1n\u00ed jak\u00e9hokoli \u0161kodliv\u00e9ho k\u00f3du, v\u010detn\u011b vir\u016f, \u010derv\u016f nebo malwaru.<\/li>\n\n\n\n<li>Pokusy o z\u00edsk\u00e1n\u00ed neopr\u00e1vn\u011bn\u00e9ho p\u0159\u00edstupu ke slu\u017eb\u011b, \u00fa\u010dt\u016fm jin\u00fdch u\u017eivatel\u016f nebo jak\u00fdmkoli po\u010d\u00edta\u010dov\u00fdm syst\u00e9m\u016fm nebo s\u00edt\u00edm spojen\u00fdm se slu\u017ebou nebo p\u0159\u00edstupn\u00fdm prost\u0159ednictv\u00edm slu\u017eby.<\/li>\n<\/ul>\n\n\n\n<p><strong>7. Z\u0159eknut\u00ed se z\u00e1ruk<\/strong><\/p>\n\n\n\n<p>Slu\u017eba je poskytov\u00e1na \"tak, jak je\" a \"tak, jak je k dispozici\" bez jak\u00e9koli z\u00e1ruky. V\u00fdslovn\u011b se z\u0159\u00edk\u00e1me v\u0161ech z\u00e1ruk, v\u010detn\u011b z\u00e1ruk prodejnosti, vhodnosti pro ur\u010dit\u00fd \u00fa\u010del a neporu\u0161ov\u00e1n\u00ed pr\u00e1v.<\/p>\n\n\n\n<p><strong>8. Omezen\u00ed odpov\u011bdnosti<\/strong><\/p>\n\n\n\n<p>Spole\u010dnost My Femboy Roommate, jej\u00ed p\u0159idru\u017een\u00e9 spole\u010dnosti ani jejich \u0159editel\u00e9, vedouc\u00ed pracovn\u00edci, zam\u011bstnanci nebo z\u00e1stupci v \u017e\u00e1dn\u00e9m p\u0159\u00edpad\u011b nenesou odpov\u011bdnost za jak\u00e9koli nep\u0159\u00edm\u00e9, n\u00e1hodn\u00e9, zvl\u00e1\u0161tn\u00ed nebo n\u00e1sledn\u00e9 \u0161kody.<\/p>\n\n\n\n<p><strong>9. Od\u0161kodn\u011bn\u00ed<\/strong><\/p>\n\n\n\n<p>Souhlas\u00edte s t\u00edm, \u017ee od\u0161kodn\u00edte spole\u010dnost My Femboy Roommate, jej\u00ed p\u0159idru\u017een\u00e9 spole\u010dnosti a jejich p\u0159\u00edslu\u0161n\u00e9 \u0159editele, vedouc\u00ed pracovn\u00edky, zam\u011bstnance a z\u00e1stupce za jak\u00e9koli n\u00e1roky, z\u00e1vazky, \u0161kody, ztr\u00e1ty nebo v\u00fddaje, v\u010detn\u011b p\u0159im\u011b\u0159en\u00fdch n\u00e1klad\u016f na pr\u00e1vn\u00ed zastoupen\u00ed, kter\u00e9 vznikly v d\u016fsledku va\u0161eho p\u0159\u00edstupu ke Slu\u017eb\u011b nebo jej\u00edho pou\u017e\u00edv\u00e1n\u00ed nebo s nimi jakkoli souvisej\u00ed.<\/p>\n\n\n\n<p><strong>10. Rozhodn\u00e9 pr\u00e1vo<\/strong><\/p>\n\n\n\n<p>Tyto podm\u00ednky a ve\u0161ker\u00e9 spory nebo n\u00e1roky z nich vypl\u00fdvaj\u00edc\u00ed nebo s nimi souvisej\u00edc\u00ed se \u0159\u00edd\u00ed a vykl\u00e1daj\u00ed v souladu se z\u00e1kony st\u00e1tu New York, USA, bez ohledu na kolizn\u00ed normy.<\/p>\n\n\n\n<p><strong>11. Kontaktujte n\u00e1s<\/strong><\/p>\n\n\n\n<p>M\u00e1te-li jak\u00e9koli dotazy t\u00fdkaj\u00edc\u00ed se t\u011bchto podm\u00ednek, kontaktujte n\u00e1s na adrese:<\/p>\n\n\n\n<p>E-mailem: support@myfemboy-roommate.com<\/p>","protected":false},"excerpt":{"rendered":"<p>Terms of Use Last Updated: November 21, 2024 Welcome to My Femboy Roommate, accessible at\u00a0https:\/\/myfemboy-roommate.com\u00a0(the \u201cService\u201d). These Terms of Use (\u201cTerms\u201d) govern your use of our Service. Please read these Terms carefully before using our Service. 1. Acceptance of the Terms By accessing or using the Service, you agree to be bound by these Terms. [&hellip;]<\/p>","protected":false},"author":1,"featured_media":0,"parent":0,"menu_order":0,"comment_status":"closed","ping_status":"closed","template":"","meta":{"footnotes":""},"class_list":["post-119","page","type-page","status-publish","hentry"],"_links":{"self":[{"href":"https:\/\/myfemboy-roommate.com\/homepage\/cs\/wp-json\/wp\/v2\/pages\/119","targetHints":{"allow":["GET"]}}],"collection":[{"href":"https:\/\/myfemboy-roommate.com\/homepage\/cs\/wp-json\/wp\/v2\/pages"}],"about":[{"href":"https:\/\/myfemboy-roommate.com\/homepage\/cs\/wp-json\/wp\/v2\/types\/page"}],"author":[{"embeddable":true,"href":"https:\/\/myfemboy-roommate.com\/homepage\/cs\/wp-json\/wp\/v2\/users\/1"}],"replies":[{"embeddable":true,"href":"https:\/\/myfemboy-roommate.com\/homepage\/cs\/wp-json\/wp\/v2\/comments?post=119"}],"version-history":[{"count":1,"href":"https:\/\/myfemboy-roommate.com\/homepage\/cs\/wp-json\/wp\/v2\/pages\/119\/revisions"}],"predecessor-version":[{"id":120,"href":"https:\/\/myfemboy-roommate.com\/homepage\/cs\/wp-json\/wp\/v2\/pages\/119\/revisions\/120"}],"wp:attachment":[{"href":"https:\/\/myfemboy-roommate.com\/homepage\/cs\/wp-json\/wp\/v2\/media?parent=119"}],"curies":[{"name":"wp","href":"https:\/\/api.w.org\/{rel}","templated":true}]}}