{"id":3,"date":"2024-11-11T17:44:49","date_gmt":"2024-11-11T17:44:49","guid":{"rendered":"http:\/\/box5572\/cgi\/addon_GT.cgi?s=GT::WP::Install::Cpanel+%28ghnjwzmy%29+-+127.0.0.1+%5Bnocaller%5D\/?page_id=3"},"modified":"2024-11-21T10:20:44","modified_gmt":"2024-11-21T10:20:44","slug":"privacy-policy","status":"publish","type":"page","link":"https:\/\/myfemboy-roommate.com\/homepage\/cs\/privacy-policy\/","title":{"rendered":"Z\u00e1sady ochrany osobn\u00edch \u00fadaj\u016f pro My Femboy Roommate"},"content":{"rendered":"<p><strong>Posledn\u00ed aktualizace: listopad 2024<\/strong><\/p>\n\n\n\n<p>Tyto z\u00e1sady ochrany osobn\u00edch \u00fadaj\u016f popisuj\u00ed na\u0161e postupy a z\u00e1sady t\u00fdkaj\u00edc\u00ed se shroma\u017e\u010fov\u00e1n\u00ed, pou\u017e\u00edv\u00e1n\u00ed a zve\u0159ej\u0148ov\u00e1n\u00ed va\u0161ich osobn\u00edch \u00fadaj\u016f p\u0159i pou\u017e\u00edv\u00e1n\u00ed slu\u017eby. Informuje v\u00e1s tak\u00e9 o va\u0161ich pr\u00e1vech na ochranu soukrom\u00ed a pr\u00e1vn\u00ed ochran\u011b. Osobn\u00ed \u00fadaje pou\u017e\u00edv\u00e1me k poskytov\u00e1n\u00ed a vylep\u0161ov\u00e1n\u00ed Slu\u017eby. Va\u0161e pou\u017e\u00edv\u00e1n\u00ed Slu\u017eby znamen\u00e1 v\u00e1\u0161 souhlas se shroma\u017e\u010fov\u00e1n\u00edm a pou\u017e\u00edv\u00e1n\u00edm va\u0161ich Osobn\u00edch \u00fadaj\u016f, jak je uvedeno v t\u011bchto Z\u00e1sad\u00e1ch ochrany osobn\u00edch \u00fadaj\u016f.<\/p>\n\n\n\n<p><strong>V\u00fdklad a definice<\/strong><\/p>\n\n\n\n<p>Pro \u00fa\u010dely t\u011bchto z\u00e1sad ochrany osobn\u00edch \u00fadaj\u016f:<\/p>\n\n\n\n<ul class=\"wp-block-list\">\n<li><strong>\u00da\u010det<\/strong>\u00a0znamen\u00e1 jedine\u010dn\u00fd \u00fa\u010det vytvo\u0159en\u00fd pro v\u00e1s za \u00fa\u010delem p\u0159\u00edstupu k na\u0161\u00ed slu\u017eb\u011b nebo jej\u00edm \u010d\u00e1stem.<\/li>\n\n\n\n<li><strong>Affiliate<\/strong>\u00a0znamen\u00e1 subjekt, kter\u00fd ovl\u00e1d\u00e1 stranu, je j\u00ed ovl\u00e1d\u00e1n nebo je pod spole\u010dnou kontrolou, p\u0159i\u010dem\u017e \"kontrolou\" se rozum\u00ed vlastnictv\u00ed nejm\u00e9n\u011b 50% akci\u00ed, majetkov\u00fdch pod\u00edl\u016f nebo jin\u00fdch cenn\u00fdch pap\u00edr\u016f, kter\u00e9 oprav\u0148uj\u00ed k hlasov\u00e1n\u00ed p\u0159i volb\u011b \u0159editel\u016f nebo jin\u00fdch \u0159\u00edd\u00edc\u00edch org\u00e1n\u016f.<\/li>\n\n\n\n<li><strong>Spole\u010dnost<\/strong>\u00a0(v t\u00e9to smlouv\u011b ozna\u010dovan\u00e1 jako \"spole\u010dnost\", \"my\", \"n\u00e1s\" nebo \"na\u0161e\") odkazuje na slu\u017ebu My Femboy Roommate, kter\u00e1 je p\u0159\u00edstupn\u00e1 z adresy https:\/\/myfemboy-roommate.com\/.<\/li>\n\n\n\n<li><strong>Soubory cookie<\/strong>\u00a0jsou mal\u00e9 soubory, kter\u00e9 webov\u00e9 str\u00e1nky ukl\u00e1daj\u00ed do Va\u0161eho po\u010d\u00edta\u010de, mobiln\u00edho za\u0159\u00edzen\u00ed nebo jin\u00e9ho za\u0159\u00edzen\u00ed a kter\u00e9 obsahuj\u00ed mimo jin\u00e9 \u00fadaje o historii Va\u0161eho prohl\u00ed\u017een\u00ed na t\u011bchto webov\u00fdch str\u00e1nk\u00e1ch.<\/li>\n\n\n\n<li><strong>Zem\u011b<\/strong>\u00a0odkazuje na New York, USA.<\/li>\n\n\n\n<li><strong>Za\u0159\u00edzen\u00ed<\/strong>\u00a0znamen\u00e1 jak\u00e9koli za\u0159\u00edzen\u00ed, kter\u00e9 m\u00e1 p\u0159\u00edstup ke slu\u017eb\u011b, nap\u0159\u00edklad po\u010d\u00edta\u010d, mobiln\u00ed telefon nebo digit\u00e1ln\u00ed tablet.<\/li>\n\n\n\n<li><strong>Osobn\u00ed \u00fadaje<\/strong>\u00a0jsou ve\u0161ker\u00e9 informace, kter\u00e9 se t\u00fdkaj\u00ed identifikovan\u00e9 nebo identifikovateln\u00e9 osoby.<\/li>\n\n\n\n<li><strong>Slu\u017eba<\/strong>\u00a0odkazuje na webov\u00e9 str\u00e1nky.<\/li>\n\n\n\n<li><strong>Poskytovatel slu\u017eeb<\/strong>\u00a0znamen\u00e1 jakoukoli fyzickou nebo pr\u00e1vnickou osobu, kter\u00e1 zpracov\u00e1v\u00e1 \u00fadaje jm\u00e9nem spole\u010dnosti. Jedn\u00e1 se o spole\u010dnosti nebo fyzick\u00e9 osoby t\u0159et\u00edch stran, kter\u00e9 Spole\u010dnost zam\u011bstn\u00e1v\u00e1 za \u00fa\u010delem usnadn\u011bn\u00ed Slu\u017eby, poskytov\u00e1n\u00ed Slu\u017eby jm\u00e9nem Spole\u010dnosti, prov\u00e1d\u011bn\u00ed slu\u017eeb souvisej\u00edc\u00edch se Slu\u017ebou nebo pomoci Spole\u010dnosti p\u0159i anal\u00fdze zp\u016fsobu vyu\u017e\u00edv\u00e1n\u00ed Slu\u017eby.<\/li>\n\n\n\n<li><strong>\u00dadaje o pou\u017e\u00edv\u00e1n\u00ed<\/strong>\u00a0se t\u00fdk\u00e1 automaticky shroma\u017e\u010fovan\u00fdch \u00fadaj\u016f, kter\u00e9 jsou generov\u00e1ny bu\u010f pou\u017e\u00edv\u00e1n\u00edm slu\u017eby, nebo samotnou infrastrukturou slu\u017eby (nap\u0159\u00edklad doba trv\u00e1n\u00ed n\u00e1v\u0161t\u011bvy str\u00e1nky).<\/li>\n\n\n\n<li><strong>Webov\u00e9 str\u00e1nky<\/strong>\u00a0odkazuje na str\u00e1nku My Femboy Roommate, kter\u00e1 je p\u0159\u00edstupn\u00e1 z https:\/\/myfemboy-roommate.com\/.<\/li>\n\n\n\n<li><strong>Vy<\/strong>\u00a0znamen\u00e1 jednotlivce, kter\u00fd p\u0159istupuje ke slu\u017eb\u011b nebo ji pou\u017e\u00edv\u00e1, p\u0159\u00edpadn\u011b spole\u010dnost nebo jin\u00fd pr\u00e1vn\u00ed subjekt, jeho\u017e jm\u00e9nem takov\u00fd jednotlivec p\u0159istupuje ke slu\u017eb\u011b nebo ji pou\u017e\u00edv\u00e1.<\/li>\n<\/ul>\n\n\n\n<p><strong>Shroma\u017e\u010fov\u00e1n\u00ed a pou\u017e\u00edv\u00e1n\u00ed va\u0161ich osobn\u00edch \u00fadaj\u016f<\/strong><\/p>\n\n\n\n<p><strong>Typy shroma\u017e\u010fovan\u00fdch \u00fadaj\u016f<\/strong><\/p>\n\n\n\n<ul class=\"wp-block-list\">\n<li><strong>Osobn\u00ed \u00fadaje<\/strong>: P\u0159i pou\u017e\u00edv\u00e1n\u00ed na\u0161\u00ed slu\u017eby v\u00e1s m\u016f\u017eeme po\u017e\u00e1dat, abyste n\u00e1m poskytli ur\u010dit\u00e9 osobn\u00ed \u00fadaje, kter\u00e9 lze pou\u017e\u00edt k va\u0161\u00ed identifikaci nebo ke kontaktov\u00e1n\u00ed. Osobn\u011b identifikovateln\u00e9 \u00fadaje mohou mimo jin\u00e9 zahrnovat:<\/li>\n\n\n\n<li><strong>Pou\u017e\u00edv\u00e1n\u00ed dat<\/strong>: Slu\u017eba b\u011bhem sv\u00e9ho pou\u017e\u00edv\u00e1n\u00ed automaticky shroma\u017e\u010fuje \u00fadaje o pou\u017e\u00edv\u00e1n\u00ed. Tyto \u00fadaje mohou zahrnovat podrobnosti, jako je adresa internetov\u00e9ho protokolu (IP) va\u0161eho za\u0159\u00edzen\u00ed, typ prohl\u00ed\u017ee\u010de, verze prohl\u00ed\u017ee\u010de, konkr\u00e9tn\u00ed nav\u0161t\u00edven\u00e9 str\u00e1nky na\u0161\u00ed slu\u017eby, datum a \u010das va\u0161\u00ed n\u00e1v\u0161t\u011bvy, doba str\u00e1ven\u00e1 na t\u011bchto str\u00e1nk\u00e1ch, jedine\u010dn\u00e9 identifik\u00e1tory za\u0159\u00edzen\u00ed a dal\u0161\u00ed diagnostick\u00e9 informace.<\/li>\n<\/ul>\n\n\n\n<p><strong>Pou\u017eit\u00ed va\u0161ich osobn\u00edch \u00fadaj\u016f<\/strong><\/p>\n\n\n\n<p>Spole\u010dnost m\u016f\u017ee pou\u017e\u00edvat osobn\u00ed \u00fadaje pro n\u00e1sleduj\u00edc\u00ed \u00fa\u010dely:<\/p>\n\n\n\n<ul class=\"wp-block-list\">\n<li>Poskytov\u00e1n\u00ed a \u00fadr\u017eba na\u0161\u00ed slu\u017eby, v\u010detn\u011b monitorov\u00e1n\u00ed pou\u017e\u00edv\u00e1n\u00ed na\u0161\u00ed slu\u017eby.<\/li>\n\n\n\n<li>Spr\u00e1va va\u0161eho \u00fa\u010dtu: spr\u00e1va va\u0161\u00ed registrace jako u\u017eivatele Slu\u017eby.<\/li>\n\n\n\n<li>Poskytovat v\u00e1m speci\u00e1ln\u00ed nab\u00eddky, novinky a obecn\u00e9 informace o dal\u0161\u00edm zbo\u017e\u00ed, slu\u017eb\u00e1ch a ud\u00e1lostech, kter\u00e9 nab\u00edz\u00edme a kter\u00e9 jsou podobn\u00e9 t\u011bm, kter\u00e9 jste si ji\u017e zakoupili nebo na kter\u00e9 jste se dotazovali, pokud jste se nerozhodli takov\u00e9 informace nedost\u00e1vat.<\/li>\n\n\n\n<li>spravovat va\u0161e po\u017eadavky: K vy\u0159izov\u00e1n\u00ed a spr\u00e1v\u011b Va\u0161ich \u017e\u00e1dost\u00ed, kter\u00e9 jste n\u00e1m zaslali.<\/li>\n\n\n\n<li>Pro pln\u011bn\u00ed smlouvy: vypracov\u00e1n\u00ed, dodr\u017eov\u00e1n\u00ed a pln\u011bn\u00ed kupn\u00ed smlouvy na produkty, polo\u017eky nebo slu\u017eby, kter\u00e9 jste si zakoupili, nebo jak\u00e9koli jin\u00e9 smlouvy s n\u00e1mi prost\u0159ednictv\u00edm slu\u017eby.<\/li>\n\n\n\n<li>Kontaktovat v\u00e1s: Kontaktovat V\u00e1s prost\u0159ednictv\u00edm e-mailu, telefonn\u00edch hovor\u016f, SMS nebo jin\u00fdch rovnocenn\u00fdch forem elektronick\u00e9 komunikace, jako jsou push notifikace mobiln\u00ed aplikace, ohledn\u011b aktualizac\u00ed nebo informa\u010dn\u00edch sd\u011blen\u00ed t\u00fdkaj\u00edc\u00edch se funkc\u00ed, produkt\u016f nebo smluvn\u00edch slu\u017eeb, v\u010detn\u011b bezpe\u010dnostn\u00edch aktualizac\u00ed, pokud je to nezbytn\u00e9 nebo p\u0159im\u011b\u0159en\u00e9 pro jejich proveden\u00ed.<\/li>\n\n\n\n<li>Pro p\u0159evody podnik\u016f: Va\u0161e \u00fadaje m\u016f\u017eeme pou\u017e\u00edt k vyhodnocen\u00ed nebo proveden\u00ed f\u00faze, prodeje, restrukturalizace, reorganizace, rozpu\u0161t\u011bn\u00ed nebo jin\u00e9ho prodeje \u010di p\u0159evodu n\u011bkter\u00fdch nebo v\u0161ech Na\u0161ich aktiv, a\u0165 u\u017e jako funguj\u00edc\u00edho podniku nebo v r\u00e1mci konkurzu, likvidace nebo podobn\u00e9ho \u0159\u00edzen\u00ed, v n\u011bm\u017e jsou mezi p\u0159ev\u00e1d\u011bn\u00fdmi aktivy i n\u00e1mi uchov\u00e1van\u00e9 osobn\u00ed \u00fadaje o u\u017eivatel\u00edch na\u0161ich slu\u017eeb.<\/li>\n<\/ul>\n\n\n\n<p><strong>Va\u0161e osobn\u00ed \u00fadaje m\u016f\u017eeme sd\u00edlet v n\u00e1sleduj\u00edc\u00edch situac\u00edch:<\/strong><\/p>\n\n\n\n<ul class=\"wp-block-list\">\n<li>Pro p\u0159evody podnik\u016f: Va\u0161e osobn\u00ed \u00fadaje m\u016f\u017eeme sd\u00edlet nebo p\u0159ed\u00e1vat v souvislosti s jakoukoli f\u00faz\u00ed, prodejem majetku spole\u010dnosti, financov\u00e1n\u00edm nebo p\u0159evzet\u00edm cel\u00e9ho na\u0161eho podniku nebo jeho \u010d\u00e1sti jinou spole\u010dnost\u00ed nebo v pr\u016fb\u011bhu jedn\u00e1n\u00ed o nich.<\/li>\n\n\n\n<li>S pobo\u010dkami: V takov\u00e9m p\u0159\u00edpad\u011b budeme vy\u017eadovat, aby tyto pobo\u010dky dodr\u017eovaly tyto z\u00e1sady ochrany osobn\u00edch \u00fadaj\u016f.<\/li>\n\n\n\n<li>S poskytovateli slu\u017eeb: Va\u0161e osobn\u00ed \u00fadaje m\u016f\u017eeme sd\u00edlet s poskytovateli slu\u017eeb, abychom mohli monitorovat a analyzovat pou\u017e\u00edv\u00e1n\u00ed na\u0161\u00ed slu\u017eby, kontaktovat v\u00e1s.<\/li>\n\n\n\n<li>S obchodn\u00edmi partnery: Va\u0161e \u00fadaje m\u016f\u017eeme sd\u00edlet s na\u0161imi obchodn\u00edmi partnery, abychom v\u00e1m mohli nab\u00eddnout ur\u010dit\u00e9 produkty, slu\u017eby nebo propaga\u010dn\u00ed akce.<\/li>\n\n\n\n<li>S ostatn\u00edmi u\u017eivateli: pokud sd\u00edl\u00edte osobn\u00ed \u00fadaje nebo jinak komunikujete ve ve\u0159ejn\u00fdch oblastech s ostatn\u00edmi u\u017eivateli, mohou tyto informace vid\u011bt v\u0161ichni u\u017eivatel\u00e9 a mohou b\u00fdt ve\u0159ejn\u011b \u0161\u00ed\u0159eny mimo n\u011b.<\/li>\n\n\n\n<li>S va\u0161\u00edm souhlasem: Va\u0161e osobn\u00ed \u00fadaje m\u016f\u017eeme s Va\u0161\u00edm souhlasem zve\u0159ejnit pro jak\u00fdkoli jin\u00fd \u00fa\u010del.<\/li>\n<\/ul>\n\n\n\n<p><strong>Sledovac\u00ed technologie a soubory cookie<\/strong><\/p>\n\n\n\n<p>Ke sledov\u00e1n\u00ed aktivity na na\u0161\u00ed slu\u017eb\u011b a ukl\u00e1d\u00e1n\u00ed ur\u010dit\u00fdch informac\u00ed pou\u017e\u00edv\u00e1me soubory cookie a podobn\u00e9 technologie sledov\u00e1n\u00ed. Sledovac\u00ed technologie pou\u017e\u00edvaj\u00ed maj\u00e1ky, zna\u010dky a skripty ke shroma\u017e\u010fov\u00e1n\u00ed a sledov\u00e1n\u00ed informac\u00ed a ke zlep\u0161ov\u00e1n\u00ed a anal\u00fdze Na\u0161\u00ed slu\u017eby.<\/p>\n\n\n\n<p><strong>Uchov\u00e1v\u00e1n\u00ed va\u0161ich osobn\u00edch \u00fadaj\u016f<\/strong><\/p>\n\n\n\n<p>Spole\u010dnost bude uchov\u00e1vat va\u0161e osobn\u00ed \u00fadaje pouze po dobu nezbytnou pro \u00fa\u010dely uveden\u00e9 v t\u011bchto Z\u00e1sad\u00e1ch ochrany osobn\u00edch \u00fadaj\u016f. Va\u0161e osobn\u00ed \u00fadaje budeme uchov\u00e1vat a pou\u017e\u00edvat v rozsahu nezbytn\u00e9m pro pln\u011bn\u00ed na\u0161ich pr\u00e1vn\u00edch povinnost\u00ed, \u0159e\u0161en\u00ed spor\u016f a vym\u00e1h\u00e1n\u00ed na\u0161ich pr\u00e1vn\u00edch dohod a z\u00e1sad.<\/p>\n\n\n\n<p><strong>P\u0159enos va\u0161ich osobn\u00edch \u00fadaj\u016f<\/strong><\/p>\n\n\n\n<p>Va\u0161e informace, v\u010detn\u011b osobn\u00edch \u00fadaj\u016f, jsou zpracov\u00e1v\u00e1ny v provozn\u00edch kancel\u00e1\u0159\u00edch spole\u010dnosti a na dal\u0161\u00edch m\u00edstech, kde se nach\u00e1zej\u00ed strany zapojen\u00e9 do zpracov\u00e1n\u00ed. To znamen\u00e1, \u017ee tyto informace mohou b\u00fdt p\u0159en\u00e1\u0161eny do po\u010d\u00edta\u010d\u016f - a uchov\u00e1v\u00e1ny v po\u010d\u00edta\u010d\u00edch - um\u00edst\u011bn\u00fdch mimo V\u00e1\u0161 st\u00e1t, provincii, zemi nebo jinou vl\u00e1dn\u00ed jurisdikci, kde se z\u00e1kony na ochranu \u00fadaj\u016f mohou li\u0161it od z\u00e1kon\u016f Va\u0161\u00ed jurisdikce.<\/p>\n\n\n\n<p><strong>Vymaz\u00e1n\u00ed va\u0161ich osobn\u00edch \u00fadaj\u016f<\/strong><\/p>\n\n\n\n<p>M\u00e1te pr\u00e1vo odstranit nebo po\u017e\u00e1dat o pomoc p\u0159i odstra\u0148ov\u00e1n\u00ed osobn\u00edch \u00fadaj\u016f, kter\u00e9 jsme o v\u00e1s shrom\u00e1\u017edili. Prost\u0159ednictv\u00edm na\u0161\u00ed slu\u017eby m\u016f\u017eete m\u00edt mo\u017enost vymazat konkr\u00e9tn\u00ed \u00fadaje o sob\u011b. Sv\u00e9 \u00fadaje m\u016f\u017eete kdykoli upravit, revidovat nebo vymazat, a to tak, \u017ee v p\u0159\u00edpad\u011b pot\u0159eby vstoup\u00edte do sv\u00e9ho \u00fa\u010dtu a p\u0159ejdete do oblasti nastaven\u00ed \u00fa\u010dtu ur\u010den\u00e9 pro spr\u00e1vu va\u0161ich osobn\u00edch \u00fadaj\u016f. P\u0159\u00edpadn\u011b se na n\u00e1s m\u016f\u017eete obr\u00e1tit s \u017e\u00e1dost\u00ed o p\u0159\u00edstup, opravu nebo vymaz\u00e1n\u00ed jak\u00fdchkoli osobn\u00edch \u00fadaj\u016f, kter\u00e9 jste s n\u00e1mi sd\u00edleli.<\/p>\n\n\n\n<p><strong>Zp\u0159\u00edstupn\u011bn\u00ed va\u0161ich osobn\u00edch \u00fadaj\u016f<\/strong><\/p>\n\n\n\n<ul class=\"wp-block-list\">\n<li>Obchodn\u00ed transakce: Pokud se spole\u010dnost \u00fa\u010dastn\u00ed f\u00faze, akvizice nebo prodeje majetku, mohou b\u00fdt va\u0161e osobn\u00ed \u00fadaje p\u0159ed\u00e1ny. P\u0159edt\u00edm, ne\u017e budou va\u0161e osobn\u00ed \u00fadaje p\u0159evedeny a za\u010dnou se na n\u011b vztahovat jin\u00e9 z\u00e1sady ochrany osobn\u00edch \u00fadaj\u016f, v\u00e1s na to upozorn\u00edme.<\/li>\n\n\n\n<li>vym\u00e1h\u00e1n\u00ed pr\u00e1va: Za ur\u010dit\u00fdch okolnost\u00ed m\u016f\u017ee b\u00fdt spole\u010dnost povinna zve\u0159ejnit va\u0161e osobn\u00ed \u00fadaje, pokud to vy\u017eaduje z\u00e1kon nebo v reakci na opr\u00e1vn\u011bn\u00e9 \u017e\u00e1dosti org\u00e1n\u016f ve\u0159ejn\u00e9 moci (nap\u0159. soudu nebo vl\u00e1dn\u00edho org\u00e1nu).<\/li>\n<\/ul>\n\n\n\n<p><strong>Zabezpe\u010den\u00ed va\u0161ich osobn\u00edch \u00fadaj\u016f<\/strong><\/p>\n\n\n\n<p>Bezpe\u010dnost va\u0161ich osobn\u00edch \u00fadaj\u016f je pro n\u00e1s d\u016fle\u017eit\u00e1, ale pamatujte, \u017ee \u017e\u00e1dn\u00fd zp\u016fsob p\u0159enosu p\u0159es internet ani zp\u016fsob elektronick\u00e9ho ukl\u00e1d\u00e1n\u00ed nen\u00ed bezpe\u010dn\u00fd. I kdy\u017e se sna\u017e\u00edme pou\u017e\u00edvat komer\u010dn\u011b p\u0159ijateln\u00e9 prost\u0159edky k ochran\u011b Va\u0161ich osobn\u00edch \u00fadaj\u016f, nem\u016f\u017eeme zaru\u010dit jejich absolutn\u00ed bezpe\u010dnost.<\/p>\n\n\n\n<p><strong>Soukrom\u00ed d\u011bt\u00ed<\/strong><\/p>\n\n\n\n<p>Na\u0161e slu\u017eba nen\u00ed ur\u010dena osob\u00e1m mlad\u0161\u00edm 13 let. V\u011bdom\u011b neshroma\u017e\u010fujeme osobn\u00ed \u00fadaje od osob mlad\u0161\u00edch 13 let. Pokud jste rodi\u010d nebo opatrovn\u00edk a jste si v\u011bdomi, \u017ee n\u00e1m va\u0161e d\u00edt\u011b poskytlo osobn\u00ed \u00fadaje, kontaktujte n\u00e1s. Pokud zjist\u00edme, \u017ee jsme shrom\u00e1\u017edili Osobn\u00ed \u00fadaje od osoby mlad\u0161\u00ed 13 let bez ov\u011b\u0159en\u00ed souhlasu rodi\u010d\u016f, podnikneme kroky k odstran\u011bn\u00ed t\u011bchto \u00fadaj\u016f z Na\u0161ich server\u016f.<\/p>\n\n\n\n<p><strong>Zm\u011bny t\u011bchto z\u00e1sad ochrany osobn\u00edch \u00fadaj\u016f<\/strong><\/p>\n\n\n\n<p>Na\u0161e z\u00e1sady ochrany osobn\u00edch \u00fadaj\u016f m\u016f\u017eeme \u010das od \u010dasu aktualizovat. O v\u0161ech zm\u011bn\u00e1ch v\u00e1s budeme informovat zve\u0159ejn\u011bn\u00edm nov\u00fdch Z\u00e1sad ochrany osobn\u00edch \u00fadaj\u016f na t\u00e9to str\u00e1nce. P\u0159edt\u00edm, ne\u017e zm\u011bna vstoup\u00ed v platnost, v\u00e1s o tom budeme informovat e-mailem a\/nebo viditeln\u00fdm ozn\u00e1men\u00edm v Na\u0161\u00ed slu\u017eb\u011b a aktualizujeme datum \"Posledn\u00ed aktualizace\" v horn\u00ed \u010d\u00e1sti t\u011bchto Z\u00e1sad ochrany osobn\u00edch \u00fadaj\u016f.<\/p>\n\n\n\n<p><strong>Odkazy na dal\u0161\u00ed webov\u00e9 str\u00e1nky<\/strong><\/p>\n\n\n\n<p>Na\u0161e slu\u017eba m\u016f\u017ee obsahovat odkazy na jin\u00e9 webov\u00e9 str\u00e1nky, kter\u00e9 neprovozujeme. Pokud kliknete na odkaz t\u0159et\u00ed strany, budete p\u0159esm\u011brov\u00e1ni na str\u00e1nky t\u00e9to t\u0159et\u00ed strany. D\u016frazn\u011b v\u00e1m doporu\u010dujeme, abyste si prostudovali z\u00e1sady ochrany osobn\u00edch \u00fadaj\u016f ka\u017ed\u00e9 str\u00e1nky, kterou nav\u0161t\u00edv\u00edte. Nem\u00e1me \u017e\u00e1dnou kontrolu nad obsahem, z\u00e1sadami ochrany osobn\u00edch \u00fadaj\u016f nebo postupy jak\u00fdchkoli str\u00e1nek nebo slu\u017eeb t\u0159et\u00edch stran a neneseme za n\u011b \u017e\u00e1dnou odpov\u011bdnost.<\/p>\n\n\n\n<p><strong>Kontaktujte n\u00e1s<\/strong><\/p>\n\n\n\n<p>M\u00e1te-li jak\u00e9koli dotazy t\u00fdkaj\u00edc\u00ed se t\u011bchto z\u00e1sad ochrany osobn\u00edch \u00fadaj\u016f, m\u016f\u017eete n\u00e1s kontaktovat:<\/p>\n\n\n\n<p>E-mailem:\u00a0<a href=\"mailto:support@sprunki-phase.online\">podpora@<\/a>myfemboy-roommate.com<\/p>","protected":false},"excerpt":{"rendered":"<p>Last Updated: November 21, 2024 This Privacy Policy outlines our practices and policies concerning the gathering, use, and disclosure of your Personal Data while using the Service. It also informs you about your privacy rights and legal protections. We use the Personal Data to deliver and enhance the Service. Your use of the Service implies [&hellip;]<\/p>","protected":false},"author":1,"featured_media":0,"parent":0,"menu_order":0,"comment_status":"closed","ping_status":"open","template":"","meta":{"footnotes":""},"class_list":["post-3","page","type-page","status-publish","hentry"],"_links":{"self":[{"href":"https:\/\/myfemboy-roommate.com\/homepage\/cs\/wp-json\/wp\/v2\/pages\/3","targetHints":{"allow":["GET"]}}],"collection":[{"href":"https:\/\/myfemboy-roommate.com\/homepage\/cs\/wp-json\/wp\/v2\/pages"}],"about":[{"href":"https:\/\/myfemboy-roommate.com\/homepage\/cs\/wp-json\/wp\/v2\/types\/page"}],"author":[{"embeddable":true,"href":"https:\/\/myfemboy-roommate.com\/homepage\/cs\/wp-json\/wp\/v2\/users\/1"}],"replies":[{"embeddable":true,"href":"https:\/\/myfemboy-roommate.com\/homepage\/cs\/wp-json\/wp\/v2\/comments?post=3"}],"version-history":[{"count":1,"href":"https:\/\/myfemboy-roommate.com\/homepage\/cs\/wp-json\/wp\/v2\/pages\/3\/revisions"}],"predecessor-version":[{"id":118,"href":"https:\/\/myfemboy-roommate.com\/homepage\/cs\/wp-json\/wp\/v2\/pages\/3\/revisions\/118"}],"wp:attachment":[{"href":"https:\/\/myfemboy-roommate.com\/homepage\/cs\/wp-json\/wp\/v2\/media?parent=3"}],"curies":[{"name":"wp","href":"https:\/\/api.w.org\/{rel}","templated":true}]}}