{"id":3,"date":"2024-11-11T17:44:49","date_gmt":"2024-11-11T17:44:49","guid":{"rendered":"http:\/\/box5572\/cgi\/addon_GT.cgi?s=GT::WP::Install::Cpanel+%28ghnjwzmy%29+-+127.0.0.1+%5Bnocaller%5D\/?page_id=3"},"modified":"2024-11-21T10:20:44","modified_gmt":"2024-11-21T10:20:44","slug":"privacy-policy","status":"publish","type":"page","link":"https:\/\/myfemboy-roommate.com\/homepage\/da\/privacy-policy\/","title":{"rendered":"Fortrolighedspolitik for My Femboy Roommate"},"content":{"rendered":"<p><strong>Sidst opdateret: 21. november 2024<\/strong><\/p>\n\n\n\n<p>Denne fortrolighedspolitik beskriver vores praksis og politikker vedr\u00f8rende indsamling, brug og videregivelse af dine personlige data, mens du bruger tjenesten. Den informerer dig ogs\u00e5 om dine rettigheder til beskyttelse af personlige oplysninger og juridisk beskyttelse. Vi bruger personoplysningerne til at levere og forbedre tjenesten. Din brug af tjenesten indeb\u00e6rer dit samtykke til vores indsamling og brug af dine persondata som beskrevet i denne privatlivspolitik.<\/p>\n\n\n\n<p><strong>Fortolkning og definitioner<\/strong><\/p>\n\n\n\n<p>I forbindelse med denne privatlivspolitik:<\/p>\n\n\n\n<ul class=\"wp-block-list\">\n<li><strong>Konto<\/strong>\u00a0betyder en unik konto, der er oprettet til dig for at f\u00e5 adgang til vores tjeneste eller dele af vores tjeneste.<\/li>\n\n\n\n<li><strong>Tilknyttet virksomhed<\/strong>\u00a0betyder en enhed, der kontrollerer, er kontrolleret af eller er under f\u00e6lles kontrol med en part, hvor \"kontrol\" betyder ejerskab af 50% eller mere af aktierne, kapitalinteressen eller andre v\u00e6rdipapirer, der har ret til at stemme ved valg af bestyrelsesmedlemmer eller anden ledelsesmyndighed.<\/li>\n\n\n\n<li><strong>Virksomhed<\/strong>\u00a0(ben\u00e6vnt enten \"virksomheden\", \"vi\", \"os\" eller \"vores\" i denne aftale) henviser til My Femboy Roommate, der er tilg\u00e6ngelig fra https:\/\/myfemboy-roommate.com\/.<\/li>\n\n\n\n<li><strong>Sm\u00e5kager<\/strong>\u00a0er sm\u00e5 filer, der placeres p\u00e5 din computer, mobilenhed eller enhver anden enhed af et websted, og som indeholder oplysninger om din browserhistorik p\u00e5 det p\u00e5g\u00e6ldende websted blandt dets mange anvendelser.<\/li>\n\n\n\n<li><strong>Land<\/strong>\u00a0henviser til New York, USA.<\/li>\n\n\n\n<li><strong>Enhed<\/strong>\u00a0betyder enhver enhed, der kan f\u00e5 adgang til tjenesten, f.eks. en computer, en mobiltelefon eller en digital tablet.<\/li>\n\n\n\n<li><strong>Personlige data<\/strong>\u00a0er alle oplysninger, der vedr\u00f8rer en identificeret eller identificerbar person.<\/li>\n\n\n\n<li><strong>Service<\/strong>\u00a0henviser til webstedet.<\/li>\n\n\n\n<li><strong>Tjenesteudbyder<\/strong>\u00a0betyder enhver fysisk eller juridisk person, der behandler dataene p\u00e5 vegne af virksomheden. Det henviser til tredjepartsvirksomheder eller enkeltpersoner, der er ansat af virksomheden til at lette tjenesten, til at levere tjenesten p\u00e5 vegne af virksomheden, til at udf\u00f8re tjenester relateret til tjenesten eller til at hj\u00e6lpe virksomheden med at analysere, hvordan tjenesten bruges.<\/li>\n\n\n\n<li><strong>Brugsdata<\/strong>\u00a0henviser til data, der indsamles automatisk, enten genereret af brugen af tjenesten eller fra selve tjenesteinfrastrukturen (f.eks. varigheden af et sidebes\u00f8g).<\/li>\n\n\n\n<li><strong>Hjemmeside<\/strong>\u00a0henviser til My Femboy Roommate, som er tilg\u00e6ngelig fra https:\/\/myfemboy-roommate.com\/.<\/li>\n\n\n\n<li><strong>Du<\/strong>\u00a0betyder den person, der f\u00e5r adgang til eller bruger tjenesten, eller virksomheden eller anden juridisk enhed p\u00e5 vegne af hvilken en s\u00e5dan person f\u00e5r adgang til eller bruger tjenesten, alt efter hvad der er relevant.<\/li>\n<\/ul>\n\n\n\n<p><strong>Indsamling og brug af dine personlige data<\/strong><\/p>\n\n\n\n<p><strong>Typer af indsamlede data<\/strong><\/p>\n\n\n\n<ul class=\"wp-block-list\">\n<li><strong>Personlige data<\/strong>: N\u00e5r du bruger vores tjeneste, kan vi bede dig om at give os visse personligt identificerbare oplysninger, der kan bruges til at identificere dig eller kontakte dig. Personligt identificerbare oplysninger kan omfatte, men er ikke begr\u00e6nset til:<\/li>\n\n\n\n<li><strong>Brug af data<\/strong>: Tjenesten indsamler automatisk brugsdata under brugen. Disse data kan omfatte detaljer som din enheds IP-adresse (Internet Protocol), browsertype, browserversion, de specifikke sider i vores tjeneste, du bes\u00f8ger, dato og klokkesl\u00e6t for dit bes\u00f8g, varighed brugt p\u00e5 disse sider, unikke enhedsidentifikatorer og andre diagnostiske oplysninger.<\/li>\n<\/ul>\n\n\n\n<p><strong>Brug af dine personlige data<\/strong><\/p>\n\n\n\n<p>Virksomheden kan bruge persondata til f\u00f8lgende form\u00e5l:<\/p>\n\n\n\n<ul class=\"wp-block-list\">\n<li>At levere og vedligeholde vores tjeneste, herunder at overv\u00e5ge brugen af vores tjeneste.<\/li>\n\n\n\n<li>For at administrere din konto: for at administrere din registrering som bruger af tjenesten.<\/li>\n\n\n\n<li>At give dig s\u00e6rlige tilbud, nyheder og generelle oplysninger om andre varer, tjenester og begivenheder, som vi tilbyder, der ligner dem, du allerede har k\u00f8bt eller spurgt om, medmindre du har valgt ikke at modtage s\u00e5danne oplysninger.<\/li>\n\n\n\n<li>At administrere dine anmodninger: At deltage i og administrere dine anmodninger til os.<\/li>\n\n\n\n<li>Til opfyldelse af en kontrakt: udvikling, overholdelse og gennemf\u00f8relse af k\u00f8bskontrakten for de produkter, varer eller tjenester, du har k\u00f8bt, eller af enhver anden kontrakt med os via tjenesten.<\/li>\n\n\n\n<li>Til at kontakte dig: At kontakte dig via e-mail, telefonopkald, sms eller andre tilsvarende former for elektronisk kommunikation, s\u00e5som en mobilapplikations push-meddelelser vedr\u00f8rende opdateringer eller informativ kommunikation relateret til funktionaliteter, produkter eller aftalte tjenester, herunder sikkerhedsopdateringer, n\u00e5r det er n\u00f8dvendigt eller rimeligt for deres implementering.<\/li>\n\n\n\n<li>Til virksomhedsoverdragelser: Vi kan bruge dine oplysninger til at evaluere eller gennemf\u00f8re en fusion, frasalg, omstrukturering, reorganisering, opl\u00f8sning eller andet salg eller overf\u00f8rsel af nogle eller alle vores aktiver, hvad enten det er som en igangv\u00e6rende virksomhed eller som en del af konkurs, likvidation eller lignende procedure, hvor personlige data, som vi har om vores servicebrugere, er blandt de overf\u00f8rte aktiver.<\/li>\n<\/ul>\n\n\n\n<p><strong>Vi kan dele dine personlige oplysninger i f\u00f8lgende situationer:<\/strong><\/p>\n\n\n\n<ul class=\"wp-block-list\">\n<li>I forbindelse med virksomhedsoverdragelser: Vi kan dele eller overf\u00f8re dine personlige oplysninger i forbindelse med eller under forhandlinger om enhver fusion, salg af virksomhedens aktiver, finansiering eller overtagelse af hele eller en del af vores virksomhed til en anden virksomhed.<\/li>\n\n\n\n<li>Med tilknyttede virksomheder: Vi kan dele dine oplysninger med vores datterselskaber, i hvilket tilf\u00e6lde vi vil kr\u00e6ve, at disse datterselskaber overholder denne fortrolighedspolitik.<\/li>\n\n\n\n<li>Med tjenesteudbydere: Vi kan dele dine personlige oplysninger med tjenesteudbydere for at overv\u00e5ge og analysere brugen af vores tjeneste, for at kontakte dig.<\/li>\n\n\n\n<li>Med forretningspartnere: Vi kan dele dine oplysninger med vores forretningspartnere for at tilbyde dig visse produkter, tjenester eller kampagner.<\/li>\n\n\n\n<li>Med andre brugere: N\u00e5r du deler personlige oplysninger eller p\u00e5 anden m\u00e5de interagerer i de offentlige omr\u00e5der med andre brugere, kan s\u00e5danne oplysninger ses af alle brugere og kan distribueres offentligt udenfor.<\/li>\n\n\n\n<li>Med dit samtykke: Vi kan videregive dine personlige oplysninger til ethvert andet form\u00e5l med dit samtykke.<\/li>\n<\/ul>\n\n\n\n<p><strong>Sporingsteknologier og cookies<\/strong><\/p>\n\n\n\n<p>Vi bruger cookies og lignende sporingsteknologier til at spore aktiviteten p\u00e5 vores tjeneste og gemme visse oplysninger. Sporingsteknologier, der bruges, er beacons, tags og scripts til at indsamle og spore oplysninger og til at forbedre og analysere vores tjeneste.<\/p>\n\n\n\n<p><strong>Opbevaring af dine personlige data<\/strong><\/p>\n\n\n\n<p>Virksomheden opbevarer kun dine personlige data, s\u00e5 l\u00e6nge det er n\u00f8dvendigt til de form\u00e5l, der er beskrevet i denne fortrolighedspolitik. Vi opbevarer og bruger dine persondata i det omfang, det er n\u00f8dvendigt for at overholde vores juridiske forpligtelser, l\u00f8se tvister og h\u00e5ndh\u00e6ve vores juridiske aftaler og politikker.<\/p>\n\n\n\n<p><strong>Overf\u00f8rsel af dine personlige data<\/strong><\/p>\n\n\n\n<p>Dine oplysninger, herunder personoplysninger, behandles p\u00e5 virksomhedens driftskontorer og andre steder, hvor de parter, der er involveret i behandlingen, er placeret. Det betyder, at disse oplysninger kan overf\u00f8res til - og vedligeholdes p\u00e5 - computere, der er placeret uden for din stat, provins, land eller anden statslig jurisdiktion, hvor databeskyttelseslovene kan v\u00e6re forskellige fra dem i din jurisdiktion.<\/p>\n\n\n\n<p><strong>Sletning af dine personlige data<\/strong><\/p>\n\n\n\n<p>Du har ret til at fjerne eller bede om hj\u00e6lp til at fjerne de persondata, vi har indsamlet om dig. Gennem vores tjeneste kan du have mulighed for at slette specifikke oplysninger om dig selv. Du kan \u00e6ndre, revidere eller slette dine oplysninger n\u00e5r som helst ved at g\u00e5 ind p\u00e5 din konto, hvis det er relevant, og navigere til omr\u00e5det for kontoindstillinger, der er beregnet til at administrere dine personlige oplysninger. Alternativt kan du kontakte os for at anmode om adgang, rettelse eller sletning af personlige oplysninger, du har delt med os.<\/p>\n\n\n\n<p><strong>Videregivelse af dine personlige data<\/strong><\/p>\n\n\n\n<ul class=\"wp-block-list\">\n<li>Forretningstransaktioner: Hvis virksomheden er involveret i en fusion, et opk\u00f8b eller et salg af aktiver, kan dine personoplysninger blive overf\u00f8rt. Vi vil give besked, f\u00f8r dine personlige data overf\u00f8res og bliver underlagt en anden privatlivspolitik.<\/li>\n\n\n\n<li>Retsh\u00e5ndh\u00e6velse: Under visse omst\u00e6ndigheder kan virksomheden v\u00e6re forpligtet til at videregive dine personlige data, hvis det kr\u00e6ves ved lov eller som svar p\u00e5 gyldige anmodninger fra offentlige myndigheder (f.eks. en domstol eller et regeringsorgan).<\/li>\n<\/ul>\n\n\n\n<p><strong>Sikkerhed for dine personlige data<\/strong><\/p>\n\n\n\n<p>Sikkerheden af dine personlige data er vigtig for os, men husk, at ingen metode til transmission over internettet eller metode til elektronisk lagring er 100% sikker. Selvom vi bestr\u00e6ber os p\u00e5 at bruge kommercielt acceptable midler til at beskytte dine personlige data, kan vi ikke garantere deres absolutte sikkerhed.<\/p>\n\n\n\n<p><strong>B\u00f8rns privatliv<\/strong><\/p>\n\n\n\n<p>Vores tjeneste henvender sig ikke til personer under 13 \u00e5r. Vi indsamler ikke bevidst personligt identificerbare oplysninger fra nogen under 13 \u00e5r. Hvis du er for\u00e6lder eller v\u00e6rge, og du er klar over, at dit barn har givet os personlige data, bedes du kontakte os. Hvis vi bliver opm\u00e6rksomme p\u00e5, at vi har indsamlet persondata fra nogen under 13 \u00e5r uden bekr\u00e6ftelse af for\u00e6ldrenes samtykke, tager vi skridt til at fjerne disse oplysninger fra vores servere.<\/p>\n\n\n\n<p><strong>\u00c6ndringer af denne privatlivspolitik<\/strong><\/p>\n\n\n\n<p>Vi kan opdatere vores privatlivspolitik fra tid til anden. Vi vil underrette dig om eventuelle \u00e6ndringer ved at offentligg\u00f8re den nye privatlivspolitik p\u00e5 denne side. Vi giver dig besked via e-mail og\/eller en fremtr\u00e6dende meddelelse p\u00e5 vores tjeneste, inden \u00e6ndringen tr\u00e6der i kraft, og opdaterer datoen for \"Sidst opdateret\" \u00f8verst i denne privatlivspolitik.<\/p>\n\n\n\n<p><strong>Links til andre hjemmesider<\/strong><\/p>\n\n\n\n<p>Vores tjeneste kan indeholde links til andre websteder, der ikke drives af os. Hvis du klikker p\u00e5 et tredjepartslink, vil du blive sendt til den p\u00e5g\u00e6ldende tredjeparts websted. Vi anbefaler p\u00e5 det kraftigste, at du gennemg\u00e5r fortrolighedspolitikken for hvert websted, du bes\u00f8ger. Vi har ingen kontrol over og p\u00e5tager os intet ansvar for indhold, privatlivspolitikker eller praksis p\u00e5 tredjepartswebsteder eller -tjenester.<\/p>\n\n\n\n<p><strong>Kontakt os<\/strong><\/p>\n\n\n\n<p>Hvis du har sp\u00f8rgsm\u00e5l til denne privatlivspolitik, kan du kontakte os:<\/p>\n\n\n\n<p>Via e-mail:\u00a0<a href=\"mailto:support@sprunki-phase.online\">support@<\/a>myfemboy-roommate.com<\/p>","protected":false},"excerpt":{"rendered":"<p>Last Updated: November 21, 2024 This Privacy Policy outlines our practices and policies concerning the gathering, use, and disclosure of your Personal Data while using the Service. It also informs you about your privacy rights and legal protections. We use the Personal Data to deliver and enhance the Service. Your use of the Service implies [&hellip;]<\/p>","protected":false},"author":1,"featured_media":0,"parent":0,"menu_order":0,"comment_status":"closed","ping_status":"open","template":"","meta":{"footnotes":""},"class_list":["post-3","page","type-page","status-publish","hentry"],"_links":{"self":[{"href":"https:\/\/myfemboy-roommate.com\/homepage\/da\/wp-json\/wp\/v2\/pages\/3","targetHints":{"allow":["GET"]}}],"collection":[{"href":"https:\/\/myfemboy-roommate.com\/homepage\/da\/wp-json\/wp\/v2\/pages"}],"about":[{"href":"https:\/\/myfemboy-roommate.com\/homepage\/da\/wp-json\/wp\/v2\/types\/page"}],"author":[{"embeddable":true,"href":"https:\/\/myfemboy-roommate.com\/homepage\/da\/wp-json\/wp\/v2\/users\/1"}],"replies":[{"embeddable":true,"href":"https:\/\/myfemboy-roommate.com\/homepage\/da\/wp-json\/wp\/v2\/comments?post=3"}],"version-history":[{"count":1,"href":"https:\/\/myfemboy-roommate.com\/homepage\/da\/wp-json\/wp\/v2\/pages\/3\/revisions"}],"predecessor-version":[{"id":118,"href":"https:\/\/myfemboy-roommate.com\/homepage\/da\/wp-json\/wp\/v2\/pages\/3\/revisions\/118"}],"wp:attachment":[{"href":"https:\/\/myfemboy-roommate.com\/homepage\/da\/wp-json\/wp\/v2\/media?parent=3"}],"curies":[{"name":"wp","href":"https:\/\/api.w.org\/{rel}","templated":true}]}}