{"id":3,"date":"2024-11-11T17:44:49","date_gmt":"2024-11-11T17:44:49","guid":{"rendered":"http:\/\/box5572\/cgi\/addon_GT.cgi?s=GT::WP::Install::Cpanel+%28ghnjwzmy%29+-+127.0.0.1+%5Bnocaller%5D\/?page_id=3"},"modified":"2024-11-21T10:20:44","modified_gmt":"2024-11-21T10:20:44","slug":"privacy-policy","status":"publish","type":"page","link":"https:\/\/myfemboy-roommate.com\/homepage\/de\/privacy-policy\/","title":{"rendered":"Datenschutzrichtlinie f\u00fcr My Femboy Roommate"},"content":{"rendered":"<p><strong>Zuletzt aktualisiert: November 21, 2024<\/strong><\/p>\n\n\n\n<p>Diese Datenschutzrichtlinie beschreibt unsere Praktiken und Richtlinien bez\u00fcglich der Erfassung, Verwendung und Offenlegung Ihrer pers\u00f6nlichen Daten w\u00e4hrend der Nutzung des Dienstes. Sie informiert Sie auch \u00fcber Ihre Datenschutzrechte und den gesetzlichen Schutz. Wir verwenden die personenbezogenen Daten zur Bereitstellung und Verbesserung des Dienstes. Mit der Nutzung des Dienstes erkl\u00e4ren Sie sich mit der Erfassung und Nutzung Ihrer personenbezogenen Daten gem\u00e4\u00df dieser Datenschutzrichtlinie einverstanden.<\/p>\n\n\n\n<p><strong>Auslegung und Definitionen<\/strong><\/p>\n\n\n\n<p>F\u00fcr die Zwecke dieser Datenschutzrichtlinie:<\/p>\n\n\n\n<ul class=\"wp-block-list\">\n<li><strong>Konto<\/strong>\u00a0bedeutet ein einzigartiges Konto, das f\u00fcr Sie erstellt wurde, um auf unseren Service oder Teile davon zuzugreifen.<\/li>\n\n\n\n<li><strong>Tochtergesellschaft<\/strong>\u00a0bedeutet ein Unternehmen, das eine Partei beherrscht, von ihr beherrscht wird oder mit ihr unter gemeinsamer Beherrschung steht, wobei \"Beherrschung\" den Besitz von 50% oder mehr der Aktien, Kapitalanteile oder anderen Wertpapiere bedeutet, die zur Wahl von Direktoren oder anderen leitenden Angestellten berechtigt sind.<\/li>\n\n\n\n<li><strong>Unternehmen<\/strong>\u00a0(in dieser Vereinbarung entweder als \"das Unternehmen\", \"wir\", \"uns\" oder \"unser\" bezeichnet) bezieht sich auf My Femboy Roommate, das \u00fcber https:\/\/myfemboy-roommate.com\/ zug\u00e4nglich ist.<\/li>\n\n\n\n<li><strong>Cookies<\/strong>\u00a0sind kleine Dateien, die von einer Website auf Ihrem Computer, Ihrem Mobilger\u00e4t oder einem anderen Ger\u00e4t gespeichert werden und unter anderem die Details Ihres Browserverlaufs auf dieser Website enthalten.<\/li>\n\n\n\n<li><strong>Land<\/strong>\u00a0bezieht sich auf New York, USA.<\/li>\n\n\n\n<li><strong>Ger\u00e4t<\/strong>\u00a0ist jedes Ger\u00e4t, das auf den Dienst zugreifen kann, wie z. B. ein Computer, ein Mobiltelefon oder ein digitales Tablet.<\/li>\n\n\n\n<li><strong>Pers\u00f6nliche Daten<\/strong>\u00a0ist jede Information, die sich auf eine identifizierte oder identifizierbare Person bezieht.<\/li>\n\n\n\n<li><strong>Dienst<\/strong>\u00a0bezieht sich auf die Website.<\/li>\n\n\n\n<li><strong>Dienstanbieter<\/strong>\u00a0bezeichnet jede nat\u00fcrliche oder juristische Person, die die Daten im Auftrag des Unternehmens verarbeitet. Er bezieht sich auf Drittunternehmen oder Einzelpersonen, die von der Gesellschaft angestellt sind, um den Dienst zu erleichtern, den Dienst im Namen der Gesellschaft bereitzustellen, Dienstleistungen im Zusammenhang mit dem Dienst zu erbringen oder die Gesellschaft bei der Analyse der Nutzung des Dienstes zu unterst\u00fctzen.<\/li>\n\n\n\n<li><strong>Verwendungsdaten<\/strong>\u00a0bezieht sich auf automatisch erfasste Daten, die entweder durch die Nutzung des Dienstes oder durch die Infrastruktur des Dienstes selbst erzeugt werden (z. B. die Dauer eines Seitenbesuchs).<\/li>\n\n\n\n<li><strong>Website<\/strong>\u00a0bezieht sich auf My Femboy Roommate, zug\u00e4nglich \u00fcber https:\/\/myfemboy-roommate.com\/.<\/li>\n\n\n\n<li><strong>Sie<\/strong>\u00a0bezeichnet die Person, die auf den Dienst zugreift oder ihn nutzt, bzw. das Unternehmen oder eine andere juristische Person, in deren Namen eine solche Person auf den Dienst zugreift oder ihn nutzt, je nach Fall.<\/li>\n<\/ul>\n\n\n\n<p><strong>Erfassung und Verwendung Ihrer pers\u00f6nlichen Daten<\/strong><\/p>\n\n\n\n<p><strong>Arten von gesammelten Daten<\/strong><\/p>\n\n\n\n<ul class=\"wp-block-list\">\n<li><strong>Pers\u00f6nliche Daten<\/strong>: W\u00e4hrend der Nutzung unseres Dienstes k\u00f6nnen wir Sie bitten, uns bestimmte personenbezogene Daten mitzuteilen, die dazu verwendet werden k\u00f6nnen, Sie zu identifizieren oder Sie zu kontaktieren. Pers\u00f6nlich identifizierbare Informationen k\u00f6nnen unter anderem sein:<\/li>\n\n\n\n<li><strong>Datenverwendung<\/strong>: Der Dienst erhebt w\u00e4hrend seiner Nutzung automatisch Nutzungsdaten. Diese Daten k\u00f6nnen Details wie die Internetprotokolladresse (IP) Ihres Ger\u00e4ts, den Browsertyp, die Browserversion, die von Ihnen besuchten Seiten unseres Dienstes, das Datum und die Uhrzeit Ihres Besuchs, die auf diesen Seiten verbrachte Zeit, eindeutige Ger\u00e4tekennungen und andere diagnostische Informationen umfassen.<\/li>\n<\/ul>\n\n\n\n<p><strong>Verwendung Ihrer pers\u00f6nlichen Daten<\/strong><\/p>\n\n\n\n<p>Das Unternehmen kann personenbezogene Daten f\u00fcr die folgenden Zwecke verwenden:<\/p>\n\n\n\n<ul class=\"wp-block-list\">\n<li>Zur Bereitstellung und Wartung unseres Dienstes, einschlie\u00dflich der \u00dcberwachung der Nutzung unseres Dienstes.<\/li>\n\n\n\n<li>Um Ihr Konto zu verwalten: um Ihre Registrierung als Nutzer des Dienstes zu verwalten.<\/li>\n\n\n\n<li>Um Ihnen Sonderangebote, Neuigkeiten und allgemeine Informationen \u00fcber andere von uns angebotene Waren, Dienstleistungen und Veranstaltungen zukommen zu lassen, die denen \u00e4hneln, die Sie bereits gekauft oder angefragt haben, es sei denn, Sie haben sich dagegen entschieden, solche Informationen zu erhalten.<\/li>\n\n\n\n<li>Um Ihre Anfragen zu verwalten: Zur Bearbeitung und Verwaltung Ihrer Anfragen an uns.<\/li>\n\n\n\n<li>F\u00fcr die Erf\u00fcllung eines Vertrags: die Entwicklung, Einhaltung und Durchf\u00fchrung des Kaufvertrags f\u00fcr die Produkte, Artikel oder Dienstleistungen, die Sie gekauft haben, oder eines anderen Vertrags mit uns \u00fcber den Dienst.<\/li>\n\n\n\n<li>Um Sie zu kontaktieren: Um Sie per E-Mail, Telefonanrufe, SMS oder andere gleichwertige Formen der elektronischen Kommunikation zu kontaktieren, wie z. B. Push-Benachrichtigungen einer mobilen Anwendung in Bezug auf Aktualisierungen oder informative Mitteilungen im Zusammenhang mit den Funktionen, Produkten oder vertraglich vereinbarten Diensten, einschlie\u00dflich der Sicherheitsaktualisierungen, wenn dies f\u00fcr ihre Durchf\u00fchrung notwendig oder angemessen ist.<\/li>\n\n\n\n<li>F\u00fcr Unternehmens\u00fcbertragungen: Wir k\u00f6nnen Ihre Daten verwenden, um eine Fusion, Ver\u00e4u\u00dferung, Umstrukturierung, Reorganisation, Aufl\u00f6sung oder einen anderen Verkauf oder eine \u00dcbertragung einiger oder aller unserer Verm\u00f6genswerte zu bewerten oder durchzuf\u00fchren, sei es als laufender Betrieb oder als Teil eines Konkurses, einer Liquidation oder eines \u00e4hnlichen Verfahrens, bei dem pers\u00f6nliche Daten, die wir \u00fcber unsere Dienstnutzer besitzen, zu den \u00fcbertragenen Verm\u00f6genswerten geh\u00f6ren.<\/li>\n<\/ul>\n\n\n\n<p><strong>Wir k\u00f6nnen Ihre personenbezogenen Daten in den folgenden Situationen weitergeben:<\/strong><\/p>\n\n\n\n<ul class=\"wp-block-list\">\n<li>F\u00fcr Gesch\u00e4fts\u00fcbertragungen: Wir k\u00f6nnen Ihre pers\u00f6nlichen Daten in Verbindung mit oder w\u00e4hrend der Verhandlungen \u00fcber eine Fusion, den Verkauf von Unternehmensverm\u00f6gen, eine Finanzierung oder die \u00dcbernahme unseres gesamten oder eines Teils unseres Unternehmens durch ein anderes Unternehmen weitergeben oder \u00fcbertragen.<\/li>\n\n\n\n<li>Mit verbundenen Unternehmen: Wir k\u00f6nnen Ihre Daten an unsere Tochtergesellschaften weitergeben; in diesem Fall verlangen wir von diesen Tochtergesellschaften die Einhaltung dieser Datenschutzrichtlinie.<\/li>\n\n\n\n<li>Mit Dienstanbietern: Wir k\u00f6nnen Ihre pers\u00f6nlichen Daten mit Dienstanbietern teilen, um die Nutzung unseres Dienstes zu \u00fcberwachen und zu analysieren und um Sie zu kontaktieren.<\/li>\n\n\n\n<li>Mit Gesch\u00e4ftspartnern: Wir k\u00f6nnen Ihre Informationen an unsere Gesch\u00e4ftspartner weitergeben, um Ihnen bestimmte Produkte, Dienstleistungen oder Werbeaktionen anzubieten.<\/li>\n\n\n\n<li>Mit anderen Nutzern: Wenn Sie pers\u00f6nliche Informationen weitergeben oder auf andere Weise in den \u00f6ffentlichen Bereichen mit anderen Nutzern interagieren, k\u00f6nnen diese Informationen von allen Nutzern eingesehen und \u00f6ffentlich nach au\u00dfen verbreitet werden.<\/li>\n\n\n\n<li>Mit Ihrem Einverst\u00e4ndnis: Mit Ihrem Einverst\u00e4ndnis k\u00f6nnen wir Ihre pers\u00f6nlichen Daten f\u00fcr jeden anderen Zweck offenlegen.<\/li>\n<\/ul>\n\n\n\n<p><strong>Tracking-Technologien und Cookies<\/strong><\/p>\n\n\n\n<p>Wir verwenden Cookies und \u00e4hnliche Tracking-Technologien, um die Aktivit\u00e4ten auf Unserem Dienst zu verfolgen und bestimmte Informationen zu speichern. Als Tracking-Technologien werden Beacons, Tags und Skripte verwendet, um Informationen zu sammeln und zu verfolgen und um unseren Dienst zu verbessern und zu analysieren.<\/p>\n\n\n\n<p><strong>Aufbewahrung Ihrer pers\u00f6nlichen Daten<\/strong><\/p>\n\n\n\n<p>Das Unternehmen wird Ihre pers\u00f6nlichen Daten nur so lange aufbewahren, wie es f\u00fcr die in dieser Datenschutzrichtlinie genannten Zwecke erforderlich ist. Wir werden Ihre pers\u00f6nlichen Daten in dem Umfang aufbewahren und verwenden, der notwendig ist, um unseren rechtlichen Verpflichtungen nachzukommen, Streitigkeiten beizulegen und unsere rechtlichen Vereinbarungen und Richtlinien durchzusetzen.<\/p>\n\n\n\n<p><strong>\u00dcbermittlung Ihrer pers\u00f6nlichen Daten<\/strong><\/p>\n\n\n\n<p>Ihre Informationen, einschlie\u00dflich personenbezogener Daten, werden in den Betriebsb\u00fcros des Unternehmens und an anderen Orten verarbeitet, an denen sich die an der Verarbeitung beteiligten Parteien befinden. Das bedeutet, dass diese Informationen an Computer au\u00dferhalb Ihres Staates, Ihrer Provinz, Ihres Landes oder einer anderen staatlichen Gerichtsbarkeit, in der andere Datenschutzgesetze als in Ihrer Gerichtsbarkeit gelten, \u00fcbertragen und dort gespeichert werden k\u00f6nnen.<\/p>\n\n\n\n<p><strong>L\u00f6schung Ihrer pers\u00f6nlichen Daten<\/strong><\/p>\n\n\n\n<p>Sie haben das Recht, pers\u00f6nliche Daten, die wir \u00fcber Sie gesammelt haben, zu l\u00f6schen oder um Unterst\u00fctzung bei der L\u00f6schung zu bitten. \u00dcber unseren Dienst haben Sie m\u00f6glicherweise die M\u00f6glichkeit, bestimmte Informationen \u00fcber sich selbst zu l\u00f6schen. Sie k\u00f6nnen Ihre Daten jederzeit \u00e4ndern, \u00fcberarbeiten oder l\u00f6schen, indem Sie auf Ihr Konto zugreifen (falls zutreffend) und zum Bereich der Kontoeinstellungen navigieren, der f\u00fcr die Verwaltung Ihrer pers\u00f6nlichen Daten vorgesehen ist. Sie k\u00f6nnen sich auch an uns wenden, um Zugang zu den von Ihnen bereitgestellten personenbezogenen Daten zu erhalten, diese zu korrigieren oder zu l\u00f6schen.<\/p>\n\n\n\n<p><strong>Offenlegung Ihrer pers\u00f6nlichen Daten<\/strong><\/p>\n\n\n\n<ul class=\"wp-block-list\">\n<li>Gesch\u00e4ftstransaktionen: Wenn das Unternehmen an einer Fusion, einer \u00dcbernahme oder einem Verkauf von Verm\u00f6genswerten beteiligt ist, k\u00f6nnen Ihre pers\u00f6nlichen Daten \u00fcbertragen werden. Wir werden Sie dar\u00fcber informieren, bevor Ihre pers\u00f6nlichen Daten \u00fcbertragen werden und einer anderen Datenschutzrichtlinie unterliegen.<\/li>\n\n\n\n<li>Strafverfolgung: Unter bestimmten Umst\u00e4nden kann das Unternehmen verpflichtet sein, Ihre pers\u00f6nlichen Daten offenzulegen, wenn dies gesetzlich vorgeschrieben ist oder als Reaktion auf berechtigte Anfragen von Beh\u00f6rden (z. B. einem Gericht oder einer Regierungsbeh\u00f6rde).<\/li>\n<\/ul>\n\n\n\n<p><strong>Sicherheit Ihrer pers\u00f6nlichen Daten<\/strong><\/p>\n\n\n\n<p>Die Sicherheit Ihrer pers\u00f6nlichen Daten ist uns wichtig, aber denken Sie daran, dass keine Methode der \u00dcbertragung \u00fcber das Internet oder der elektronischen Speicherung 100% sicher ist. Wir bem\u00fchen uns zwar, Ihre pers\u00f6nlichen Daten mit kommerziell akzeptablen Mitteln zu sch\u00fctzen, k\u00f6nnen aber keine absolute Sicherheit garantieren.<\/p>\n\n\n\n<p><strong>Datenschutz f\u00fcr Kinder<\/strong><\/p>\n\n\n\n<p>Unser Service richtet sich nicht an Personen unter 13 Jahren. Wir sammeln nicht wissentlich personenbezogene Daten von Personen unter 13 Jahren. Wenn Sie ein Elternteil oder Erziehungsberechtigter sind und wissen, dass Ihr Kind uns personenbezogene Daten zur Verf\u00fcgung gestellt hat, kontaktieren Sie uns bitte. Wenn wir erfahren, dass wir personenbezogene Daten von Personen unter 13 Jahren ohne \u00dcberpr\u00fcfung der elterlichen Zustimmung erfasst haben, ergreifen wir Ma\u00dfnahmen, um diese Informationen von unseren Servern zu entfernen.<\/p>\n\n\n\n<p><strong>\u00c4nderungen an dieser Datenschutzrichtlinie<\/strong><\/p>\n\n\n\n<p>Wir k\u00f6nnen unsere Datenschutzrichtlinie von Zeit zu Zeit aktualisieren. Wir werden Sie \u00fcber alle \u00c4nderungen informieren, indem wir die neue Datenschutzrichtlinie auf dieser Seite ver\u00f6ffentlichen. Wir informieren Sie per E-Mail und\/oder durch einen auff\u00e4lligen Hinweis in unserem Service, bevor die \u00c4nderung in Kraft tritt, und aktualisieren das Datum \"Letzte Aktualisierung\" am Anfang dieser Datenschutzrichtlinie.<\/p>\n\n\n\n<p><strong>Links zu anderen Websites<\/strong><\/p>\n\n\n\n<p>Unser Service kann Links zu anderen Websites enthalten, die nicht von uns betrieben werden. Wenn Sie auf einen Link einer dritten Partei klicken, werden Sie auf die Seite dieser dritten Partei weitergeleitet. Wir empfehlen Ihnen dringend, die Datenschutzrichtlinien jeder von Ihnen besuchten Website zu lesen. Wir haben keine Kontrolle \u00fcber und \u00fcbernehmen keine Verantwortung f\u00fcr den Inhalt, die Datenschutzrichtlinien oder die Praktiken von Websites oder Diensten Dritter.<\/p>\n\n\n\n<p><strong>Kontakt<\/strong><\/p>\n\n\n\n<p>Wenn Sie Fragen zu dieser Datenschutzrichtlinie haben, k\u00f6nnen Sie uns kontaktieren:<\/p>\n\n\n\n<p>Per E-Mail:\u00a0<a href=\"mailto:support@sprunki-phase.online\">Unterst\u00fctzung@<\/a>myfemboy-roommate.com<\/p>","protected":false},"excerpt":{"rendered":"<p>Zuletzt aktualisiert: 21. November 2024 Diese Datenschutzrichtlinie beschreibt unsere Praktiken und Richtlinien bez\u00fcglich der Erfassung, Verwendung und Offenlegung Ihrer pers\u00f6nlichen Daten bei der Nutzung des Dienstes. Sie informiert Sie auch \u00fcber Ihre Datenschutzrechte und den gesetzlichen Schutz. Wir verwenden die personenbezogenen Daten zur Bereitstellung und Verbesserung des Dienstes. Ihre Nutzung des Dienstes impliziert [...]<\/p>","protected":false},"author":1,"featured_media":0,"parent":0,"menu_order":0,"comment_status":"closed","ping_status":"open","template":"","meta":{"footnotes":""},"class_list":["post-3","page","type-page","status-publish","hentry"],"_links":{"self":[{"href":"https:\/\/myfemboy-roommate.com\/homepage\/de\/wp-json\/wp\/v2\/pages\/3","targetHints":{"allow":["GET"]}}],"collection":[{"href":"https:\/\/myfemboy-roommate.com\/homepage\/de\/wp-json\/wp\/v2\/pages"}],"about":[{"href":"https:\/\/myfemboy-roommate.com\/homepage\/de\/wp-json\/wp\/v2\/types\/page"}],"author":[{"embeddable":true,"href":"https:\/\/myfemboy-roommate.com\/homepage\/de\/wp-json\/wp\/v2\/users\/1"}],"replies":[{"embeddable":true,"href":"https:\/\/myfemboy-roommate.com\/homepage\/de\/wp-json\/wp\/v2\/comments?post=3"}],"version-history":[{"count":1,"href":"https:\/\/myfemboy-roommate.com\/homepage\/de\/wp-json\/wp\/v2\/pages\/3\/revisions"}],"predecessor-version":[{"id":118,"href":"https:\/\/myfemboy-roommate.com\/homepage\/de\/wp-json\/wp\/v2\/pages\/3\/revisions\/118"}],"wp:attachment":[{"href":"https:\/\/myfemboy-roommate.com\/homepage\/de\/wp-json\/wp\/v2\/media?parent=3"}],"curies":[{"name":"wp","href":"https:\/\/api.w.org\/{rel}","templated":true}]}}