{"id":3,"date":"2024-11-11T17:44:49","date_gmt":"2024-11-11T17:44:49","guid":{"rendered":"http:\/\/box5572\/cgi\/addon_GT.cgi?s=GT::WP::Install::Cpanel+%28ghnjwzmy%29+-+127.0.0.1+%5Bnocaller%5D\/?page_id=3"},"modified":"2024-11-21T10:20:44","modified_gmt":"2024-11-21T10:20:44","slug":"privacy-policy","status":"publish","type":"page","link":"https:\/\/myfemboy-roommate.com\/homepage\/fr\/privacy-policy\/","title":{"rendered":"Politique de confidentialit\u00e9 pour My Femboy Roommate"},"content":{"rendered":"<p><strong>Derni\u00e8re mise \u00e0 jour : 21 novembre 2024<\/strong><\/p>\n\n\n\n<p>La pr\u00e9sente politique de confidentialit\u00e9 d\u00e9crit nos pratiques et politiques concernant la collecte, l'utilisation et la divulgation de vos donn\u00e9es \u00e0 caract\u00e8re personnel lors de l'utilisation du service. Elle vous informe \u00e9galement de vos droits en mati\u00e8re de protection de la vie priv\u00e9e et de vos protections juridiques. Nous utilisons les donn\u00e9es personnelles pour fournir et am\u00e9liorer le service. Votre utilisation du service implique votre consentement \u00e0 la collecte et \u00e0 l'utilisation de vos donn\u00e9es personnelles comme indiqu\u00e9 dans la pr\u00e9sente politique de confidentialit\u00e9.<\/p>\n\n\n\n<p><strong>Interpr\u00e9tation et d\u00e9finitions<\/strong><\/p>\n\n\n\n<p>Aux fins de la pr\u00e9sente politique de confidentialit\u00e9 :<\/p>\n\n\n\n<ul class=\"wp-block-list\">\n<li><strong>Compte<\/strong>\u00a0d\u00e9signe un compte unique cr\u00e9\u00e9 pour vous afin d'acc\u00e9der \u00e0 notre service ou \u00e0 des parties de notre service.<\/li>\n\n\n\n<li><strong>Affiliation<\/strong>\u00a0d\u00e9signe une entit\u00e9 qui contr\u00f4le, est contr\u00f4l\u00e9e par ou est sous contr\u00f4le commun avec une partie, le terme \"contr\u00f4le\" d\u00e9signant la propri\u00e9t\u00e9 d'au moins 50% des actions, participations ou autres titres donnant droit \u00e0 un vote pour l'\u00e9lection des administrateurs ou d'autres responsables de la gestion.<\/li>\n\n\n\n<li><strong>Entreprise<\/strong>\u00a0(d\u00e9nomm\u00e9e \"la soci\u00e9t\u00e9\", \"nous\", \"notre\" ou \"nos\" dans le pr\u00e9sent accord) se r\u00e9f\u00e8re \u00e0 My Femboy Roommate, accessible \u00e0 partir de https:\/\/myfemboy-roommate.com\/.<\/li>\n\n\n\n<li><strong>Cookies<\/strong>\u00a0sont de petits fichiers plac\u00e9s sur votre ordinateur, votre appareil mobile ou tout autre appareil par un site web, contenant les d\u00e9tails de votre historique de navigation sur ce site web parmi ses nombreuses utilisations.<\/li>\n\n\n\n<li><strong>Pays<\/strong>\u00a0fait r\u00e9f\u00e9rence \u00e0 New York, \u00c9tats-Unis.<\/li>\n\n\n\n<li><strong>Dispositif<\/strong>\u00a0d\u00e9signe tout appareil pouvant acc\u00e9der au Service, tel qu'un ordinateur, un t\u00e9l\u00e9phone portable ou une tablette num\u00e9rique.<\/li>\n\n\n\n<li><strong>Donn\u00e9es personnelles<\/strong>\u00a0est toute information qui se rapporte \u00e0 une personne identifi\u00e9e ou identifiable.<\/li>\n\n\n\n<li><strong>Service<\/strong>\u00a0fait r\u00e9f\u00e9rence au site web.<\/li>\n\n\n\n<li><strong>Prestataire de services<\/strong>\u00a0d\u00e9signe toute personne physique ou morale qui traite les donn\u00e9es pour le compte de la Soci\u00e9t\u00e9. Il s'agit de soci\u00e9t\u00e9s tierces ou de personnes employ\u00e9es par la soci\u00e9t\u00e9 pour faciliter le service, pour fournir le service au nom de la soci\u00e9t\u00e9, pour fournir des services li\u00e9s au service ou pour aider la soci\u00e9t\u00e9 \u00e0 analyser la mani\u00e8re dont le service est utilis\u00e9.<\/li>\n\n\n\n<li><strong>Donn\u00e9es d'utilisation<\/strong>\u00a0se r\u00e9f\u00e8re aux donn\u00e9es collect\u00e9es automatiquement, soit g\u00e9n\u00e9r\u00e9es par l'utilisation du service, soit provenant de l'infrastructure du service elle-m\u00eame (par exemple, la dur\u00e9e de la visite d'une page).<\/li>\n\n\n\n<li><strong>Site web<\/strong>\u00a0renvoie \u00e0 My Femboy Roommate, accessible \u00e0 partir de https:\/\/myfemboy-roommate.com\/.<\/li>\n\n\n\n<li><strong>Vous<\/strong>\u00a0d\u00e9signe la personne qui acc\u00e8de au service ou l'utilise, ou la soci\u00e9t\u00e9 ou autre entit\u00e9 juridique au nom de laquelle cette personne acc\u00e8de au service ou l'utilise, selon le cas.<\/li>\n<\/ul>\n\n\n\n<p><strong>Collecte et utilisation de vos donn\u00e9es personnelles<\/strong><\/p>\n\n\n\n<p><strong>Types de donn\u00e9es collect\u00e9es<\/strong><\/p>\n\n\n\n<ul class=\"wp-block-list\">\n<li><strong>Donn\u00e9es personnelles<\/strong>: Lors de l'utilisation de notre service, nous pouvons vous demander de nous fournir certaines informations personnellement identifiables qui peuvent \u00eatre utilis\u00e9es pour vous identifier ou vous contacter. Les informations personnellement identifiables peuvent inclure, mais ne sont pas limit\u00e9es \u00e0 :<\/li>\n\n\n\n<li><strong>Utilisation des donn\u00e9es<\/strong>: Le service recueille automatiquement des donn\u00e9es d'utilisation au cours de son utilisation. Ces donn\u00e9es peuvent comprendre des d\u00e9tails tels que l'adresse IP (Internet Protocol) de votre appareil, le type de navigateur, la version du navigateur, les pages sp\u00e9cifiques de notre service que vous visitez, la date et l'heure de votre visite, le temps pass\u00e9 sur ces pages, les identifiants uniques de l'appareil et d'autres informations de diagnostic.<\/li>\n<\/ul>\n\n\n\n<p><strong>Utilisation de vos donn\u00e9es personnelles<\/strong><\/p>\n\n\n\n<p>La soci\u00e9t\u00e9 peut utiliser les donn\u00e9es personnelles aux fins suivantes :<\/p>\n\n\n\n<ul class=\"wp-block-list\">\n<li>Fournir et maintenir notre service, y compris pour contr\u00f4ler l'utilisation de notre service.<\/li>\n\n\n\n<li>Pour g\u00e9rer votre compte : pour g\u00e9rer votre inscription en tant qu'utilisateur du service.<\/li>\n\n\n\n<li>Vous fournir des offres sp\u00e9ciales, des nouvelles et des informations g\u00e9n\u00e9rales sur d'autres biens, services et \u00e9v\u00e9nements que nous proposons et qui sont similaires \u00e0 ceux que vous avez d\u00e9j\u00e0 achet\u00e9s ou sur lesquels vous vous \u00eates renseign\u00e9, \u00e0 moins que vous n'ayez choisi de ne pas recevoir ces informations.<\/li>\n\n\n\n<li>G\u00e9rer vos demandes : Pour traiter et g\u00e9rer les demandes que vous nous adressez.<\/li>\n\n\n\n<li>Pour l'ex\u00e9cution d'un contrat : l'\u00e9laboration, le respect et l'ex\u00e9cution du contrat d'achat des produits, articles ou services que vous avez achet\u00e9s ou de tout autre contrat conclu avec nous par l'interm\u00e9diaire du service.<\/li>\n\n\n\n<li>Pour vous contacter : Vous contacter par courrier \u00e9lectronique, appels t\u00e9l\u00e9phoniques, SMS ou autres formes \u00e9quivalentes de communication \u00e9lectronique, telles que les notifications push d'une application mobile concernant les mises \u00e0 jour ou les communications informatives relatives aux fonctionnalit\u00e9s, produits ou services contractuels, y compris les mises \u00e0 jour de s\u00e9curit\u00e9, lorsque cela est n\u00e9cessaire ou raisonnable pour leur mise en \u0153uvre.<\/li>\n\n\n\n<li>Pour les transferts d'entreprise : Nous pouvons utiliser vos informations pour \u00e9valuer ou conduire une fusion, une cession, une restructuration, une r\u00e9organisation, une dissolution ou toute autre vente ou transfert de tout ou partie de nos actifs, que ce soit en tant qu'entreprise en activit\u00e9 ou dans le cadre d'une faillite, d'une liquidation ou d'une proc\u00e9dure similaire, dans laquelle les donn\u00e9es personnelles que nous d\u00e9tenons sur les utilisateurs de nos services font partie des actifs transf\u00e9r\u00e9s.<\/li>\n<\/ul>\n\n\n\n<p><strong>Nous pouvons partager vos informations personnelles dans les situations suivantes :<\/strong><\/p>\n\n\n\n<ul class=\"wp-block-list\">\n<li>Pour les transferts d'entreprise : Nous pouvons partager ou transf\u00e9rer vos informations personnelles dans le cadre d'une fusion, d'une vente d'actifs de la soci\u00e9t\u00e9, d'un financement ou d'une acquisition de tout ou partie de nos activit\u00e9s \u00e0 une autre soci\u00e9t\u00e9, ou pendant les n\u00e9gociations relatives \u00e0 une telle op\u00e9ration.<\/li>\n\n\n\n<li>Avec les soci\u00e9t\u00e9s affili\u00e9es : Nous pouvons partager vos informations avec nos soci\u00e9t\u00e9s affili\u00e9es, auquel cas nous demanderons \u00e0 ces soci\u00e9t\u00e9s affili\u00e9es de respecter la pr\u00e9sente politique de confidentialit\u00e9.<\/li>\n\n\n\n<li>Avec les fournisseurs de services : Nous pouvons partager vos informations personnelles avec des fournisseurs de services afin de contr\u00f4ler et d'analyser l'utilisation de notre service, de vous contacter.<\/li>\n\n\n\n<li>Avec des partenaires commerciaux : Nous pouvons partager vos informations avec nos partenaires commerciaux pour vous offrir certains produits, services ou promotions.<\/li>\n\n\n\n<li>Avec d'autres utilisateurs : lorsque vous partagez des informations personnelles ou interagissez d'une autre mani\u00e8re avec d'autres utilisateurs dans les zones publiques, ces informations peuvent \u00eatre consult\u00e9es par tous les utilisateurs et peuvent \u00eatre diffus\u00e9es publiquement \u00e0 l'ext\u00e9rieur.<\/li>\n\n\n\n<li>Avec votre consentement : Nous pouvons divulguer vos informations personnelles \u00e0 toute autre fin avec votre consentement.<\/li>\n<\/ul>\n\n\n\n<p><strong>Technologies de suivi et cookies<\/strong><\/p>\n\n\n\n<p>Nous utilisons des cookies et des technologies de suivi similaires pour suivre l'activit\u00e9 sur notre service et stocker certaines informations. Les technologies de suivi utilis\u00e9es sont des balises, des tags et des scripts pour collecter et suivre les informations et pour am\u00e9liorer et analyser notre service.<\/p>\n\n\n\n<p><strong>Conservation de vos donn\u00e9es personnelles<\/strong><\/p>\n\n\n\n<p>La Soci\u00e9t\u00e9 ne conservera vos donn\u00e9es personnelles que pendant la dur\u00e9e n\u00e9cessaire aux fins \u00e9nonc\u00e9es dans la pr\u00e9sente politique de protection de la vie priv\u00e9e. Nous conserverons et utiliserons vos donn\u00e9es personnelles dans la mesure n\u00e9cessaire pour nous conformer \u00e0 nos obligations l\u00e9gales, r\u00e9soudre les litiges et appliquer nos accords et politiques juridiques.<\/p>\n\n\n\n<p><strong>Transfert de vos donn\u00e9es personnelles<\/strong><\/p>\n\n\n\n<p>Vos informations, y compris les donn\u00e9es personnelles, sont trait\u00e9es dans les bureaux de la Soci\u00e9t\u00e9 et dans tout autre lieu o\u00f9 se trouvent les parties impliqu\u00e9es dans le traitement. Cela signifie que ces informations peuvent \u00eatre transf\u00e9r\u00e9es vers - et conserv\u00e9es sur - des ordinateurs situ\u00e9s en dehors de votre \u00c9tat, province, pays ou autre juridiction gouvernementale o\u00f9 les lois sur la protection des donn\u00e9es peuvent diff\u00e9rer de celles de votre juridiction.<\/p>\n\n\n\n<p><strong>Suppression de vos donn\u00e9es personnelles<\/strong><\/p>\n\n\n\n<p>Vous conservez le droit de supprimer ou de demander de l'aide pour supprimer les donn\u00e9es personnelles que nous avons recueillies \u00e0 votre sujet. Par l'interm\u00e9diaire de notre service, vous pouvez avoir la possibilit\u00e9 d'effacer des informations sp\u00e9cifiques vous concernant. Vous pouvez modifier, r\u00e9viser ou effacer vos donn\u00e9es \u00e0 tout moment en acc\u00e9dant \u00e0 votre compte, le cas \u00e9ch\u00e9ant, et en naviguant jusqu'\u00e0 la zone des param\u00e8tres du compte r\u00e9serv\u00e9e \u00e0 la gestion de vos informations personnelles. Vous pouvez \u00e9galement nous contacter pour demander l'acc\u00e8s, la correction ou la suppression de toute information personnelle que vous avez partag\u00e9e avec nous.<\/p>\n\n\n\n<p><strong>Divulgation de vos donn\u00e9es personnelles<\/strong><\/p>\n\n\n\n<ul class=\"wp-block-list\">\n<li>Transactions commerciales : Si l'entreprise est impliqu\u00e9e dans une fusion, une acquisition ou une vente d'actifs, vos donn\u00e9es personnelles peuvent \u00eatre transf\u00e9r\u00e9es. Nous vous pr\u00e9viendrons avant que vos donn\u00e9es personnelles ne soient transf\u00e9r\u00e9es et soumises \u00e0 une politique de confidentialit\u00e9 diff\u00e9rente.<\/li>\n\n\n\n<li>Application de la loi : Dans certaines circonstances, la soci\u00e9t\u00e9 peut \u00eatre tenue de divulguer vos donn\u00e9es \u00e0 caract\u00e8re personnel si la loi l'exige ou en r\u00e9ponse \u00e0 des demandes valables \u00e9manant d'autorit\u00e9s publiques (par exemple, un tribunal ou une agence gouvernementale).<\/li>\n<\/ul>\n\n\n\n<p><strong>S\u00e9curit\u00e9 de vos donn\u00e9es personnelles<\/strong><\/p>\n\n\n\n<p>La s\u00e9curit\u00e9 de Vos Donn\u00e9es Personnelles est importante pour Nous, mais rappelez-vous qu'aucune m\u00e9thode de transmission sur Internet, ou m\u00e9thode de stockage \u00e9lectronique n'est 100% s\u00fbre. Bien que nous nous efforcions d'utiliser des moyens commercialement acceptables pour prot\u00e9ger vos donn\u00e9es personnelles, nous ne pouvons pas garantir leur s\u00e9curit\u00e9 absolue.<\/p>\n\n\n\n<p><strong>Vie priv\u00e9e des enfants<\/strong><\/p>\n\n\n\n<p>Notre service ne s'adresse pas aux personnes \u00e2g\u00e9es de moins de 13 ans. Si vous \u00eates un parent ou un tuteur et que vous savez que votre enfant nous a fourni des donn\u00e9es personnelles, veuillez nous contacter. Si nous apprenons que nous avons recueilli des donn\u00e9es personnelles aupr\u00e8s de personnes \u00e2g\u00e9es de moins de 13 ans sans avoir v\u00e9rifi\u00e9 le consentement des parents, nous prenons des mesures pour supprimer ces informations de nos serveurs.<\/p>\n\n\n\n<p><strong>Modifications de la pr\u00e9sente politique de protection de la vie priv\u00e9e<\/strong><\/p>\n\n\n\n<p>Nous pouvons mettre \u00e0 jour notre politique de confidentialit\u00e9 de temps \u00e0 autre. Nous vous informerons de toute modification en publiant la nouvelle politique de confidentialit\u00e9 sur cette page. Nous vous en informerons par courrier \u00e9lectronique et\/ou par un avis bien visible sur notre service, avant que la modification n'entre en vigueur, et nous mettrons \u00e0 jour la date de \"derni\u00e8re mise \u00e0 jour\" en haut de la pr\u00e9sente politique de protection de la vie priv\u00e9e.<\/p>\n\n\n\n<p><strong>Liens vers d'autres sites web<\/strong><\/p>\n\n\n\n<p>Notre Service peut contenir des liens vers d'autres sites web qui ne sont pas exploit\u00e9s par Nous. Si vous cliquez sur le lien d'un tiers, vous serez dirig\u00e9 vers le site de ce tiers. Nous vous conseillons vivement de consulter la politique de confidentialit\u00e9 de chaque site que vous visitez. Nous n'avons aucun contr\u00f4le et n'assumons aucune responsabilit\u00e9 quant au contenu, aux politiques de confidentialit\u00e9 ou aux pratiques des sites ou services tiers.<\/p>\n\n\n\n<p><strong>Nous contacter<\/strong><\/p>\n\n\n\n<p>Si vous avez des questions concernant cette politique de confidentialit\u00e9, vous pouvez nous contacter :<\/p>\n\n\n\n<p>Par courrier \u00e9lectronique :\u00a0<a href=\"mailto:support@sprunki-phase.online\">soutien@<\/a>myfemboy-roommate.com<\/p>","protected":false},"excerpt":{"rendered":"<p>Derni\u00e8re mise \u00e0 jour : 21 novembre 2024 La pr\u00e9sente politique de confidentialit\u00e9 d\u00e9crit nos pratiques et politiques concernant la collecte, l'utilisation et la divulgation de vos donn\u00e9es personnelles lors de l'utilisation du service. Elle vous informe \u00e9galement de vos droits en mati\u00e8re de protection de la vie priv\u00e9e et de vos protections juridiques. Nous utilisons les donn\u00e9es personnelles pour fournir et am\u00e9liorer le service. Votre utilisation du Service implique [...]<\/p>","protected":false},"author":1,"featured_media":0,"parent":0,"menu_order":0,"comment_status":"closed","ping_status":"open","template":"","meta":{"footnotes":""},"class_list":["post-3","page","type-page","status-publish","hentry"],"_links":{"self":[{"href":"https:\/\/myfemboy-roommate.com\/homepage\/fr\/wp-json\/wp\/v2\/pages\/3","targetHints":{"allow":["GET"]}}],"collection":[{"href":"https:\/\/myfemboy-roommate.com\/homepage\/fr\/wp-json\/wp\/v2\/pages"}],"about":[{"href":"https:\/\/myfemboy-roommate.com\/homepage\/fr\/wp-json\/wp\/v2\/types\/page"}],"author":[{"embeddable":true,"href":"https:\/\/myfemboy-roommate.com\/homepage\/fr\/wp-json\/wp\/v2\/users\/1"}],"replies":[{"embeddable":true,"href":"https:\/\/myfemboy-roommate.com\/homepage\/fr\/wp-json\/wp\/v2\/comments?post=3"}],"version-history":[{"count":1,"href":"https:\/\/myfemboy-roommate.com\/homepage\/fr\/wp-json\/wp\/v2\/pages\/3\/revisions"}],"predecessor-version":[{"id":118,"href":"https:\/\/myfemboy-roommate.com\/homepage\/fr\/wp-json\/wp\/v2\/pages\/3\/revisions\/118"}],"wp:attachment":[{"href":"https:\/\/myfemboy-roommate.com\/homepage\/fr\/wp-json\/wp\/v2\/media?parent=3"}],"curies":[{"name":"wp","href":"https:\/\/api.w.org\/{rel}","templated":true}]}}