{"id":119,"date":"2024-11-21T10:23:30","date_gmt":"2024-11-21T10:23:30","guid":{"rendered":"https:\/\/myfemboy-roommate.com\/?page_id=119"},"modified":"2024-11-21T10:23:33","modified_gmt":"2024-11-21T10:23:33","slug":"terms-of-use-for-my-femboy-roommate","status":"publish","type":"page","link":"https:\/\/myfemboy-roommate.com\/homepage\/hu\/terms-of-use-for-my-femboy-roommate\/","title":{"rendered":"A My Femboy Roommate felhaszn\u00e1l\u00e1si felt\u00e9telei"},"content":{"rendered":"<p><strong>Felhaszn\u00e1l\u00e1si felt\u00e9telek<\/strong><\/p>\n\n\n\n<p><strong>Utols\u00f3 friss\u00edt\u00e9s: november 21, 2024<\/strong><\/p>\n\n\n\n<p>\u00dcdv\u00f6z\u00f6lj\u00fck a My Femboy Roommate, el\u00e9rhet\u0151 az al\u00e1bbi c\u00edmen\u00a0<a href=\"https:\/\/myfemboy-roommate.com\/homepage\/hu\/\">https:\/\/myfemboy-roommate.com<\/a>\u00a0(a \"Szolg\u00e1ltat\u00e1s\"). A jelen Felhaszn\u00e1l\u00e1si felt\u00e9telek (\"Felt\u00e9telek\") szab\u00e1lyozz\u00e1k a Szolg\u00e1ltat\u00e1sunk \u00d6n \u00e1ltali haszn\u00e1lat\u00e1t. K\u00e9rj\u00fck, figyelmesen olvassa el a jelen Felt\u00e9teleket, miel\u0151tt ig\u00e9nybe venn\u00e9 a Szolg\u00e1ltat\u00e1st.<\/p>\n\n\n\n<p><strong>1. A felt\u00e9telek elfogad\u00e1sa<\/strong><\/p>\n\n\n\n<p>A Szolg\u00e1ltat\u00e1shoz val\u00f3 hozz\u00e1f\u00e9r\u00e9ssel vagy annak haszn\u00e1lat\u00e1val \u00d6n elfogadja, hogy a jelen Felt\u00e9telek k\u00f6telez\u0151 \u00e9rv\u00e9ny\u0171ek. Ha nem \u00e9rt egyet a jelen Felt\u00e9telekkel, k\u00e9rj\u00fck, ne haszn\u00e1lja a Szolg\u00e1ltat\u00e1st. Fenntartjuk a jogot, hogy a jelen Felt\u00e9teleket b\u00e1rmikor m\u00f3dos\u00edtsuk. A Szolg\u00e1ltat\u00e1s ilyen m\u00f3dos\u00edt\u00e1sok ut\u00e1n t\u00f6rt\u00e9n\u0151 tov\u00e1bbi haszn\u00e1lata az \u00faj Felt\u00e9telek elfogad\u00e1s\u00e1nak min\u0151s\u00fcl.<\/p>\n\n\n\n<p><strong>2. Szolg\u00e1ltat\u00e1s le\u00edr\u00e1sa<\/strong><\/p>\n\n\n\n<p>A My Femboy Roommate online platformot biztos\u00edt a felhaszn\u00e1l\u00f3k sz\u00e1m\u00e1ra, hogy regisztr\u00e1ci\u00f3 n\u00e9lk\u00fcl j\u00e1tszhassanak a My Femboy Roommate j\u00e1t\u00e9kkal k\u00f6zvetlen\u00fcl a weboldalr\u00f3l. A Szolg\u00e1ltat\u00e1s \"ahogy van\" \u00e9s \"ahogy el\u00e9rhet\u0151\", mindenf\u00e9le garancia n\u00e9lk\u00fcl.<\/p>\n\n\n\n<p><strong>3. Felhaszn\u00e1l\u00f3i jogosults\u00e1g<\/strong><\/p>\n\n\n\n<p>A Szolg\u00e1ltat\u00e1s haszn\u00e1lat\u00e1hoz legal\u00e1bb 13 \u00e9vesnek kell lennie. Ha \u00d6n 13 \u00e9v alatti, k\u00e9rj\u00fck, ne haszn\u00e1lja a Szolg\u00e1ltat\u00e1st. Ha \u00d6n sz\u00fcl\u0151 vagy gondvisel\u0151, \u00e9s megtudja, hogy gyermeke szem\u00e9lyes adatokat adott meg nek\u00fcnk, k\u00e9rj\u00fck, azonnal l\u00e9pjen kapcsolatba vel\u00fcnk.<\/p>\n\n\n\n<p><strong>4. Adatv\u00e9delmi politika<\/strong><\/p>\n\n\n\n<p>A Szolg\u00e1ltat\u00e1s \u00d6n \u00e1ltali haszn\u00e1lata az Adatv\u00e9delmi szab\u00e1lyzatunk hat\u00e1lya al\u00e1 tartozik, amelyet hivatkoz\u00e1ssal be\u00e9p\u00edtett\u00fcnk. Az Adatv\u00e9delmi szab\u00e1lyzat elmagyar\u00e1zza, hogyan gy\u0171jtj\u00fck, haszn\u00e1ljuk \u00e9s v\u00e9dj\u00fck az \u00d6n szem\u00e9lyes adatait, valamint az ilyen adatokkal kapcsolatos jogait. A Szolg\u00e1ltat\u00e1s haszn\u00e1lat\u00e1val \u00d6n hozz\u00e1j\u00e1rul az Adatv\u00e9delmi szab\u00e1lyzatban le\u00edrt gyakorlathoz.<\/p>\n\n\n\n<p><strong>5. Szellemi tulajdonjogok<\/strong><\/p>\n\n\n\n<p>A Szolg\u00e1ltat\u00e1s, bele\u00e9rtve minden tartalmat, log\u00f3t, diz\u00e1jnt, sz\u00f6veget, grafik\u00e1t \u00e9s egy\u00e9b anyagot, a My Femboy Roommate vagy licencad\u00f3inak tulajdon\u00e1t k\u00e9pezi, \u00e9s a szellemi tulajdonjogok v\u00e9delme alatt \u00e1ll.<\/p>\n\n\n\n<p><strong>6. Tiltott tev\u00e9kenys\u00e9gek<\/strong><\/p>\n\n\n\n<p>\u00d6n nem haszn\u00e1lhatja a Szolg\u00e1ltat\u00e1st semmilyen illeg\u00e1lis vagy jogosulatlan c\u00e9lra, vagy olyan m\u00f3don, amely s\u00e9rti a jelen Felt\u00e9teleket. A tiltott tev\u00e9kenys\u00e9gek k\u00f6z\u00e9 tartoznak:<\/p>\n\n\n\n<ul class=\"wp-block-list\">\n<li>B\u00e1rmely felhaszn\u00e1l\u00f3, hoszt vagy hozz\u00e1sz\u00f3l\u00f3 zaklat\u00e1sa vagy b\u00e1ntalmaz\u00e1sa.<\/li>\n\n\n\n<li>A Szolg\u00e1ltat\u00e1s haszn\u00e1lata b\u00e1rmilyen k\u00e1ros k\u00f3d, bele\u00e9rtve v\u00edrusok, f\u00e9rgek vagy rosszindulat\u00fa programok tov\u00e1bb\u00edt\u00e1s\u00e1ra, terjeszt\u00e9s\u00e9re vagy t\u00e1rol\u00e1s\u00e1ra.<\/li>\n\n\n\n<li>A Szolg\u00e1ltat\u00e1shoz, m\u00e1s felhaszn\u00e1l\u00f3k fi\u00f3kjaihoz vagy a Szolg\u00e1ltat\u00e1shoz kapcsol\u00f3d\u00f3 vagy azon kereszt\u00fcl el\u00e9rhet\u0151 b\u00e1rmely sz\u00e1m\u00edt\u00f3g\u00e9pes rendszerhez vagy h\u00e1l\u00f3zathoz val\u00f3 jogosulatlan hozz\u00e1f\u00e9r\u00e9s k\u00eds\u00e9rlete.<\/li>\n<\/ul>\n\n\n\n<p><strong>7. A szavatoss\u00e1gi jogr\u00f3l val\u00f3 lemond\u00e1s<\/strong><\/p>\n\n\n\n<p>A Szolg\u00e1ltat\u00e1s \"ahogy van\" \u00e9s \"ahogy rendelkez\u00e9sre \u00e1ll\", mindenf\u00e9le garancia n\u00e9lk\u00fcl. Kifejezetten kiz\u00e1runk minden garanci\u00e1t, bele\u00e9rtve az eladhat\u00f3s\u00e1gra, a meghat\u00e1rozott c\u00e9lra val\u00f3 alkalmass\u00e1gra \u00e9s a jogs\u00e9rt\u00e9smentess\u00e9gre vonatkoz\u00f3 garanci\u00e1kat.<\/p>\n\n\n\n<p><strong>8. A felel\u0151ss\u00e9g korl\u00e1toz\u00e1sa<\/strong><\/p>\n\n\n\n<p>A My Femboy Roommate, annak le\u00e1nyv\u00e1llalatai, illetve azok igazgat\u00f3i, tiszts\u00e9gvisel\u0151i, alkalmazottai vagy \u00fcgyn\u00f6kei semmilyen k\u00f6r\u00fclm\u00e9nyek k\u00f6z\u00f6tt nem v\u00e1llalnak felel\u0151ss\u00e9get semmilyen k\u00f6zvetett, v\u00e9letlen, k\u00fcl\u00f6nleges vagy k\u00f6vetkezm\u00e9nyes k\u00e1r\u00e9rt.<\/p>\n\n\n\n<p><strong>9. K\u00e1rtalan\u00edt\u00e1s<\/strong><\/p>\n\n\n\n<p>\u00d6n beleegyezik, hogy k\u00e1rtalan\u00edtja \u00e9s mentes\u00edti a My Femboy Roommate-et, annak kapcsolt v\u00e1llalkoz\u00e1sait, valamint azok igazgat\u00f3it, tisztvisel\u0151it, alkalmazottait \u00e9s \u00fcgyn\u00f6keit minden olyan k\u00f6vetel\u00e9s, felel\u0151ss\u00e9g, k\u00e1r, vesztes\u00e9g vagy k\u00f6lts\u00e9g al\u00f3l, bele\u00e9rtve az \u00e9sszer\u0171 jogi k\u00f6lts\u00e9geket is, amelyek a Szolg\u00e1ltat\u00e1shoz val\u00f3 hozz\u00e1f\u00e9r\u00e9s\u00e9b\u0151l vagy annak haszn\u00e1lat\u00e1b\u00f3l erednek, vagy b\u00e1rmilyen m\u00f3don kapcsol\u00f3dnak ahhoz.<\/p>\n\n\n\n<p><strong>10. Ir\u00e1nyad\u00f3 jog<\/strong><\/p>\n\n\n\n<p>A jelen Felt\u00e9telekre \u00e9s az azokb\u00f3l ered\u0151 vagy azokkal kapcsolatos b\u00e1rmely jogvit\u00e1ra vagy k\u00f6vetel\u00e9sre az Egyes\u00fclt \u00c1llamok New York \u00e1llam\u00e1nak t\u00f6rv\u00e9nyei az ir\u00e1nyad\u00f3k, \u00e9s azokkal \u00f6sszhangban kell \u00e9rtelmezni, a koll\u00edzi\u00f3s szab\u00e1lyok alkalmaz\u00e1sa n\u00e9lk\u00fcl.<\/p>\n\n\n\n<p><strong>11. Kapcsolatfelv\u00e9tel<\/strong><\/p>\n\n\n\n<p>Ha b\u00e1rmilyen k\u00e9rd\u00e9se van a jelen Felt\u00e9telekkel kapcsolatban, k\u00e9rj\u00fck, l\u00e9pjen kapcsolatba vel\u00fcnk a k\u00f6vetkez\u0151 c\u00edmen:<\/p>\n\n\n\n<p>E-mailben: support@myfemboy-roommate.com<\/p>","protected":false},"excerpt":{"rendered":"<p>Terms of Use Last Updated: November 21, 2024 Welcome to My Femboy Roommate, accessible at\u00a0https:\/\/myfemboy-roommate.com\u00a0(the \u201cService\u201d). These Terms of Use (\u201cTerms\u201d) govern your use of our Service. Please read these Terms carefully before using our Service. 1. Acceptance of the Terms By accessing or using the Service, you agree to be bound by these Terms. [&hellip;]<\/p>","protected":false},"author":1,"featured_media":0,"parent":0,"menu_order":0,"comment_status":"closed","ping_status":"closed","template":"","meta":{"footnotes":""},"class_list":["post-119","page","type-page","status-publish","hentry"],"_links":{"self":[{"href":"https:\/\/myfemboy-roommate.com\/homepage\/hu\/wp-json\/wp\/v2\/pages\/119","targetHints":{"allow":["GET"]}}],"collection":[{"href":"https:\/\/myfemboy-roommate.com\/homepage\/hu\/wp-json\/wp\/v2\/pages"}],"about":[{"href":"https:\/\/myfemboy-roommate.com\/homepage\/hu\/wp-json\/wp\/v2\/types\/page"}],"author":[{"embeddable":true,"href":"https:\/\/myfemboy-roommate.com\/homepage\/hu\/wp-json\/wp\/v2\/users\/1"}],"replies":[{"embeddable":true,"href":"https:\/\/myfemboy-roommate.com\/homepage\/hu\/wp-json\/wp\/v2\/comments?post=119"}],"version-history":[{"count":1,"href":"https:\/\/myfemboy-roommate.com\/homepage\/hu\/wp-json\/wp\/v2\/pages\/119\/revisions"}],"predecessor-version":[{"id":120,"href":"https:\/\/myfemboy-roommate.com\/homepage\/hu\/wp-json\/wp\/v2\/pages\/119\/revisions\/120"}],"wp:attachment":[{"href":"https:\/\/myfemboy-roommate.com\/homepage\/hu\/wp-json\/wp\/v2\/media?parent=119"}],"curies":[{"name":"wp","href":"https:\/\/api.w.org\/{rel}","templated":true}]}}