{"id":3,"date":"2024-11-11T17:44:49","date_gmt":"2024-11-11T17:44:49","guid":{"rendered":"http:\/\/box5572\/cgi\/addon_GT.cgi?s=GT::WP::Install::Cpanel+%28ghnjwzmy%29+-+127.0.0.1+%5Bnocaller%5D\/?page_id=3"},"modified":"2024-11-21T10:20:44","modified_gmt":"2024-11-21T10:20:44","slug":"privacy-policy","status":"publish","type":"page","link":"https:\/\/myfemboy-roommate.com\/homepage\/hu\/privacy-policy\/","title":{"rendered":"My Femboy Roommate adatv\u00e9delmi ir\u00e1nyelvei"},"content":{"rendered":"<p><strong>Utols\u00f3 friss\u00edt\u00e9s: november 21, 2024<\/strong><\/p>\n\n\n\n<p>Ez az Adatv\u00e9delmi szab\u00e1lyzat ismerteti az \u00d6n Szem\u00e9lyes adatainak a Szolg\u00e1ltat\u00e1s haszn\u00e1lata sor\u00e1n t\u00f6rt\u00e9n\u0151 gy\u0171jt\u00e9s\u00e9re, felhaszn\u00e1l\u00e1s\u00e1ra \u00e9s k\u00f6zz\u00e9t\u00e9tel\u00e9re vonatkoz\u00f3 gyakorlatunkat \u00e9s ir\u00e1nyelveinket. Tov\u00e1bb\u00e1 t\u00e1j\u00e9koztatja \u00d6nt az \u00d6n adatv\u00e9delmi jogair\u00f3l \u00e9s jogi v\u00e9delm\u00e9r\u0151l. A Szem\u00e9lyes adatokat a Szolg\u00e1ltat\u00e1s ny\u00fajt\u00e1s\u00e1hoz \u00e9s fejleszt\u00e9s\u00e9hez haszn\u00e1ljuk fel. A Szolg\u00e1ltat\u00e1s \u00d6n \u00e1ltali haszn\u00e1lata azt jelenti, hogy beleegyez\u00e9s\u00e9t adja az \u00d6n Szem\u00e9lyes adatainak a jelen Adatv\u00e9delmi szab\u00e1lyzatban le\u00edrtak szerinti gy\u0171jt\u00e9s\u00e9hez \u00e9s felhaszn\u00e1l\u00e1s\u00e1hoz.<\/p>\n\n\n\n<p><strong>\u00c9rtelmez\u00e9s \u00e9s fogalommeghat\u00e1roz\u00e1sok<\/strong><\/p>\n\n\n\n<p>A jelen adatv\u00e9delmi ir\u00e1nyelv alkalmaz\u00e1s\u00e1ban:<\/p>\n\n\n\n<ul class=\"wp-block-list\">\n<li><strong>Sz\u00e1mla<\/strong>\u00a0az \u00d6n sz\u00e1m\u00e1ra l\u00e9trehozott egyedi fi\u00f3kot jelenti, amellyel hozz\u00e1f\u00e9rhet a Szolg\u00e1ltat\u00e1sunkhoz vagy annak egyes r\u00e9szeihez.<\/li>\n\n\n\n<li><strong>Affiliate<\/strong>\u00a0olyan jogalany, amely egy felet ir\u00e1ny\u00edt, amelyet egy f\u00e9l ir\u00e1ny\u00edt, vagy amely egy f\u00e9llel k\u00f6z\u00f6s ir\u00e1ny\u00edt\u00e1s alatt \u00e1ll, ahol az \"ir\u00e1ny\u00edt\u00e1s\" az igazgat\u00f3v\u00e1laszt\u00e1sra vagy egy\u00e9b ir\u00e1ny\u00edt\u00f3 hat\u00f3s\u00e1gi jogk\u00f6r\u00f6kre szavaz\u00e1sra jogos\u00edt\u00f3 r\u00e9szv\u00e9nyek, r\u00e9szesed\u00e9sek vagy egy\u00e9b \u00e9rt\u00e9kpap\u00edrok 50% vagy nagyobb h\u00e1nyad\u00e1nak tulajdonjog\u00e1t jelenti.<\/li>\n\n\n\n<li><strong>C\u00e9g<\/strong>\u00a0(a jelen Meg\u00e1llapod\u00e1sban a tov\u00e1bbiakban \"a T\u00e1rsas\u00e1g\", \"Mi\", \"Mi\" vagy \"Mi\u00e9nk\") a My Femboy Roommate-ra utal, amely a https:\/\/myfemboy-roommate.com\/ weboldalon \u00e9rhet\u0151 el.<\/li>\n\n\n\n<li><strong>S\u00fctik<\/strong>\u00a0olyan kis f\u00e1jlok, amelyeket egy weboldal helyez el az \u00d6n sz\u00e1m\u00edt\u00f3g\u00e9p\u00e9n, mobileszk\u00f6z\u00e9n vagy b\u00e1rmely m\u00e1s eszk\u00f6z\u00f6n, \u00e9s amelyek az \u00d6n b\u00f6ng\u00e9sz\u00e9si el\u0151zm\u00e9nyeinek r\u00e9szleteit tartalmazz\u00e1k az adott weboldalon, annak sz\u00e1mos egy\u00e9b felhaszn\u00e1l\u00e1si m\u00f3dja mellett.<\/li>\n\n\n\n<li><strong>Orsz\u00e1g<\/strong>\u00a0New York, USA.<\/li>\n\n\n\n<li><strong>Eszk\u00f6z<\/strong>\u00a0b\u00e1rmely olyan eszk\u00f6z, amely k\u00e9pes hozz\u00e1f\u00e9rni a Szolg\u00e1ltat\u00e1shoz, p\u00e9ld\u00e1ul sz\u00e1m\u00edt\u00f3g\u00e9p, mobiltelefon vagy digit\u00e1lis t\u00e1blag\u00e9p.<\/li>\n\n\n\n<li><strong>Szem\u00e9lyes adatok<\/strong>\u00a0b\u00e1rmely olyan inform\u00e1ci\u00f3, amely azonos\u00edtott vagy azonos\u00edthat\u00f3 szem\u00e9lyre vonatkozik.<\/li>\n\n\n\n<li><strong>Szolg\u00e1ltat\u00e1s<\/strong>\u00a0a Weboldalra vonatkozik.<\/li>\n\n\n\n<li><strong>Szolg\u00e1ltat\u00f3<\/strong>\u00a0b\u00e1rmely term\u00e9szetes vagy jogi szem\u00e9ly, aki a T\u00e1rsas\u00e1g nev\u00e9ben kezeli az adatokat. Ez a T\u00e1rsas\u00e1g \u00e1ltal a Szolg\u00e1ltat\u00e1s megk\u00f6nny\u00edt\u00e9se, a T\u00e1rsas\u00e1g nev\u00e9ben t\u00f6rt\u00e9n\u0151 szolg\u00e1ltat\u00e1sny\u00fajt\u00e1s, a Szolg\u00e1ltat\u00e1ssal kapcsolatos szolg\u00e1ltat\u00e1sok elv\u00e9gz\u00e9se, vagy a T\u00e1rsas\u00e1gnak a Szolg\u00e1ltat\u00e1s haszn\u00e1lat\u00e1nak elemz\u00e9s\u00e9ben val\u00f3 seg\u00edts\u00e9gny\u00fajt\u00e1s c\u00e9lj\u00e1b\u00f3l alkalmazott harmadik f\u00e9l v\u00e1llalatokra vagy mag\u00e1nszem\u00e9lyekre vonatkozik.<\/li>\n\n\n\n<li><strong>Felhaszn\u00e1l\u00e1si adatok<\/strong>\u00a0az automatikusan gy\u0171jt\u00f6tt adatokra utal, amelyek vagy a Szolg\u00e1ltat\u00e1s haszn\u00e1lata sor\u00e1n keletkeznek, vagy mag\u00e1b\u00f3l a Szolg\u00e1ltat\u00e1s infrastrukt\u00far\u00e1j\u00e1b\u00f3l sz\u00e1rmaznak (p\u00e9ld\u00e1ul az oldall\u00e1togat\u00e1s id\u0151tartama).<\/li>\n\n\n\n<li><strong>Honlap<\/strong>\u00a0a My Femboy Roommate c\u00edm\u0171 oldalra utal, amely a https:\/\/myfemboy-roommate.com\/ c\u00edmen \u00e9rhet\u0151 el.<\/li>\n\n\n\n<li><strong>Te<\/strong>\u00a0a Szolg\u00e1ltat\u00e1shoz hozz\u00e1f\u00e9r\u0151 vagy azt haszn\u00e1l\u00f3 mag\u00e1nszem\u00e9ly, illetve az a v\u00e1llalat vagy m\u00e1s jogi szem\u00e9ly, amelynek nev\u00e9ben az adott mag\u00e1nszem\u00e9ly a Szolg\u00e1ltat\u00e1st ig\u00e9nybe veszi vagy haszn\u00e1lja.<\/li>\n<\/ul>\n\n\n\n<p><strong>Az \u00d6n szem\u00e9lyes adatainak gy\u0171jt\u00e9se \u00e9s felhaszn\u00e1l\u00e1sa<\/strong><\/p>\n\n\n\n<p><strong>Az \u00f6sszegy\u0171jt\u00f6tt adatok t\u00edpusai<\/strong><\/p>\n\n\n\n<ul class=\"wp-block-list\">\n<li><strong>Szem\u00e9lyes adatok<\/strong>: A Szolg\u00e1ltat\u00e1sunk haszn\u00e1lata sor\u00e1n megk\u00e9rhetj\u00fck \u00d6nt, hogy adjon meg nek\u00fcnk bizonyos szem\u00e9lyazonos\u00edt\u00e1sra alkalmas inform\u00e1ci\u00f3kat, amelyek felhaszn\u00e1lhat\u00f3k az \u00d6n azonos\u00edt\u00e1s\u00e1ra vagy az \u00d6nnel val\u00f3 kapcsolatfelv\u00e9telre. A szem\u00e9lyazonos\u00edt\u00e1sra alkalmas inform\u00e1ci\u00f3k k\u00f6z\u00e9 tartozhatnak t\u00f6bbek k\u00f6z\u00f6tt a k\u00f6vetkez\u0151k:<\/li>\n\n\n\n<li><strong>Adathaszn\u00e1lat<\/strong>: A szolg\u00e1ltat\u00e1s haszn\u00e1lata sor\u00e1n a szolg\u00e1ltat\u00e1s automatikusan gy\u0171jti a haszn\u00e1lati adatokat. Ezek az adatok olyan adatokat tartalmazhatnak, mint az \u00d6n eszk\u00f6z\u00e9nek Internet Protocol (IP) c\u00edme, a b\u00f6ng\u00e9sz\u0151 t\u00edpusa, a b\u00f6ng\u00e9sz\u0151 verzi\u00f3ja, a Szolg\u00e1ltat\u00e1sunk megl\u00e1togatott oldalai, a l\u00e1togat\u00e1s d\u00e1tuma \u00e9s id\u0151pontja, az oldalakon t\u00f6lt\u00f6tt id\u0151, egyedi eszk\u00f6zazonos\u00edt\u00f3k \u00e9s egy\u00e9b diagnosztikai inform\u00e1ci\u00f3k.<\/li>\n<\/ul>\n\n\n\n<p><strong>Az \u00d6n szem\u00e9lyes adatainak felhaszn\u00e1l\u00e1sa<\/strong><\/p>\n\n\n\n<p>A T\u00e1rsas\u00e1g a szem\u00e9lyes adatokat a k\u00f6vetkez\u0151 c\u00e9lokra haszn\u00e1lhatja fel:<\/p>\n\n\n\n<ul class=\"wp-block-list\">\n<li>Szolg\u00e1ltat\u00e1sunk ny\u00fajt\u00e1sa \u00e9s fenntart\u00e1sa, bele\u00e9rtve a szolg\u00e1ltat\u00e1sunk haszn\u00e1lat\u00e1nak nyomon k\u00f6vet\u00e9s\u00e9t.<\/li>\n\n\n\n<li>Az \u00d6n fi\u00f3kj\u00e1nak kezel\u00e9se: az \u00d6n regisztr\u00e1ci\u00f3j\u00e1nak kezel\u00e9se a Szolg\u00e1ltat\u00e1s felhaszn\u00e1l\u00f3jak\u00e9nt.<\/li>\n\n\n\n<li>Hogy k\u00fcl\u00f6nleges aj\u00e1nlatokat, h\u00edreket \u00e9s \u00e1ltal\u00e1nos inform\u00e1ci\u00f3kat k\u00fcldj\u00fcnk \u00d6nnek az \u00e1ltalunk k\u00edn\u00e1lt egy\u00e9b \u00e1rukr\u00f3l, szolg\u00e1ltat\u00e1sokr\u00f3l \u00e9s esem\u00e9nyekr\u0151l, amelyek hasonl\u00f3ak azokhoz, amelyeket \u00d6n m\u00e1r megv\u00e1s\u00e1rolt vagy amelyekr\u0151l \u00e9rdekl\u0151d\u00f6tt, kiv\u00e9ve, ha \u00d6n \u00fagy d\u00f6nt\u00f6tt, hogy nem szeretne ilyen inform\u00e1ci\u00f3kat kapni.<\/li>\n\n\n\n<li>Az \u00d6n k\u00e9r\u00e9seinek kezel\u00e9se: Az \u00d6n hozz\u00e1nk int\u00e9zett k\u00e9r\u00e9seinek kezel\u00e9se.<\/li>\n\n\n\n<li>Szerz\u0151d\u00e9s teljes\u00edt\u00e9s\u00e9hez: az \u00d6n \u00e1ltal megv\u00e1s\u00e1rolt term\u00e9kekre, term\u00e9kekre vagy szolg\u00e1ltat\u00e1sokra vonatkoz\u00f3 v\u00e1s\u00e1rl\u00e1si szerz\u0151d\u00e9s vagy b\u00e1rmely m\u00e1s, a Szolg\u00e1ltat\u00e1son kereszt\u00fcl vel\u00fcnk k\u00f6t\u00f6tt szerz\u0151d\u00e9s kidolgoz\u00e1sa, teljes\u00edt\u00e9se \u00e9s v\u00e1llal\u00e1sa.<\/li>\n\n\n\n<li>Kapcsolatfelv\u00e9tel \u00d6nnel: E-mailben, telefonh\u00edv\u00e1sokon, SMS-ben vagy m\u00e1s, ezzel egyen\u00e9rt\u00e9k\u0171 elektronikus kommunik\u00e1ci\u00f3s form\u00e1kban, p\u00e9ld\u00e1ul a mobilalkalmaz\u00e1s push-\u00e9rtes\u00edt\u00e9sein kereszt\u00fcl a funkci\u00f3kkal, term\u00e9kekkel vagy szerz\u0151d\u00e9ses szolg\u00e1ltat\u00e1sokkal kapcsolatos friss\u00edt\u00e9sekkel vagy t\u00e1j\u00e9koztat\u00f3 jelleg\u0171 k\u00f6zlem\u00e9nyekkel kapcsolatban, bele\u00e9rtve a biztons\u00e1gi friss\u00edt\u00e9seket is, amennyiben ez sz\u00fcks\u00e9ges vagy \u00e9sszer\u0171 a megval\u00f3s\u00edt\u00e1sukhoz.<\/li>\n\n\n\n<li>\u00dczleti \u00e1tutal\u00e1sok eset\u00e9n: Az \u00d6n adatait felhaszn\u00e1lhatjuk egyes\u00fcl\u00e9s, elidegen\u00edt\u00e9s, \u00e1tszervez\u00e9s, \u00e1tszervez\u00e9s, megsz\u0171n\u00e9s, vagy egyes vagy \u00f6sszes vagyont\u00e1rgyunk egy\u00e9b \u00e9rt\u00e9kes\u00edt\u00e9se vagy \u00e1truh\u00e1z\u00e1sa c\u00e9lj\u00e1b\u00f3l, ak\u00e1r folytat\u00f3d\u00f3 v\u00e1llalkoz\u00e1sk\u00e9nt, ak\u00e1r cs\u0151delj\u00e1r\u00e1s, felsz\u00e1mol\u00e1s vagy hasonl\u00f3 elj\u00e1r\u00e1s r\u00e9szek\u00e9nt, amelyben a Szolg\u00e1ltat\u00e1s felhaszn\u00e1l\u00f3ir\u00f3l \u00e1ltalunk t\u00e1rolt Szem\u00e9lyes adatok az \u00e1tadott eszk\u00f6z\u00f6k k\u00f6z\u00f6tt szerepelnek.<\/li>\n<\/ul>\n\n\n\n<p><strong>Az \u00d6n szem\u00e9lyes adatait a k\u00f6vetkez\u0151 helyzetekben oszthatjuk meg:<\/strong><\/p>\n\n\n\n<ul class=\"wp-block-list\">\n<li>\u00dczleti \u00e1tutal\u00e1sok eset\u00e9n: Megoszthatjuk vagy tov\u00e1bb\u00edthatjuk az \u00d6n szem\u00e9lyes adatait az egyes\u00fcl\u00e9ssel, a v\u00e1llalat eszk\u00f6zeinek elad\u00e1s\u00e1val, finansz\u00edroz\u00e1ssal vagy az \u00fczlet\u00fcnk eg\u00e9sz\u00e9nek vagy egy r\u00e9sz\u00e9nek egy m\u00e1sik v\u00e1llalat r\u00e9sz\u00e9re t\u00f6rt\u00e9n\u0151 felv\u00e1s\u00e1rl\u00e1s\u00e1val kapcsolatban vagy az arr\u00f3l folytatott t\u00e1rgyal\u00e1sok sor\u00e1n.<\/li>\n\n\n\n<li>Partnerekkel: Ebben az esetben megk\u00f6vetelj\u00fck ezekt\u0151l a le\u00e1nyv\u00e1llalatokt\u00f3l, hogy tiszteletben tarts\u00e1k a jelen Adatv\u00e9delmi szab\u00e1lyzatot.<\/li>\n\n\n\n<li>Szolg\u00e1ltat\u00f3kkal: Megoszthatjuk az \u00d6n szem\u00e9lyes adatait a Szolg\u00e1ltat\u00f3inkkal, hogy figyelemmel k\u00eds\u00e9rhess\u00fck \u00e9s elemezhess\u00fck a Szolg\u00e1ltat\u00e1sunk haszn\u00e1lat\u00e1t, hogy kapcsolatba l\u00e9phess\u00fcnk \u00d6nnel.<\/li>\n\n\n\n<li>\u00dczleti partnerekkel: Megoszthatjuk az \u00d6n adatait \u00fczleti partnereinkkel, hogy bizonyos term\u00e9keket, szolg\u00e1ltat\u00e1sokat vagy prom\u00f3ci\u00f3kat k\u00edn\u00e1ljunk \u00d6nnek.<\/li>\n\n\n\n<li>M\u00e1s felhaszn\u00e1l\u00f3kkal: amikor \u00d6n szem\u00e9lyes adatokat oszt meg, vagy m\u00e1s m\u00f3don l\u00e9p kapcsolatba a nyilv\u00e1nos ter\u00fcleteken m\u00e1s felhaszn\u00e1l\u00f3kkal, ezeket az inform\u00e1ci\u00f3kat az \u00f6sszes felhaszn\u00e1l\u00f3 megtekintheti, \u00e9s nyilv\u00e1nosan terjesztheti k\u00edv\u00fclr\u0151l.<\/li>\n\n\n\n<li>Az \u00d6n hozz\u00e1j\u00e1rul\u00e1s\u00e1val: Az \u00d6n beleegyez\u00e9s\u00e9vel b\u00e1rmilyen m\u00e1s c\u00e9lra is felfedhetj\u00fck az \u00d6n szem\u00e9lyes adatait.<\/li>\n<\/ul>\n\n\n\n<p><strong>Nyomk\u00f6vet\u0151 technol\u00f3gi\u00e1k \u00e9s s\u00fctik<\/strong><\/p>\n\n\n\n<p>S\u00fctiket \u00e9s hasonl\u00f3 nyomk\u00f6vet\u0151 technol\u00f3gi\u00e1kat haszn\u00e1lunk a Szolg\u00e1ltat\u00e1sunkban v\u00e9gzett tev\u00e9kenys\u00e9gek nyomon k\u00f6vet\u00e9s\u00e9re \u00e9s bizonyos inform\u00e1ci\u00f3k t\u00e1rol\u00e1s\u00e1ra. A nyomon k\u00f6vet\u00e9si technol\u00f3gi\u00e1k, amelyeket az inform\u00e1ci\u00f3k gy\u0171jt\u00e9se \u00e9s nyomon k\u00f6vet\u00e9se, valamint a Szolg\u00e1ltat\u00e1sunk jav\u00edt\u00e1sa \u00e9s elemz\u00e9se \u00e9rdek\u00e9ben haszn\u00e1lunk, jelz\u0151f\u00e9nyeket, c\u00edmk\u00e9ket \u00e9s szkripteket.<\/p>\n\n\n\n<p><strong>Az \u00d6n szem\u00e9lyes adatainak meg\u0151rz\u00e9se<\/strong><\/p>\n\n\n\n<p>A T\u00e1rsas\u00e1g csak addig \u0151rzi meg az \u00d6n szem\u00e9lyes adatait, am\u00edg az a jelen Adatv\u00e9delmi szab\u00e1lyzatban meghat\u00e1rozott c\u00e9lokra sz\u00fcks\u00e9ges. Az \u00d6n szem\u00e9lyes adatait a jogi k\u00f6telezetts\u00e9geinknek val\u00f3 megfelel\u00e9shez, a vit\u00e1k rendez\u00e9s\u00e9hez, valamint a jogi meg\u00e1llapod\u00e1saink \u00e9s ir\u00e1nyelveink \u00e9rv\u00e9nyes\u00edt\u00e9s\u00e9hez sz\u00fcks\u00e9ges m\u00e9rt\u00e9kben \u0151rizz\u00fck meg \u00e9s haszn\u00e1ljuk fel.<\/p>\n\n\n\n<p><strong>Az \u00d6n szem\u00e9lyes adatainak tov\u00e1bb\u00edt\u00e1sa<\/strong><\/p>\n\n\n\n<p>Az \u00d6n adatait, bele\u00e9rtve a Szem\u00e9lyes adatokat is, a T\u00e1rsas\u00e1g m\u0171k\u00f6d\u00e9si irod\u00e1iban \u00e9s b\u00e1rmely m\u00e1s olyan helyen kezelj\u00fck, ahol a feldolgoz\u00e1sban r\u00e9szt vev\u0151 felek tal\u00e1lhat\u00f3k. Ez azt jelenti, hogy ezeket az adatokat az \u00d6n \u00e1llam\u00e1n, tartom\u00e1ny\u00e1n, orsz\u00e1g\u00e1n vagy m\u00e1s korm\u00e1nyzati joghat\u00f3s\u00e1gon k\u00edv\u00fcl tal\u00e1lhat\u00f3 sz\u00e1m\u00edt\u00f3g\u00e9pekre tov\u00e1bb\u00edthatj\u00e1k - \u00e9s azokon t\u00e1rolhatj\u00e1k -, ahol az adatv\u00e9delmi t\u00f6rv\u00e9nyek elt\u00e9rhetnek az \u00d6n joghat\u00f3s\u00e1g\u00e1t\u00f3l.<\/p>\n\n\n\n<p><strong>Szem\u00e9lyes adatainak t\u00f6rl\u00e9se<\/strong><\/p>\n\n\n\n<p>\u00d6nnek tov\u00e1bbra is jog\u00e1ban \u00e1ll elt\u00e1vol\u00edtani vagy seg\u00edts\u00e9get k\u00e9rni az \u00d6nr\u0151l gy\u0171jt\u00f6tt Szem\u00e9lyes adatokat. Szolg\u00e1ltat\u00e1sunkon kereszt\u00fcl lehet\u0151s\u00e9ge van arra, hogy t\u00f6r\u00f6lje az \u00d6nre vonatkoz\u00f3 konkr\u00e9t adatokat. Adatait b\u00e1rmikor m\u00f3dos\u00edthatja, fel\u00fclvizsg\u00e1lhatja vagy t\u00f6r\u00f6lheti, ha hozz\u00e1f\u00e9r a Fi\u00f3kj\u00e1hoz, ha van ilyen, \u00e9s a szem\u00e9lyes adatainak kezel\u00e9s\u00e9re kijel\u00f6lt fi\u00f3kbe\u00e1ll\u00edt\u00e1si ter\u00fcletre navig\u00e1l. Alternat\u00edvak\u00e9nt kapcsolatba l\u00e9phet vel\u00fcnk, hogy hozz\u00e1f\u00e9r\u00e9st, jav\u00edt\u00e1st vagy t\u00f6rl\u00e9st k\u00e9rjen a vel\u00fcnk megosztott szem\u00e9lyes adataihoz.<\/p>\n\n\n\n<p><strong>Az \u00d6n szem\u00e9lyes adatainak k\u00f6zz\u00e9t\u00e9tele<\/strong><\/p>\n\n\n\n<ul class=\"wp-block-list\">\n<li>\u00dczleti tranzakci\u00f3k: Szem\u00e9lyes adatai tov\u00e1bb\u00edt\u00e1sra ker\u00fclhetnek, ha a T\u00e1rsas\u00e1g f\u00fazi\u00f3ban, felv\u00e1s\u00e1rl\u00e1sban vagy eszk\u00f6z\u00e9rt\u00e9kes\u00edt\u00e9sben vesz r\u00e9szt. Miel\u0151tt az \u00d6n Szem\u00e9lyes adatai \u00e1tad\u00e1sra ker\u00fclnek \u00e9s m\u00e1s Adatv\u00e9delmi szab\u00e1lyzat hat\u00e1lya al\u00e1 ker\u00fclnek, \u00e9rtes\u00edt\u00e9st k\u00fcld\u00fcnk.<\/li>\n\n\n\n<li>Rend\u0151rs\u00e9g: A T\u00e1rsas\u00e1g bizonyos k\u00f6r\u00fclm\u00e9nyek k\u00f6z\u00f6tt k\u00f6teles lehet az \u00d6n szem\u00e9lyes adatait nyilv\u00e1noss\u00e1gra hozni, ha erre t\u00f6rv\u00e9ny vagy hat\u00f3s\u00e1g (pl. b\u00edr\u00f3s\u00e1g vagy korm\u00e1nyzati szerv) jogos k\u00e9r\u00e9s\u00e9re k\u00f6telezi.<\/li>\n<\/ul>\n\n\n\n<p><strong>Az \u00d6n szem\u00e9lyes adatainak biztons\u00e1ga<\/strong><\/p>\n\n\n\n<p>Az \u00d6n szem\u00e9lyes adatainak biztons\u00e1ga fontos sz\u00e1munkra, de ne feledje, hogy az interneten kereszt\u00fcl t\u00f6rt\u00e9n\u0151 tov\u00e1bb\u00edt\u00e1s vagy az elektronikus t\u00e1rol\u00e1s semmilyen m\u00f3dszere nem 100% biztons\u00e1gos. B\u00e1r t\u00f6reksz\u00fcnk arra, hogy kereskedelmi szempontb\u00f3l elfogadhat\u00f3 eszk\u00f6z\u00f6ket alkalmazzunk az \u00d6n Szem\u00e9lyes adatainak v\u00e9delme \u00e9rdek\u00e9ben, nem tudjuk garant\u00e1lni azok abszol\u00fat biztons\u00e1g\u00e1t.<\/p>\n\n\n\n<p><strong>Gyermekek adatv\u00e9delme<\/strong><\/p>\n\n\n\n<p>Szolg\u00e1ltat\u00e1sunk nem sz\u00f3l 13 \u00e9v alattiakhoz. Tudatosan nem gy\u0171jt\u00fcnk szem\u00e9lyazonos\u00edt\u00e1sra alkalmas adatokat 13 \u00e9v alattiakt\u00f3l. Ha \u00d6n sz\u00fcl\u0151 vagy gy\u00e1m, \u00e9s tudom\u00e1sa van arr\u00f3l, hogy gyermeke szem\u00e9lyes adatokat adott meg nek\u00fcnk, k\u00e9rj\u00fck, l\u00e9pjen kapcsolatba vel\u00fcnk. Ha tudom\u00e1st szerz\u00fcnk arr\u00f3l, hogy sz\u00fcl\u0151i beleegyez\u00e9s ellen\u0151rz\u00e9se n\u00e9lk\u00fcl 13 \u00e9v alatti szem\u00e9lyt\u0151l gy\u0171jt\u00f6tt\u00fcnk Szem\u00e9lyes adatokat, l\u00e9p\u00e9seket tesz\u00fcnk annak \u00e9rdek\u00e9ben, hogy elt\u00e1vol\u00edtsuk az adott inform\u00e1ci\u00f3t a szervereinkr\u0151l.<\/p>\n\n\n\n<p><strong>Az adatv\u00e9delmi szab\u00e1lyzat m\u00f3dos\u00edt\u00e1sai<\/strong><\/p>\n\n\n\n<p>Id\u0151r\u0151l id\u0151re friss\u00edthetj\u00fck Adatv\u00e9delmi szab\u00e1lyzatunkat. A v\u00e1ltoz\u00e1sokr\u00f3l az \u00faj Adatv\u00e9delmi szab\u00e1lyzat ezen az oldalon t\u00f6rt\u00e9n\u0151 k\u00f6zz\u00e9t\u00e9tel\u00e9vel \u00e9rtes\u00edtj\u00fck \u00d6nt. A v\u00e1ltoz\u00e1s hat\u00e1lyba l\u00e9p\u00e9se el\u0151tt e-mailben \u00e9s\/vagy a Szolg\u00e1ltat\u00e1sunkban j\u00f3l l\u00e1that\u00f3an elhelyezett \u00e9rtes\u00edt\u00e9sben \u00e9rtes\u00edtj\u00fck \u00d6nt, \u00e9s friss\u00edtj\u00fck az Adatv\u00e9delmi szab\u00e1lyzat tetej\u00e9n tal\u00e1lhat\u00f3 \"Utols\u00f3 friss\u00edt\u00e9s\" d\u00e1tumot.<\/p>\n\n\n\n<p><strong>Linkek m\u00e1s weboldalakra<\/strong><\/p>\n\n\n\n<p>Szolg\u00e1ltat\u00e1sunk tartalmazhat olyan m\u00e1s weboldalakra mutat\u00f3 linkeket, amelyeket nem mi \u00fczemeltet\u00fcnk. Ha \u00d6n r\u00e1kattint egy harmadik f\u00e9l linkj\u00e9re, akkor az adott harmadik f\u00e9l oldal\u00e1ra ker\u00fcl \u00e1tir\u00e1ny\u00edt\u00e1sra. Nyomat\u00e9kosan javasoljuk \u00d6nnek, hogy olvassa el minden egyes megl\u00e1togatott webhely Adatv\u00e9delmi szab\u00e1lyzat\u00e1t. Nem rendelkez\u00fcnk ellen\u0151rz\u00e9ssel, \u00e9s nem v\u00e1llalunk felel\u0151ss\u00e9get harmadik felek webhelyeinek vagy szolg\u00e1ltat\u00e1sainak tartalm\u00e1\u00e9rt, adatv\u00e9delmi ir\u00e1nyelvei\u00e9rt vagy gyakorlat\u00e1\u00e9rt.<\/p>\n\n\n\n<p><strong>Kapcsolatfelv\u00e9tel<\/strong><\/p>\n\n\n\n<p>Ha b\u00e1rmilyen k\u00e9rd\u00e9se van ezzel az Adatv\u00e9delmi Szab\u00e1lyzattal kapcsolatban, forduljon hozz\u00e1nk:<\/p>\n\n\n\n<p>E-mailben:\u00a0<a href=\"mailto:support@sprunki-phase.online\">support@<\/a>myfemboy-roommate.com<\/p>","protected":false},"excerpt":{"rendered":"<p>Last Updated: November 21, 2024 This Privacy Policy outlines our practices and policies concerning the gathering, use, and disclosure of your Personal Data while using the Service. It also informs you about your privacy rights and legal protections. We use the Personal Data to deliver and enhance the Service. Your use of the Service implies [&hellip;]<\/p>","protected":false},"author":1,"featured_media":0,"parent":0,"menu_order":0,"comment_status":"closed","ping_status":"open","template":"","meta":{"footnotes":""},"class_list":["post-3","page","type-page","status-publish","hentry"],"_links":{"self":[{"href":"https:\/\/myfemboy-roommate.com\/homepage\/hu\/wp-json\/wp\/v2\/pages\/3","targetHints":{"allow":["GET"]}}],"collection":[{"href":"https:\/\/myfemboy-roommate.com\/homepage\/hu\/wp-json\/wp\/v2\/pages"}],"about":[{"href":"https:\/\/myfemboy-roommate.com\/homepage\/hu\/wp-json\/wp\/v2\/types\/page"}],"author":[{"embeddable":true,"href":"https:\/\/myfemboy-roommate.com\/homepage\/hu\/wp-json\/wp\/v2\/users\/1"}],"replies":[{"embeddable":true,"href":"https:\/\/myfemboy-roommate.com\/homepage\/hu\/wp-json\/wp\/v2\/comments?post=3"}],"version-history":[{"count":1,"href":"https:\/\/myfemboy-roommate.com\/homepage\/hu\/wp-json\/wp\/v2\/pages\/3\/revisions"}],"predecessor-version":[{"id":118,"href":"https:\/\/myfemboy-roommate.com\/homepage\/hu\/wp-json\/wp\/v2\/pages\/3\/revisions\/118"}],"wp:attachment":[{"href":"https:\/\/myfemboy-roommate.com\/homepage\/hu\/wp-json\/wp\/v2\/media?parent=3"}],"curies":[{"name":"wp","href":"https:\/\/api.w.org\/{rel}","templated":true}]}}