{"id":3,"date":"2024-11-11T17:44:49","date_gmt":"2024-11-11T17:44:49","guid":{"rendered":"http:\/\/box5572\/cgi\/addon_GT.cgi?s=GT::WP::Install::Cpanel+%28ghnjwzmy%29+-+127.0.0.1+%5Bnocaller%5D\/?page_id=3"},"modified":"2024-11-21T10:20:44","modified_gmt":"2024-11-21T10:20:44","slug":"privacy-policy","status":"publish","type":"page","link":"https:\/\/myfemboy-roommate.com\/homepage\/it\/privacy-policy\/","title":{"rendered":"Informativa sulla privacy per Il mio coinquilino Femboy"},"content":{"rendered":"<p><strong>Ultimo aggiornamento: 21 novembre 2024<\/strong><\/p>\n\n\n\n<p>La presente Informativa sulla privacy illustra le nostre pratiche e politiche relative alla raccolta, all'utilizzo e alla divulgazione dei vostri Dati personali durante l'utilizzo del Servizio. Inoltre, informa l'utente sui suoi diritti alla privacy e sulle tutele legali. Utilizziamo i Dati personali per fornire e migliorare il Servizio. L'utilizzo del Servizio da parte dell'utente implica il consenso alla raccolta e all'utilizzo dei suoi Dati personali come indicato nella presente Informativa sulla privacy.<\/p>\n\n\n\n<p><strong>Interpretazione e definizioni<\/strong><\/p>\n\n\n\n<p>Ai fini della presente Informativa sulla privacy:<\/p>\n\n\n\n<ul class=\"wp-block-list\">\n<li><strong>Conto<\/strong>\u00a0indica un account unico creato per l'Utente per accedere al nostro Servizio o a parti di esso.<\/li>\n\n\n\n<li><strong>Affiliato<\/strong>\u00a0indica un'entit\u00e0 che controlla, \u00e8 controllata da, o \u00e8 sotto controllo comune con una parte, dove per \"controllo\" si intende la propriet\u00e0 di 50% o pi\u00f9 delle azioni, partecipazioni o altri titoli che danno diritto al voto per l'elezione degli amministratori o di altri poteri di gestione.<\/li>\n\n\n\n<li><strong>Azienda<\/strong>\u00a0(indicata come \"la Societ\u00e0\", \"Noi\" o \"Nostro\" nel presente Accordo) si riferisce a My Femboy Roommate, accessibile da https:\/\/myfemboy-roommate.com\/.<\/li>\n\n\n\n<li><strong>Biscotti<\/strong>\u00a0sono piccoli file che vengono inseriti nel computer, nel dispositivo mobile o in qualsiasi altro dispositivo dell'utente da un sito web, contenenti i dettagli della cronologia di navigazione dell'utente su quel sito web, tra i suoi numerosi usi.<\/li>\n\n\n\n<li><strong>Paese<\/strong>\u00a0si riferisce a New York, USA.<\/li>\n\n\n\n<li><strong>Dispositivo<\/strong>\u00a0si intende qualsiasi dispositivo in grado di accedere al Servizio, come un computer, un telefono cellulare o una tavoletta digitale.<\/li>\n\n\n\n<li><strong>Dati personali<\/strong>\u00a0\u00e8 qualsiasi informazione che si riferisce a un individuo identificato o identificabile.<\/li>\n\n\n\n<li><strong>Servizio<\/strong>\u00a0si riferisce al Sito web.<\/li>\n\n\n\n<li><strong>Fornitore di servizi<\/strong>\u00a0indica qualsiasi persona fisica o giuridica che elabora i dati per conto della Societ\u00e0. Si riferisce a societ\u00e0 o persone terze impiegate dalla Societ\u00e0 per facilitare il Servizio, per fornire il Servizio per conto della Societ\u00e0, per eseguire servizi correlati al Servizio o per assistere la Societ\u00e0 nell'analisi delle modalit\u00e0 di utilizzo del Servizio.<\/li>\n\n\n\n<li><strong>Dati di utilizzo<\/strong>\u00a0si riferisce a dati raccolti automaticamente, generati dall'uso del Servizio o dall'infrastruttura del Servizio stesso (ad esempio, la durata della visita di una pagina).<\/li>\n\n\n\n<li><strong>Sito web<\/strong>\u00a0si riferisce a Il mio coinquilino femboy, accessibile da https:\/\/myfemboy-roommate.com\/.<\/li>\n\n\n\n<li><strong>Tu<\/strong>\u00a0indica l'individuo che accede o utilizza il Servizio, o la societ\u00e0 o altra persona giuridica per conto della quale tale individuo accede o utilizza il Servizio, a seconda dei casi.<\/li>\n<\/ul>\n\n\n\n<p><strong>Raccolta e utilizzo dei dati personali<\/strong><\/p>\n\n\n\n<p><strong>Tipi di dati raccolti<\/strong><\/p>\n\n\n\n<ul class=\"wp-block-list\">\n<li><strong>Dati personali<\/strong>: Durante l'utilizzo del nostro Servizio, potremmo chiedervi di fornirci alcune informazioni di identificazione personale che possono essere utilizzate per identificarvi o contattarvi. Le informazioni di identificazione personale possono includere, a titolo esemplificativo ma non esaustivo:<\/li>\n\n\n\n<li><strong>Utilizzo dei dati<\/strong>: Il Servizio raccoglie automaticamente dati di utilizzo durante il suo utilizzo. Questi dati possono comprendere dettagli quali l'indirizzo del protocollo Internet (IP) del dispositivo, il tipo di browser, la versione del browser, le pagine specifiche del nostro Servizio visitate, la data e l'ora della visita, la durata della permanenza su tali pagine, gli identificatori unici del dispositivo e altre informazioni diagnostiche.<\/li>\n<\/ul>\n\n\n\n<p><strong>Utilizzo dei dati personali<\/strong><\/p>\n\n\n\n<p>La Societ\u00e0 pu\u00f2 utilizzare i Dati personali per i seguenti scopi:<\/p>\n\n\n\n<ul class=\"wp-block-list\">\n<li>Per fornire e mantenere il nostro Servizio, compreso il monitoraggio dell'utilizzo del nostro Servizio.<\/li>\n\n\n\n<li>Per gestire il Suo account: per gestire la Sua registrazione come utente del Servizio.<\/li>\n\n\n\n<li>Per fornirvi offerte speciali, notizie e informazioni generali su altri beni, servizi ed eventi che offriamo e che sono simili a quelli che avete gi\u00e0 acquistato o per i quali avete richiesto informazioni, a meno che non abbiate scelto di non ricevere tali informazioni.<\/li>\n\n\n\n<li>Gestire le Sue richieste: Per assistere e gestire le Sue richieste a Noi.<\/li>\n\n\n\n<li>Per l'esecuzione di un contratto: lo sviluppo, la conformit\u00e0 e l'esecuzione del contratto di acquisto di prodotti, articoli o servizi acquistati dall'Utente o di qualsiasi altro contratto stipulato con noi attraverso il Servizio.<\/li>\n\n\n\n<li>Per contattarLa: Contattare l'Utente tramite e-mail, telefonate, SMS o altre forme equivalenti di comunicazione elettronica, come le notifiche push di un'applicazione mobile, in merito agli aggiornamenti o alle comunicazioni informative relative alle funzionalit\u00e0, ai prodotti o ai servizi oggetto del contratto, compresi gli aggiornamenti di sicurezza, quando necessario o ragionevole per la loro implementazione.<\/li>\n\n\n\n<li>Per trasferimenti aziendali: Potremmo utilizzare le informazioni dell'utente per valutare o condurre una fusione, una cessione, una ristrutturazione, una riorganizzazione, uno scioglimento o un'altra vendita o trasferimento di alcuni o di tutti i nostri beni, sia come azienda in attivit\u00e0 che come parte di un fallimento, di una liquidazione o di un procedimento simile, in cui i dati personali in nostro possesso relativi agli utenti dei nostri servizi siano tra i beni trasferiti.<\/li>\n<\/ul>\n\n\n\n<p><strong>Possiamo condividere i Suoi dati personali nelle seguenti situazioni:<\/strong><\/p>\n\n\n\n<ul class=\"wp-block-list\">\n<li>Per trasferimenti aziendali: Potremmo condividere o trasferire le informazioni personali dell'utente in relazione a, o durante le trattative di, qualsiasi fusione, vendita di beni aziendali, finanziamento o acquisizione di tutta o parte della nostra attivit\u00e0 a un'altra societ\u00e0.<\/li>\n\n\n\n<li>Con gli affiliati: Potremmo condividere le informazioni dell'utente con le nostre affiliate, nel qual caso richiederemo a tali affiliate di rispettare la presente Informativa sulla privacy.<\/li>\n\n\n\n<li>Con i fornitori di servizi: Possiamo condividere le informazioni personali dell'utente con i fornitori di servizi per monitorare e analizzare l'uso del nostro servizio, per contattare l'utente.<\/li>\n\n\n\n<li>Con i partner commerciali: Possiamo condividere le informazioni dell'utente con i nostri partner commerciali per offrire all'utente determinati prodotti, servizi o promozioni.<\/li>\n\n\n\n<li>Con altri utenti: quando l'Utente condivide informazioni personali o interagisce in altro modo nelle aree pubbliche con altri utenti, tali informazioni possono essere visualizzate da tutti gli utenti e possono essere diffuse pubblicamente all'esterno.<\/li>\n\n\n\n<li>Con il consenso dell'utente: Possiamo divulgare i Suoi dati personali per qualsiasi altro scopo con il Suo consenso.<\/li>\n<\/ul>\n\n\n\n<p><strong>Tecnologie di tracciamento e cookie<\/strong><\/p>\n\n\n\n<p>Utilizziamo cookie e tecnologie di tracciamento simili per monitorare l'attivit\u00e0 sul nostro Servizio e memorizzare determinate informazioni. Le tecnologie di tracciamento utilizzate sono beacon, tag e script per raccogliere e tracciare informazioni e per migliorare e analizzare il Nostro Servizio.<\/p>\n\n\n\n<p><strong>Conservazione dei dati personali<\/strong><\/p>\n\n\n\n<p>La Societ\u00e0 conserver\u00e0 i Dati personali dell'utente solo per il tempo necessario agli scopi indicati nella presente Informativa sulla privacy. Conserveremo e utilizzeremo i Dati personali dell'utente nella misura necessaria per adempiere ai nostri obblighi legali, risolvere controversie e applicare i nostri accordi e politiche legali.<\/p>\n\n\n\n<p><strong>Trasferimento dei dati personali<\/strong><\/p>\n\n\n\n<p>Le Sue informazioni, compresi i Dati personali, sono trattate presso gli uffici operativi della Societ\u00e0 e in qualsiasi altro luogo in cui si trovino le parti coinvolte nel trattamento. Ci\u00f2 significa che tali informazioni possono essere trasferite a - e mantenute su - computer situati al di fuori del vostro stato, provincia, paese o altra giurisdizione governativa in cui le leggi sulla protezione dei dati possono essere diverse da quelle della vostra giurisdizione.<\/p>\n\n\n\n<p><strong>Cancellazione dei dati personali<\/strong><\/p>\n\n\n\n<p>L'utente conserva il diritto di rimuovere o chiedere assistenza per rimuovere i Dati personali raccolti su di lui. Attraverso il nostro Servizio, l'utente pu\u00f2 avere la possibilit\u00e0 di cancellare informazioni specifiche su di s\u00e9. \u00c8 possibile modificare, rivedere o cancellare i propri dati in qualsiasi momento accedendo al proprio Account, se applicabile, e navigando nell'area delle impostazioni dell'account destinata alla gestione dei propri dati personali. In alternativa, l'utente pu\u00f2 contattarci per richiedere l'accesso, la correzione o la cancellazione delle informazioni personali che ha condiviso con noi.<\/p>\n\n\n\n<p><strong>Divulgazione dei dati personali<\/strong><\/p>\n\n\n\n<ul class=\"wp-block-list\">\n<li>Transazioni commerciali: Se la Societ\u00e0 \u00e8 coinvolta in una fusione, un'acquisizione o una vendita di attivit\u00e0, i vostri dati personali potrebbero essere trasferiti. Vi informeremo prima che i vostri dati personali vengano trasferiti e diventino soggetti a una diversa Informativa sulla privacy.<\/li>\n\n\n\n<li>Applicazione della legge: In determinate circostanze, la Societ\u00e0 potrebbe essere tenuta a divulgare i Dati personali dell'utente se richiesto dalla legge o in risposta a richieste valide da parte di autorit\u00e0 pubbliche (ad esempio, un tribunale o un'agenzia governativa).<\/li>\n<\/ul>\n\n\n\n<p><strong>Sicurezza dei dati personali<\/strong><\/p>\n\n\n\n<p>La sicurezza dei Dati personali dell'utente \u00e8 importante per noi, ma ricordiamo che nessun metodo di trasmissione su Internet o di archiviazione elettronica \u00e8 sicuro. Pur sforzandoci di utilizzare mezzi commercialmente accettabili per proteggere i Dati personali dell'utente, non possiamo garantirne l'assoluta sicurezza.<\/p>\n\n\n\n<p><strong>Privacy dei bambini<\/strong><\/p>\n\n\n\n<p>Il nostro Servizio non si rivolge a persone di et\u00e0 inferiore ai 13 anni. Non raccogliamo consapevolmente informazioni di identificazione personale da persone di et\u00e0 inferiore ai 13 anni. Se siete un genitore o un tutore e siete a conoscenza del fatto che vostro figlio ci ha fornito dati personali, siete pregati di contattarci. Se veniamo a conoscenza di aver raccolto dati personali da persone di et\u00e0 inferiore ai 13 anni senza aver verificato il consenso dei genitori, ci attiviamo per rimuovere tali informazioni dai nostri server.<\/p>\n\n\n\n<p><strong>Modifiche alla presente Informativa sulla privacy<\/strong><\/p>\n\n\n\n<p>Possiamo aggiornare la nostra Informativa sulla privacy di tanto in tanto. Notificheremo all'Utente eventuali modifiche pubblicando la nuova Informativa sulla privacy su questa pagina. Vi informeremo via e-mail e\/o con un avviso ben visibile sul nostro Servizio, prima che la modifica diventi effettiva, e aggiorneremo la data \"Ultimo aggiornamento\" nella parte superiore della presente Informativa sulla privacy.<\/p>\n\n\n\n<p><strong>Link ad altri siti web<\/strong><\/p>\n\n\n\n<p>Il nostro Servizio pu\u00f2 contenere link ad altri siti web che non sono gestiti da noi. Se l'Utente clicca su un link di terzi, sar\u00e0 indirizzato al sito di questi ultimi. Consigliamo vivamente all'Utente di prendere visione dell'Informativa sulla privacy di ogni sito visitato. Non abbiamo alcun controllo e non ci assumiamo alcuna responsabilit\u00e0 per il contenuto, le politiche sulla privacy o le pratiche di siti o servizi di terzi.<\/p>\n\n\n\n<p><strong>Contatto<\/strong><\/p>\n\n\n\n<p>In caso di domande sulla presente Informativa sulla privacy, \u00e8 possibile contattarci:<\/p>\n\n\n\n<p>Per e-mail:\u00a0<a href=\"mailto:support@sprunki-phase.online\">supporto@<\/a>myfemboy-roommate.com<\/p>","protected":false},"excerpt":{"rendered":"<p>Ultimo aggiornamento: 21 novembre 2024 La presente Informativa sulla privacy illustra le nostre pratiche e politiche relative alla raccolta, all'utilizzo e alla divulgazione dei vostri Dati personali durante l'utilizzo del Servizio. Inoltre, informa l'utente sui suoi diritti alla privacy e sulle tutele legali. Utilizziamo i Dati personali per fornire e migliorare il Servizio. L'utilizzo del Servizio implica [...]<\/p>","protected":false},"author":1,"featured_media":0,"parent":0,"menu_order":0,"comment_status":"closed","ping_status":"open","template":"","meta":{"footnotes":""},"class_list":["post-3","page","type-page","status-publish","hentry"],"_links":{"self":[{"href":"https:\/\/myfemboy-roommate.com\/homepage\/it\/wp-json\/wp\/v2\/pages\/3","targetHints":{"allow":["GET"]}}],"collection":[{"href":"https:\/\/myfemboy-roommate.com\/homepage\/it\/wp-json\/wp\/v2\/pages"}],"about":[{"href":"https:\/\/myfemboy-roommate.com\/homepage\/it\/wp-json\/wp\/v2\/types\/page"}],"author":[{"embeddable":true,"href":"https:\/\/myfemboy-roommate.com\/homepage\/it\/wp-json\/wp\/v2\/users\/1"}],"replies":[{"embeddable":true,"href":"https:\/\/myfemboy-roommate.com\/homepage\/it\/wp-json\/wp\/v2\/comments?post=3"}],"version-history":[{"count":1,"href":"https:\/\/myfemboy-roommate.com\/homepage\/it\/wp-json\/wp\/v2\/pages\/3\/revisions"}],"predecessor-version":[{"id":118,"href":"https:\/\/myfemboy-roommate.com\/homepage\/it\/wp-json\/wp\/v2\/pages\/3\/revisions\/118"}],"wp:attachment":[{"href":"https:\/\/myfemboy-roommate.com\/homepage\/it\/wp-json\/wp\/v2\/media?parent=3"}],"curies":[{"name":"wp","href":"https:\/\/api.w.org\/{rel}","templated":true}]}}