{"id":3,"date":"2024-11-11T17:44:49","date_gmt":"2024-11-11T17:44:49","guid":{"rendered":"http:\/\/box5572\/cgi\/addon_GT.cgi?s=GT::WP::Install::Cpanel+%28ghnjwzmy%29+-+127.0.0.1+%5Bnocaller%5D\/?page_id=3"},"modified":"2024-11-21T10:20:44","modified_gmt":"2024-11-21T10:20:44","slug":"privacy-policy","status":"publish","type":"page","link":"https:\/\/myfemboy-roommate.com\/homepage\/nb\/privacy-policy\/","title":{"rendered":"Retningslinjer for personvern for My Femboy Roommate"},"content":{"rendered":"<p><strong>Sist oppdatert: 21. november 2024<\/strong><\/p>\n\n\n\n<p>Denne personvernerkl\u00e6ringen beskriver v\u00e5r praksis og v\u00e5re retningslinjer for innsamling, bruk og utlevering av personopplysningene dine n\u00e5r du bruker tjenesten. Den informerer deg ogs\u00e5 om dine personvernrettigheter og juridiske beskyttelse. Vi bruker personopplysningene til \u00e5 levere og forbedre tjenesten. Din bruk av tjenesten inneb\u00e6rer at du samtykker til v\u00e5r innsamling og bruk av dine personopplysninger som beskrevet i denne personvernerkl\u00e6ringen.<\/p>\n\n\n\n<p><strong>Tolkning og definisjoner<\/strong><\/p>\n\n\n\n<p>I forbindelse med denne personvernerkl\u00e6ringen:<\/p>\n\n\n\n<ul class=\"wp-block-list\">\n<li><strong>Konto<\/strong>\u00a0betyr en unik konto som er opprettet for deg for \u00e5 f\u00e5 tilgang til v\u00e5r Tjeneste eller deler av v\u00e5r Tjeneste.<\/li>\n\n\n\n<li><strong>Tilknyttet selskap<\/strong>\u00a0betyr en enhet som kontrollerer, kontrolleres av eller er under felles kontroll med en part, der \"kontroll\" betyr eierskap av 50% eller mer av aksjene, eierandelene eller andre verdipapirer som gir rett til \u00e5 stemme ved valg av styremedlemmer eller annen forvaltningsmyndighet.<\/li>\n\n\n\n<li><strong>Selskap<\/strong>\u00a0(referert til som enten \"Selskapet\", \"Vi\", \"Oss\" eller \"V\u00e5r\" i denne Avtalen) refererer til My Femboy Roommate, som er tilgjengelig fra https:\/\/myfemboy-roommate.com\/.<\/li>\n\n\n\n<li><strong>Informasjonskapsler<\/strong>\u00a0er sm\u00e5 filer som plasseres p\u00e5 datamaskinen, mobilenheten eller andre enheter av et nettsted, og som blant annet inneholder informasjon om nettleserhistorikken din p\u00e5 det aktuelle nettstedet.<\/li>\n\n\n\n<li><strong>Land<\/strong>\u00a0refererer til New York, USA.<\/li>\n\n\n\n<li><strong>Enhet<\/strong>\u00a0betyr enhver enhet som kan f\u00e5 tilgang til Tjenesten, for eksempel en datamaskin, en mobiltelefon eller et digitalt nettbrett.<\/li>\n\n\n\n<li><strong>Personopplysninger<\/strong>\u00a0er all informasjon som er knyttet til en identifisert eller identifiserbar person.<\/li>\n\n\n\n<li><strong>Service<\/strong>\u00a0refererer til nettstedet.<\/li>\n\n\n\n<li><strong>Tjenesteleverand\u00f8r<\/strong>\u00a0betyr enhver fysisk eller juridisk person som behandler dataene p\u00e5 vegne av selskapet. Det refererer til tredjepartsselskaper eller enkeltpersoner som er ansatt av selskapet for \u00e5 legge til rette for tjenesten, for \u00e5 levere tjenesten p\u00e5 vegne av selskapet, for \u00e5 utf\u00f8re tjenester relatert til tjenesten eller for \u00e5 hjelpe selskapet med \u00e5 analysere hvordan tjenesten brukes.<\/li>\n\n\n\n<li><strong>Bruksdata<\/strong>\u00a0refererer til data som samles inn automatisk, enten generert ved bruk av tjenesten eller fra selve tjenesteinfrastrukturen (for eksempel varigheten av et sidebes\u00f8k).<\/li>\n\n\n\n<li><strong>Nettsted<\/strong>\u00a0henviser til My Femboy Roommate, som er tilgjengelig fra https:\/\/myfemboy-roommate.com\/.<\/li>\n\n\n\n<li><strong>Du<\/strong>\u00a0betyr den personen som f\u00e5r tilgang til eller bruker Tjenesten, eller selskapet eller annen juridisk enhet p\u00e5 vegne av hvilken en slik person f\u00e5r tilgang til eller bruker Tjenesten, alt etter hva som er aktuelt.<\/li>\n<\/ul>\n\n\n\n<p><strong>Innsamling og bruk av personopplysningene dine<\/strong><\/p>\n\n\n\n<p><strong>Typer data som samles inn<\/strong><\/p>\n\n\n\n<ul class=\"wp-block-list\">\n<li><strong>Personopplysninger<\/strong>: N\u00e5r du bruker tjenesten v\u00e5r, kan vi be deg om \u00e5 gi oss visse personopplysninger som kan brukes til \u00e5 identifisere deg eller kontakte deg. Personlig identifiserbar informasjon kan omfatte, men er ikke begrenset til:<\/li>\n\n\n\n<li><strong>Bruk av data<\/strong>: Tjenesten samler automatisk inn bruksdata under bruk. Disse dataene kan omfatte detaljer som enhetens IP-adresse (Internet Protocol), nettlesertype, nettleserversjon, de spesifikke sidene i tjenesten du bes\u00f8ker, dato og klokkeslett for bes\u00f8ket, varigheten av bes\u00f8ket p\u00e5 disse sidene, unike enhetsidentifikatorer og annen diagnostisk informasjon.<\/li>\n<\/ul>\n\n\n\n<p><strong>Bruk av personopplysningene dine<\/strong><\/p>\n\n\n\n<p>Selskapet kan bruke Personopplysninger til f\u00f8lgende form\u00e5l:<\/p>\n\n\n\n<ul class=\"wp-block-list\">\n<li>For \u00e5 levere og vedlikeholde tjenesten v\u00e5r, inkludert for \u00e5 overv\u00e5ke bruken av tjenesten v\u00e5r.<\/li>\n\n\n\n<li>For \u00e5 administrere kontoen din: for \u00e5 administrere registreringen din som bruker av tjenesten.<\/li>\n\n\n\n<li>For \u00e5 gi deg spesialtilbud, nyheter og generell informasjon om andre varer, tjenester og arrangementer som vi tilbyr som ligner p\u00e5 dem du allerede har kj\u00f8pt eller forespurt om, med mindre du har valgt \u00e5 ikke motta slik informasjon.<\/li>\n\n\n\n<li>For \u00e5 administrere foresp\u00f8rslene dine: For \u00e5 ivareta og administrere dine foresp\u00f8rsler til oss.<\/li>\n\n\n\n<li>For utf\u00f8relse av en kontrakt: utvikling, overholdelse og gjennomf\u00f8ring av kj\u00f8pekontrakten for produktene, varene eller tjenestene du har kj\u00f8pt, eller av enhver annen kontrakt med oss gjennom tjenesten.<\/li>\n\n\n\n<li>For \u00e5 kontakte deg: For \u00e5 kontakte deg via e-post, telefonsamtaler, SMS eller andre tilsvarende former for elektronisk kommunikasjon, for eksempel push-varsler i en mobilapplikasjon om oppdateringer eller informativ kommunikasjon knyttet til funksjonalitet, produkter eller avtalte tjenester, inkludert sikkerhetsoppdateringer, n\u00e5r det er n\u00f8dvendig eller rimelig for implementeringen av disse.<\/li>\n\n\n\n<li>For virksomhetsoverdragelser: Vi kan bruke informasjonen din til \u00e5 evaluere eller gjennomf\u00f8re en fusjon, avhending, restrukturering, omorganisering, oppl\u00f8sning eller annet salg eller overf\u00f8ring av noen av eller alle v\u00e5re eiendeler, enten som en fortsatt virksomhet eller som en del av en konkurs, avvikling eller lignende prosedyre, der personopplysninger som vi har om v\u00e5re tjenestebrukere, er blant de overf\u00f8rte eiendelene.<\/li>\n<\/ul>\n\n\n\n<p><strong>Vi kan dele personopplysningene dine i f\u00f8lgende situasjoner:<\/strong><\/p>\n\n\n\n<ul class=\"wp-block-list\">\n<li>For virksomhetsoverf\u00f8ringer: Vi kan dele eller overf\u00f8re personopplysningene dine i forbindelse med, eller under forhandlinger om, fusjon, salg av selskapets eiendeler, finansiering eller oppkj\u00f8p av hele eller deler av virksomheten v\u00e5r til et annet selskap.<\/li>\n\n\n\n<li>Med tilknyttede selskaper: Vi kan dele informasjonen din med v\u00e5re tilknyttede selskaper, og i s\u00e5 fall vil vi kreve at disse tilknyttede selskapene overholder denne personvernerkl\u00e6ringen.<\/li>\n\n\n\n<li>Med tjenesteleverand\u00f8rer: Vi kan dele dine personopplysninger med tjenesteleverand\u00f8rer for \u00e5 overv\u00e5ke og analysere bruken av tjenesten v\u00e5r, og for \u00e5 kontakte deg.<\/li>\n\n\n\n<li>Med forretningspartnere: Vi kan dele informasjonen din med v\u00e5re forretningspartnere for \u00e5 tilby deg visse produkter, tjenester eller kampanjer.<\/li>\n\n\n\n<li>Med andre brukere: N\u00e5r du deler personlig informasjon eller p\u00e5 annen m\u00e5te samhandler i de offentlige omr\u00e5dene med andre brukere, kan slik informasjon bli sett av alle brukere og kan bli distribuert offentlig utenfor.<\/li>\n\n\n\n<li>Med ditt samtykke: Vi kan utlevere personopplysningene dine til andre form\u00e5l med ditt samtykke.<\/li>\n<\/ul>\n\n\n\n<p><strong>Sporingsteknologi og informasjonskapsler<\/strong><\/p>\n\n\n\n<p>Vi bruker informasjonskapsler og lignende sporingsteknologier for \u00e5 spore aktiviteten p\u00e5 Tjenesten v\u00e5r og lagre visse opplysninger. Sporingsteknologier som brukes er beacons, tagger og skript for \u00e5 samle inn og spore informasjon og for \u00e5 forbedre og analysere Tjenesten v\u00e5r.<\/p>\n\n\n\n<p><strong>Oppbevaring av personopplysningene dine<\/strong><\/p>\n\n\n\n<p>Selskapet vil kun oppbevare personopplysningene dine s\u00e5 lenge det er n\u00f8dvendig for de form\u00e5lene som er angitt i denne personvernerkl\u00e6ringen. Vi vil oppbevare og bruke personopplysningene dine i den grad det er n\u00f8dvendig for \u00e5 overholde v\u00e5re juridiske forpliktelser, l\u00f8se tvister og h\u00e5ndheve v\u00e5re juridiske avtaler og retningslinjer.<\/p>\n\n\n\n<p><strong>Overf\u00f8ring av personopplysningene dine<\/strong><\/p>\n\n\n\n<p>Informasjonen din, inkludert personopplysninger, behandles p\u00e5 selskapets driftskontorer og p\u00e5 andre steder der partene som er involvert i behandlingen befinner seg. Det betyr at denne informasjonen kan overf\u00f8res til - og vedlikeholdes p\u00e5 - datamaskiner som befinner seg utenfor din stat, provins, land eller annen statlig jurisdiksjon der personvernlovene kan avvike fra de som gjelder i din jurisdiksjon.<\/p>\n\n\n\n<p><strong>Sletting av personopplysningene dine<\/strong><\/p>\n\n\n\n<p>Du har rett til \u00e5 fjerne eller be om hjelp til \u00e5 fjerne personopplysningene vi har samlet inn om deg. Gjennom tjenesten v\u00e5r kan du ha muligheten til \u00e5 slette spesifikk informasjon om deg selv. Du kan n\u00e5r som helst endre, revidere eller slette opplysningene dine ved \u00e5 g\u00e5 inn p\u00e5 kontoen din, hvis det er aktuelt, og navigere til omr\u00e5det for kontoinnstillinger som er beregnet for \u00e5 administrere personopplysningene dine. Alternativt kan du kontakte oss for \u00e5 be om tilgang til, korrigering eller sletting av personopplysninger du har delt med oss.<\/p>\n\n\n\n<p><strong>Utlevering av personopplysningene dine<\/strong><\/p>\n\n\n\n<ul class=\"wp-block-list\">\n<li>Forretningstransaksjoner: Hvis selskapet er involvert i en fusjon, et oppkj\u00f8p eller salg av eiendeler, kan personopplysningene dine bli overf\u00f8rt. Vi vil varsle deg f\u00f8r personopplysningene dine overf\u00f8res og blir underlagt en annen personvernerkl\u00e6ring.<\/li>\n\n\n\n<li>Rettsh\u00e5ndhevelse: Under visse omstendigheter kan selskapet v\u00e6re p\u00e5lagt \u00e5 utlevere personopplysningene dine hvis loven krever det eller som svar p\u00e5 gyldige foresp\u00f8rsler fra offentlige myndigheter (f.eks. en domstol eller et myndighetsorgan).<\/li>\n<\/ul>\n\n\n\n<p><strong>Sikkerhet for personopplysningene dine<\/strong><\/p>\n\n\n\n<p>Sikkerheten til dine personopplysninger er viktig for oss, men husk at ingen metode for overf\u00f8ring over Internett eller metode for elektronisk lagring er 100% sikker. Selv om vi bestreber oss p\u00e5 \u00e5 bruke kommersielt akseptable metoder for \u00e5 beskytte personopplysningene dine, kan vi ikke garantere absolutt sikkerhet.<\/p>\n\n\n\n<p><strong>Barns personvern<\/strong><\/p>\n\n\n\n<p>Tjenesten v\u00e5r henvender seg ikke til personer under 13 \u00e5r. Vi samler ikke bevisst inn personlig identifiserbar informasjon fra personer under 13 \u00e5r. Hvis du er forelder eller foresatt og du er klar over at barnet ditt har gitt oss personopplysninger, ber vi deg kontakte oss. Hvis vi blir oppmerksomme p\u00e5 at vi har samlet inn personopplysninger fra noen under 13 \u00e5r uten verifisering av foreldrenes samtykke, tar vi skritt for \u00e5 fjerne denne informasjonen fra serverne v\u00e5re.<\/p>\n\n\n\n<p><strong>Endringer i denne personvernerkl\u00e6ringen<\/strong><\/p>\n\n\n\n<p>Vi kan oppdatere personvernerkl\u00e6ringen v\u00e5r fra tid til annen. Vi vil varsle deg om eventuelle endringer ved \u00e5 legge ut den nye personvernerkl\u00e6ringen p\u00e5 denne siden. Vi vil gi deg beskjed via e-post og\/eller et fremtredende varsel p\u00e5 tjenesten v\u00e5r, f\u00f8r endringen trer i kraft, og oppdatere datoen for \"Sist oppdatert\" \u00f8verst i denne personvernerkl\u00e6ringen.<\/p>\n\n\n\n<p><strong>Lenker til andre nettsteder<\/strong><\/p>\n\n\n\n<p>Tjenesten v\u00e5r kan inneholde lenker til andre nettsteder som ikke drives av oss. Hvis du klikker p\u00e5 en tredjepartslenke, vil du bli sendt til den tredjepartens nettsted. Vi anbefaler deg p\u00e5 det sterkeste \u00e5 lese gjennom personvernerkl\u00e6ringen til hvert nettsted du bes\u00f8ker. Vi har ingen kontroll over og p\u00e5tar oss ikke noe ansvar for innholdet, personvernerkl\u00e6ringene eller praksisen til tredjeparts nettsteder eller tjenester.<\/p>\n\n\n\n<p><strong>Kontakt oss<\/strong><\/p>\n\n\n\n<p>Hvis du har sp\u00f8rsm\u00e5l om denne personvernerkl\u00e6ringen, kan du kontakte oss:<\/p>\n\n\n\n<p>Via e-post:\u00a0<a href=\"mailto:support@sprunki-phase.online\">support@<\/a>myfemboy-roommate.com<\/p>","protected":false},"excerpt":{"rendered":"<p>Last Updated: November 21, 2024 This Privacy Policy outlines our practices and policies concerning the gathering, use, and disclosure of your Personal Data while using the Service. It also informs you about your privacy rights and legal protections. We use the Personal Data to deliver and enhance the Service. Your use of the Service implies [&hellip;]<\/p>","protected":false},"author":1,"featured_media":0,"parent":0,"menu_order":0,"comment_status":"closed","ping_status":"open","template":"","meta":{"footnotes":""},"class_list":["post-3","page","type-page","status-publish","hentry"],"_links":{"self":[{"href":"https:\/\/myfemboy-roommate.com\/homepage\/nb\/wp-json\/wp\/v2\/pages\/3","targetHints":{"allow":["GET"]}}],"collection":[{"href":"https:\/\/myfemboy-roommate.com\/homepage\/nb\/wp-json\/wp\/v2\/pages"}],"about":[{"href":"https:\/\/myfemboy-roommate.com\/homepage\/nb\/wp-json\/wp\/v2\/types\/page"}],"author":[{"embeddable":true,"href":"https:\/\/myfemboy-roommate.com\/homepage\/nb\/wp-json\/wp\/v2\/users\/1"}],"replies":[{"embeddable":true,"href":"https:\/\/myfemboy-roommate.com\/homepage\/nb\/wp-json\/wp\/v2\/comments?post=3"}],"version-history":[{"count":1,"href":"https:\/\/myfemboy-roommate.com\/homepage\/nb\/wp-json\/wp\/v2\/pages\/3\/revisions"}],"predecessor-version":[{"id":118,"href":"https:\/\/myfemboy-roommate.com\/homepage\/nb\/wp-json\/wp\/v2\/pages\/3\/revisions\/118"}],"wp:attachment":[{"href":"https:\/\/myfemboy-roommate.com\/homepage\/nb\/wp-json\/wp\/v2\/media?parent=3"}],"curies":[{"name":"wp","href":"https:\/\/api.w.org\/{rel}","templated":true}]}}