{"id":3,"date":"2024-11-11T17:44:49","date_gmt":"2024-11-11T17:44:49","guid":{"rendered":"http:\/\/box5572\/cgi\/addon_GT.cgi?s=GT::WP::Install::Cpanel+%28ghnjwzmy%29+-+127.0.0.1+%5Bnocaller%5D\/?page_id=3"},"modified":"2024-11-21T10:20:44","modified_gmt":"2024-11-21T10:20:44","slug":"privacy-policy","status":"publish","type":"page","link":"https:\/\/myfemboy-roommate.com\/homepage\/pt\/privacy-policy\/","title":{"rendered":"Pol\u00edtica de privacidade para My Femboy Roommate"},"content":{"rendered":"<p><strong>\u00daltima atualiza\u00e7\u00e3o: 21 de novembro de 2024<\/strong><\/p>\n\n\n\n<p>Esta Pol\u00edtica de Privacidade descreve nossas pr\u00e1ticas e pol\u00edticas relativas \u00e0 coleta, ao uso e \u00e0 divulga\u00e7\u00e3o de seus Dados Pessoais durante o uso do Servi\u00e7o. Ela tamb\u00e9m o informa sobre seus direitos de privacidade e prote\u00e7\u00f5es legais. Usamos os Dados Pessoais para fornecer e aprimorar o Servi\u00e7o. O uso do Servi\u00e7o implica seu consentimento com a coleta e o uso de seus Dados Pessoais conforme descrito nesta Pol\u00edtica de Privacidade.<\/p>\n\n\n\n<p><strong>Interpreta\u00e7\u00e3o e defini\u00e7\u00f5es<\/strong><\/p>\n\n\n\n<p>Para os fins desta Pol\u00edtica de Privacidade:<\/p>\n\n\n\n<ul class=\"wp-block-list\">\n<li><strong>Conta<\/strong>\u00a0significa uma conta exclusiva criada para que Voc\u00ea acesse nosso Servi\u00e7o ou partes dele.<\/li>\n\n\n\n<li><strong>Afiliada<\/strong>\u00a0significa uma entidade que controla, \u00e9 controlada por, ou est\u00e1 sob controle comum com uma parte, sendo que \"controle\" significa a propriedade de 50% ou mais das a\u00e7\u00f5es, participa\u00e7\u00e3o acion\u00e1ria ou outros t\u00edtulos com direito a voto para elei\u00e7\u00e3o de diretores ou outra autoridade administrativa.<\/li>\n\n\n\n<li><strong>Empresa<\/strong>\u00a0(referida como \"a Empresa\", \"N\u00f3s\", \"Nos\" ou \"Nosso\" neste Contrato) refere-se ao My Femboy Roommate, acess\u00edvel em https:\/\/myfemboy-roommate.com\/.<\/li>\n\n\n\n<li><strong>Cookies<\/strong>\u00a0s\u00e3o pequenos arquivos que s\u00e3o colocados em seu computador, dispositivo m\u00f3vel ou qualquer outro dispositivo por um site, contendo os detalhes de seu hist\u00f3rico de navega\u00e7\u00e3o nesse site, entre outros usos.<\/li>\n\n\n\n<li><strong>Pa\u00eds<\/strong>\u00a0refere-se a Nova York, EUA.<\/li>\n\n\n\n<li><strong>Dispositivo<\/strong>\u00a0significa qualquer dispositivo que possa acessar o Servi\u00e7o, como um computador, um celular ou um tablet digital.<\/li>\n\n\n\n<li><strong>Dados pessoais<\/strong>\u00a0\u00e9 qualquer informa\u00e7\u00e3o relacionada a um indiv\u00edduo identificado ou identific\u00e1vel.<\/li>\n\n\n\n<li><strong>Servi\u00e7o<\/strong>\u00a0refere-se ao Site.<\/li>\n\n\n\n<li><strong>Provedor de servi\u00e7os<\/strong>\u00a0significa qualquer pessoa f\u00edsica ou jur\u00eddica que processa os dados em nome da Empresa. Refere-se a empresas terceirizadas ou indiv\u00edduos empregados pela Empresa para facilitar o Servi\u00e7o, para fornecer o Servi\u00e7o em nome da Empresa, para executar servi\u00e7os relacionados ao Servi\u00e7o ou para auxiliar a Empresa a analisar como o Servi\u00e7o \u00e9 usado.<\/li>\n\n\n\n<li><strong>Dados de uso<\/strong>\u00a0refere-se a dados coletados automaticamente, gerados pelo uso do Servi\u00e7o ou da pr\u00f3pria infraestrutura do Servi\u00e7o (por exemplo, a dura\u00e7\u00e3o de uma visita \u00e0 p\u00e1gina).<\/li>\n\n\n\n<li><strong>Site<\/strong>\u00a0refere-se ao My Femboy Roommate, acess\u00edvel em https:\/\/myfemboy-roommate.com\/.<\/li>\n\n\n\n<li><strong>Voc\u00ea<\/strong>\u00a0significa o indiv\u00edduo que est\u00e1 acessando ou usando o Servi\u00e7o, ou a empresa ou outra entidade legal em nome da qual esse indiv\u00edduo est\u00e1 acessando ou usando o Servi\u00e7o, conforme aplic\u00e1vel.<\/li>\n<\/ul>\n\n\n\n<p><strong>Coleta e uso de seus dados pessoais<\/strong><\/p>\n\n\n\n<p><strong>Tipos de dados coletados<\/strong><\/p>\n\n\n\n<ul class=\"wp-block-list\">\n<li><strong>Dados pessoais<\/strong>: Ao usar nosso Servi\u00e7o, podemos solicitar que voc\u00ea nos forne\u00e7a determinadas informa\u00e7\u00f5es de identifica\u00e7\u00e3o pessoal que podem ser usadas para identific\u00e1-lo ou entrar em contato com voc\u00ea. As informa\u00e7\u00f5es de identifica\u00e7\u00e3o pessoal podem incluir, mas n\u00e3o est\u00e3o limitadas a:<\/li>\n\n\n\n<li><strong>Uso de dados<\/strong>: O Servi\u00e7o coleta automaticamente dados de utiliza\u00e7\u00e3o durante seu uso. Esses dados podem incluir detalhes como o endere\u00e7o IP (Internet Protocol) do seu dispositivo, o tipo de navegador, a vers\u00e3o do navegador, as p\u00e1ginas espec\u00edficas do nosso Servi\u00e7o que voc\u00ea visita, a data e a hora da sua visita, o tempo gasto nessas p\u00e1ginas, identificadores exclusivos de dispositivos e outras informa\u00e7\u00f5es de diagn\u00f3stico.<\/li>\n<\/ul>\n\n\n\n<p><strong>Uso de seus dados pessoais<\/strong><\/p>\n\n\n\n<p>A Empresa pode usar os Dados Pessoais para as seguintes finalidades:<\/p>\n\n\n\n<ul class=\"wp-block-list\">\n<li>Para fornecer e manter nosso Servi\u00e7o, inclusive para monitorar o uso do nosso Servi\u00e7o.<\/li>\n\n\n\n<li>Para gerenciar sua conta: para gerenciar seu registro como usu\u00e1rio do Servi\u00e7o.<\/li>\n\n\n\n<li>Para fornecer a voc\u00ea ofertas especiais, not\u00edcias e informa\u00e7\u00f5es gerais sobre outros produtos, servi\u00e7os e eventos que oferecemos que sejam semelhantes aos que voc\u00ea j\u00e1 comprou ou solicitou, a menos que voc\u00ea tenha optado por n\u00e3o receber essas informa\u00e7\u00f5es.<\/li>\n\n\n\n<li>Para gerenciar suas solicita\u00e7\u00f5es: Para atender e gerenciar suas solicita\u00e7\u00f5es para n\u00f3s.<\/li>\n\n\n\n<li>Para a execu\u00e7\u00e3o de um contrato: o desenvolvimento, a conformidade e a execu\u00e7\u00e3o do contrato de compra dos produtos, itens ou servi\u00e7os que Voc\u00ea adquiriu ou de qualquer outro contrato conosco por meio do Servi\u00e7o.<\/li>\n\n\n\n<li>Para entrar em contato com o Usu\u00e1rio: Para entrar em contato com Voc\u00ea por e-mail, telefonemas, SMS ou outras formas equivalentes de comunica\u00e7\u00e3o eletr\u00f4nica, como notifica\u00e7\u00f5es push de um aplicativo m\u00f3vel sobre atualiza\u00e7\u00f5es ou comunica\u00e7\u00f5es informativas relacionadas \u00e0s funcionalidades, produtos ou servi\u00e7os contratados, incluindo as atualiza\u00e7\u00f5es de seguran\u00e7a, quando necess\u00e1rio ou razo\u00e1vel para sua implementa\u00e7\u00e3o.<\/li>\n\n\n\n<li>Para transfer\u00eancias de neg\u00f3cios: Podemos usar suas informa\u00e7\u00f5es para avaliar ou conduzir uma fus\u00e3o, aliena\u00e7\u00e3o, reestrutura\u00e7\u00e3o, reorganiza\u00e7\u00e3o, dissolu\u00e7\u00e3o ou outra venda ou transfer\u00eancia de alguns ou todos os nossos ativos, seja como uma empresa em funcionamento ou como parte de um processo de fal\u00eancia, liquida\u00e7\u00e3o ou similar, no qual os Dados Pessoais mantidos por n\u00f3s sobre os usu\u00e1rios de nossos Servi\u00e7os estejam entre os ativos transferidos.<\/li>\n<\/ul>\n\n\n\n<p><strong>Podemos compartilhar suas informa\u00e7\u00f5es pessoais nas seguintes situa\u00e7\u00f5es:<\/strong><\/p>\n\n\n\n<ul class=\"wp-block-list\">\n<li>Para transfer\u00eancias de neg\u00f3cios: Podemos compartilhar ou transferir suas informa\u00e7\u00f5es pessoais em conex\u00e3o com, ou durante as negocia\u00e7\u00f5es de, qualquer fus\u00e3o, venda de ativos da Empresa, financiamento ou aquisi\u00e7\u00e3o de todo ou parte de nossos neg\u00f3cios para outra empresa.<\/li>\n\n\n\n<li>Com afiliadas: Podemos compartilhar suas informa\u00e7\u00f5es com nossas afiliadas e, nesse caso, exigiremos que essas afiliadas respeitem esta Pol\u00edtica de Privacidade.<\/li>\n\n\n\n<li>Com provedores de servi\u00e7os: Podemos compartilhar suas informa\u00e7\u00f5es pessoais com os provedores de servi\u00e7os para monitorar e analisar o uso do nosso Servi\u00e7o, para entrar em contato com voc\u00ea.<\/li>\n\n\n\n<li>Com parceiros comerciais: Podemos compartilhar suas informa\u00e7\u00f5es com nossos parceiros comerciais para lhe oferecer determinados produtos, servi\u00e7os ou promo\u00e7\u00f5es.<\/li>\n\n\n\n<li>Com outros usu\u00e1rios: quando voc\u00ea compartilha informa\u00e7\u00f5es pessoais ou interage de outra forma nas \u00e1reas p\u00fablicas com outros usu\u00e1rios, essas informa\u00e7\u00f5es podem ser visualizadas por todos os usu\u00e1rios e podem ser distribu\u00eddas publicamente no exterior.<\/li>\n\n\n\n<li>Com seu consentimento: Podemos divulgar suas informa\u00e7\u00f5es pessoais para qualquer outra finalidade com o seu consentimento.<\/li>\n<\/ul>\n\n\n\n<p><strong>Tecnologias de rastreamento e cookies<\/strong><\/p>\n\n\n\n<p>Usamos cookies e tecnologias de rastreamento semelhantes para rastrear a atividade em nosso Servi\u00e7o e armazenar determinadas informa\u00e7\u00f5es. As tecnologias de rastreamento usadas s\u00e3o beacons, tags e scripts para coletar e rastrear informa\u00e7\u00f5es e para melhorar e analisar nosso Servi\u00e7o.<\/p>\n\n\n\n<p><strong>Reten\u00e7\u00e3o de seus dados pessoais<\/strong><\/p>\n\n\n\n<p>A Empresa reter\u00e1 seus Dados Pessoais somente pelo tempo necess\u00e1rio para as finalidades estabelecidas nesta Pol\u00edtica de Privacidade. Reteremos e usaremos seus Dados Pessoais na medida necess\u00e1ria para cumprir nossas obriga\u00e7\u00f5es legais, resolver disputas e fazer cumprir nossos acordos e pol\u00edticas legais.<\/p>\n\n\n\n<p><strong>Transfer\u00eancia de seus dados pessoais<\/strong><\/p>\n\n\n\n<p>Suas informa\u00e7\u00f5es, inclusive Dados Pessoais, s\u00e3o processadas nos escrit\u00f3rios operacionais da Empresa e em quaisquer outros locais onde as partes envolvidas no processamento estejam localizadas. Isso significa que essas informa\u00e7\u00f5es podem ser transferidas para - e mantidas em - computadores localizados fora de seu estado, prov\u00edncia, pa\u00eds ou outra jurisdi\u00e7\u00e3o governamental, onde as leis de prote\u00e7\u00e3o de dados podem ser diferentes daquelas de sua jurisdi\u00e7\u00e3o.<\/p>\n\n\n\n<p><strong>Exclus\u00e3o de seus dados pessoais<\/strong><\/p>\n\n\n\n<p>Voc\u00ea tem o direito de remover ou solicitar assist\u00eancia para remover os Dados Pessoais que coletamos sobre voc\u00ea. Por meio do nosso Servi\u00e7o, voc\u00ea pode ter a op\u00e7\u00e3o de apagar informa\u00e7\u00f5es espec\u00edficas sobre voc\u00ea. Voc\u00ea pode modificar, revisar ou apagar seus detalhes a qualquer momento acessando sua Conta, se aplic\u00e1vel, e navegando at\u00e9 a \u00e1rea de configura\u00e7\u00f5es da conta designada para gerenciar suas informa\u00e7\u00f5es pessoais. Como alternativa, voc\u00ea pode entrar em contato conosco para solicitar acesso, corre\u00e7\u00e3o ou exclus\u00e3o de qualquer informa\u00e7\u00e3o pessoal que tenha compartilhado conosco.<\/p>\n\n\n\n<p><strong>Divulga\u00e7\u00e3o de seus dados pessoais<\/strong><\/p>\n\n\n\n<ul class=\"wp-block-list\">\n<li>Transa\u00e7\u00f5es comerciais: Se a Empresa estiver envolvida em uma fus\u00e3o, aquisi\u00e7\u00e3o ou venda de ativos, seus dados pessoais poder\u00e3o ser transferidos. Avisaremos antes que Seus Dados Pessoais sejam transferidos e se tornem sujeitos a uma Pol\u00edtica de Privacidade diferente.<\/li>\n\n\n\n<li>Aplica\u00e7\u00e3o da lei: Em determinadas circunst\u00e2ncias, a Empresa pode ser solicitada a divulgar seus Dados Pessoais se for obrigada a faz\u00ea-lo por lei ou em resposta a solicita\u00e7\u00f5es v\u00e1lidas de autoridades p\u00fablicas (por exemplo, um tribunal ou uma ag\u00eancia governamental).<\/li>\n<\/ul>\n\n\n\n<p><strong>Seguran\u00e7a de seus dados pessoais<\/strong><\/p>\n\n\n\n<p>A seguran\u00e7a dos seus Dados Pessoais \u00e9 importante para n\u00f3s, mas lembre-se de que nenhum m\u00e9todo de transmiss\u00e3o pela Internet ou m\u00e9todo de armazenamento eletr\u00f4nico \u00e9 100% seguro. Embora nos esforcemos para usar meios comercialmente aceit\u00e1veis para proteger seus Dados Pessoais, n\u00e3o podemos garantir sua seguran\u00e7a absoluta.<\/p>\n\n\n\n<p><strong>Privacidade das crian\u00e7as<\/strong><\/p>\n\n\n\n<p>Nosso Servi\u00e7o n\u00e3o se destina a menores de 13 anos de idade. N\u00e3o coletamos intencionalmente informa\u00e7\u00f5es de identifica\u00e7\u00e3o pessoal de menores de 13 anos. Se voc\u00ea for pai ou respons\u00e1vel e estiver ciente de que seu filho nos forneceu dados pessoais, entre em contato conosco. Se tomarmos conhecimento de que coletamos dados pessoais de menores de 13 anos sem a verifica\u00e7\u00e3o do consentimento dos pais, tomaremos medidas para remover essas informa\u00e7\u00f5es de nossos servidores.<\/p>\n\n\n\n<p><strong>Altera\u00e7\u00f5es a esta Pol\u00edtica de Privacidade<\/strong><\/p>\n\n\n\n<p>Poderemos atualizar nossa Pol\u00edtica de Privacidade periodicamente. N\u00f3s o notificaremos sobre quaisquer altera\u00e7\u00f5es publicando a nova Pol\u00edtica de Privacidade nesta p\u00e1gina. N\u00f3s o informaremos por e-mail e\/ou por meio de um aviso destacado em Nosso Servi\u00e7o, antes que a altera\u00e7\u00e3o entre em vigor, e atualizaremos a data da \"\u00daltima atualiza\u00e7\u00e3o\" na parte superior desta Pol\u00edtica de Privacidade.<\/p>\n\n\n\n<p><strong>Links para outros sites<\/strong><\/p>\n\n\n\n<p>Nosso Servi\u00e7o pode conter links para outros sites que n\u00e3o s\u00e3o operados por n\u00f3s. Se voc\u00ea clicar em um link de terceiros, ser\u00e1 direcionado ao site desses terceiros. Recomendamos enfaticamente que voc\u00ea analise a Pol\u00edtica de Privacidade de cada site que visitar. N\u00e3o temos controle e n\u00e3o assumimos nenhuma responsabilidade pelo conte\u00fado, pol\u00edticas de privacidade ou pr\u00e1ticas de sites ou servi\u00e7os de terceiros.<\/p>\n\n\n\n<p><strong>Entre em contato conosco<\/strong><\/p>\n\n\n\n<p>Se tiver alguma d\u00favida sobre esta Pol\u00edtica de Privacidade, entre em contato conosco:<\/p>\n\n\n\n<p>Por e-mail:\u00a0<a href=\"mailto:support@sprunki-phase.online\">suporte@<\/a>myfemboy-roommate.com<\/p>","protected":false},"excerpt":{"rendered":"<p>\u00daltima atualiza\u00e7\u00e3o: 21 de novembro de 2024 Esta Pol\u00edtica de Privacidade descreve nossas pr\u00e1ticas e pol\u00edticas relativas \u00e0 coleta, ao uso e \u00e0 divulga\u00e7\u00e3o de seus Dados Pessoais durante o uso do Servi\u00e7o. Ela tamb\u00e9m o informa sobre seus direitos de privacidade e prote\u00e7\u00f5es legais. Usamos os Dados Pessoais para fornecer e aprimorar o Servi\u00e7o. Seu uso do Servi\u00e7o implica [...]<\/p>","protected":false},"author":1,"featured_media":0,"parent":0,"menu_order":0,"comment_status":"closed","ping_status":"open","template":"","meta":{"footnotes":""},"class_list":["post-3","page","type-page","status-publish","hentry"],"_links":{"self":[{"href":"https:\/\/myfemboy-roommate.com\/homepage\/pt\/wp-json\/wp\/v2\/pages\/3","targetHints":{"allow":["GET"]}}],"collection":[{"href":"https:\/\/myfemboy-roommate.com\/homepage\/pt\/wp-json\/wp\/v2\/pages"}],"about":[{"href":"https:\/\/myfemboy-roommate.com\/homepage\/pt\/wp-json\/wp\/v2\/types\/page"}],"author":[{"embeddable":true,"href":"https:\/\/myfemboy-roommate.com\/homepage\/pt\/wp-json\/wp\/v2\/users\/1"}],"replies":[{"embeddable":true,"href":"https:\/\/myfemboy-roommate.com\/homepage\/pt\/wp-json\/wp\/v2\/comments?post=3"}],"version-history":[{"count":1,"href":"https:\/\/myfemboy-roommate.com\/homepage\/pt\/wp-json\/wp\/v2\/pages\/3\/revisions"}],"predecessor-version":[{"id":118,"href":"https:\/\/myfemboy-roommate.com\/homepage\/pt\/wp-json\/wp\/v2\/pages\/3\/revisions\/118"}],"wp:attachment":[{"href":"https:\/\/myfemboy-roommate.com\/homepage\/pt\/wp-json\/wp\/v2\/media?parent=3"}],"curies":[{"name":"wp","href":"https:\/\/api.w.org\/{rel}","templated":true}]}}