{"id":3,"date":"2024-11-11T17:44:49","date_gmt":"2024-11-11T17:44:49","guid":{"rendered":"http:\/\/box5572\/cgi\/addon_GT.cgi?s=GT::WP::Install::Cpanel+%28ghnjwzmy%29+-+127.0.0.1+%5Bnocaller%5D\/?page_id=3"},"modified":"2024-11-21T10:20:44","modified_gmt":"2024-11-21T10:20:44","slug":"privacy-policy","status":"publish","type":"page","link":"https:\/\/myfemboy-roommate.com\/homepage\/ro\/privacy-policy\/","title":{"rendered":"Politica de confiden\u021bialitate pentru My Femboy Roommate"},"content":{"rendered":"<p><strong>Ultima actualizare: 21 noiembrie 2024<\/strong><\/p>\n\n\n\n<p>Aceast\u0103 politic\u0103 de confiden\u021bialitate prezint\u0103 practicile \u0219i politicile noastre privind colectarea, utilizarea \u0219i divulgarea datelor dvs. personale \u00een timpul utiliz\u0103rii Serviciului. De asemenea, v\u0103 informeaz\u0103 cu privire la drepturile dumneavoastr\u0103 de confiden\u021bialitate \u0219i la protec\u021bia juridic\u0103. Utiliz\u0103m datele cu caracter personal pentru a furniza \u0219i a \u00eembun\u0103t\u0103\u021bi Serviciul. Utilizarea de c\u0103tre dumneavoastr\u0103 a Serviciului implic\u0103 consim\u021b\u0103m\u00e2ntul dumneavoastr\u0103 cu privire la colectarea \u0219i utilizarea de c\u0103tre noi a datelor dumneavoastr\u0103 cu caracter personal, astfel cum sunt descrise \u00een prezenta Politic\u0103 de confiden\u021bialitate.<\/p>\n\n\n\n<p><strong>Interpretare \u0219i defini\u021bii<\/strong><\/p>\n\n\n\n<p>\u00cen sensul prezentei politici de confiden\u021bialitate:<\/p>\n\n\n\n<ul class=\"wp-block-list\">\n<li><strong>Cont<\/strong>\u00a0\u00eenseamn\u0103 un cont unic creat pentru dvs. pentru a accesa Serviciul nostru sau p\u0103r\u021bi ale Serviciului nostru.<\/li>\n\n\n\n<li><strong>Afilia\u021bi<\/strong>\u00a0\u00eenseamn\u0103 o entitate care controleaz\u0103, este controlat\u0103 de sau se afl\u0103 sub control comun cu o parte, unde \"control\" \u00eenseamn\u0103 de\u021binerea a cel pu\u021bin 50% din ac\u021biuni, participa\u021bii sau alte titluri cu drept de vot pentru alegerea directorilor sau a altor autorit\u0103\u021bi de conducere.<\/li>\n\n\n\n<li><strong>Compania<\/strong>\u00a0(denumit\u0103 \"Compania\", \"Noi\", \"Noi\" sau \"Al nostru\" \u00een prezentul acord) se refer\u0103 la My Femboy Roommate, accesibil de la https:\/\/myfemboy-roommate.com\/.<\/li>\n\n\n\n<li><strong>Cookie-uri<\/strong>\u00a0sunt fi\u0219iere mici care sunt plasate pe computerul, dispozitivul mobil sau orice alt dispozitiv al dvs. de c\u0103tre un site web, con\u021bin\u00e2nd detalii despre istoricul dvs. de navigare pe site-ul respectiv, printre numeroasele sale utiliz\u0103ri.<\/li>\n\n\n\n<li><strong>\u021aara<\/strong>\u00a0se refer\u0103 la New York, SUA.<\/li>\n\n\n\n<li><strong>Dispozitiv<\/strong>\u00a0\u00eenseamn\u0103 orice dispozitiv care poate accesa Serviciul, cum ar fi un computer, un telefon mobil sau o tablet\u0103 digital\u0103.<\/li>\n\n\n\n<li><strong>Date cu caracter personal<\/strong>\u00a0este orice informa\u021bie care se refer\u0103 la o persoan\u0103 identificat\u0103 sau identificabil\u0103.<\/li>\n\n\n\n<li><strong>Service<\/strong>\u00a0se refer\u0103 la site-ul web.<\/li>\n\n\n\n<li><strong>Furnizor de servicii<\/strong>\u00a0\u00eenseamn\u0103 orice persoan\u0103 fizic\u0103 sau juridic\u0103 care prelucreaz\u0103 datele \u00een numele Societ\u0103\u021bii. Se refer\u0103 la companii ter\u021be sau persoane angajate de Societate pentru a facilita Serviciul, pentru a furniza Serviciul \u00een numele Societ\u0103\u021bii, pentru a efectua servicii legate de Serviciu sau pentru a asista Societatea \u00een analizarea modului \u00een care este utilizat Serviciul.<\/li>\n\n\n\n<li><strong>Date de utilizare<\/strong>\u00a0se refer\u0103 la datele colectate automat, fie generate de utilizarea Serviciului, fie de infrastructura Serviciului \u00een sine (de exemplu, durata de vizitare a unei pagini).<\/li>\n\n\n\n<li><strong>Site web<\/strong>\u00a0se refer\u0103 la My Femboy Roommate, accesibil de la https:\/\/myfemboy-roommate.com\/.<\/li>\n\n\n\n<li><strong>Tu<\/strong>\u00a0\u00eenseamn\u0103 persoana fizic\u0103 care acceseaz\u0103 sau utilizeaz\u0103 Serviciul sau compania sau alt\u0103 entitate juridic\u0103 \u00een numele c\u0103reia persoana respectiv\u0103 acceseaz\u0103 sau utilizeaz\u0103 Serviciul, dup\u0103 caz.<\/li>\n<\/ul>\n\n\n\n<p><strong>Colectarea \u0219i utilizarea datelor dumneavoastr\u0103 cu caracter personal<\/strong><\/p>\n\n\n\n<p><strong>Tipuri de date colectate<\/strong><\/p>\n\n\n\n<ul class=\"wp-block-list\">\n<li><strong>Date cu caracter personal<\/strong>: \u00cen timp ce utiliza\u021bi Serviciul nostru, v\u0103 putem solicita s\u0103 ne furniza\u021bi anumite informa\u021bii de identificare personal\u0103 care pot fi utilizate pentru a v\u0103 identifica sau a v\u0103 contacta. Informa\u021biile de identificare personal\u0103 pot include, dar nu se limiteaz\u0103 la:<\/li>\n\n\n\n<li><strong>Utilizarea datelor<\/strong>: Serviciul colecteaz\u0103 automat date de utilizare \u00een timpul utiliz\u0103rii sale. Aceste date pot cuprinde detalii precum adresa IP (Internet Protocol) a dispozitivului dumneavoastr\u0103, tipul de browser, versiunea browserului, paginile specifice ale Serviciului nostru pe care le vizita\u021bi, data \u0219i ora vizitei, durata petrecut\u0103 pe acele pagini, identificatorii unici ai dispozitivului \u0219i alte informa\u021bii de diagnosticare.<\/li>\n<\/ul>\n\n\n\n<p><strong>Utilizarea datelor dumneavoastr\u0103 cu caracter personal<\/strong><\/p>\n\n\n\n<p>Societatea poate utiliza datele cu caracter personal \u00een urm\u0103toarele scopuri:<\/p>\n\n\n\n<ul class=\"wp-block-list\">\n<li>Pentru a furniza \u0219i men\u021bine Serviciul nostru, inclusiv pentru a monitoriza utilizarea Serviciului nostru.<\/li>\n\n\n\n<li>Pentru a gestiona contul dvs.: pentru a gestiona \u00eenregistrarea dvs. ca utilizator al Serviciului.<\/li>\n\n\n\n<li>Pentru a v\u0103 furniza oferte speciale, \u0219tiri \u0219i informa\u021bii generale despre alte bunuri, servicii \u0219i evenimente pe care le oferim \u0219i care sunt similare cu cele pe care le-a\u021bi achizi\u021bionat deja sau despre care v-a\u021bi interesat, cu excep\u021bia cazului \u00een care a\u021bi optat s\u0103 nu primi\u021bi astfel de informa\u021bii.<\/li>\n\n\n\n<li>Pentru a gestiona cererile dumneavoastr\u0103: Pentru a r\u0103spunde \u0219i a gestiona cererile dvs. c\u0103tre noi.<\/li>\n\n\n\n<li>Pentru executarea unui contract: dezvoltarea, respectarea \u0219i executarea contractului de cump\u0103rare pentru produsele, articolele sau serviciile pe care le-a\u021bi achizi\u021bionat sau a oric\u0103rui alt contract \u00eencheiat cu noi prin intermediul Serviciului.<\/li>\n\n\n\n<li>Pentru a v\u0103 contacta: Pentru a v\u0103 contacta prin e-mail, apeluri telefonice, SMS sau alte forme echivalente de comunicare electronic\u0103, cum ar fi notific\u0103rile push ale unei aplica\u021bii mobile privind actualiz\u0103rile sau comunic\u0103rile informative legate de func\u021bionalit\u0103\u021bile, produsele sau serviciile contractate, inclusiv actualiz\u0103rile de securitate, atunci c\u00e2nd este necesar sau rezonabil pentru implementarea acestora.<\/li>\n\n\n\n<li>Pentru transferuri de afaceri: Putem utiliza informa\u021biile dvs. pentru a evalua sau a efectua o fuziune, o cesiune, o restructurare, o reorganizare, o dizolvare sau o alt\u0103 v\u00e2nzare sau transfer al unora sau al tuturor activelor noastre, fie ca o afacere \u00een desf\u0103\u0219urare, fie ca parte a falimentului, a lichid\u0103rii sau a unei proceduri similare, \u00een care datele personale de\u021binute de noi despre utilizatorii serviciilor noastre se num\u0103r\u0103 printre activele transferate.<\/li>\n<\/ul>\n\n\n\n<p><strong>Putem partaja informa\u021biile dvs. personale \u00een urm\u0103toarele situa\u021bii:<\/strong><\/p>\n\n\n\n<ul class=\"wp-block-list\">\n<li>Pentru transferuri de afaceri: Putem partaja sau transfera informa\u021biile dvs. personale \u00een leg\u0103tur\u0103 cu, sau \u00een timpul negocierilor pentru, orice fuziune, v\u00e2nzare de active ale companiei, finan\u021bare sau achizi\u021bie a tuturor sau a unei p\u0103r\u021bi din afacerea noastr\u0103 c\u0103tre o alt\u0103 companie.<\/li>\n\n\n\n<li>Cu afilia\u021bii: Putem partaja informa\u021biile dvs. cu afilia\u021bii no\u0219tri, caz \u00een care vom solicita acestor afilia\u021bi s\u0103 respecte prezenta Politic\u0103 de confiden\u021bialitate.<\/li>\n\n\n\n<li>Cu furnizorii de servicii: Putem partaja informa\u021biile dvs. personale cu furnizorii de servicii pentru a monitoriza \u0219i analiza utilizarea Serviciului nostru, pentru a v\u0103 contacta.<\/li>\n\n\n\n<li>Cu partenerii de afaceri: Putem partaja informa\u021biile dvs. cu partenerii no\u0219tri de afaceri pentru a v\u0103 oferi anumite produse, servicii sau promo\u021bii.<\/li>\n\n\n\n<li>Cu al\u021bi utilizatori: atunci c\u00e2nd partaja\u021bi informa\u021bii personale sau interac\u021biona\u021bi \u00een alt mod \u00een zonele publice cu al\u021bi utilizatori, aceste informa\u021bii pot fi vizualizate de to\u021bi utilizatorii \u0219i pot fi distribuite public \u00een exterior.<\/li>\n\n\n\n<li>Cu consim\u021b\u0103m\u00e2ntul dumneavoastr\u0103: Putem dezv\u0103lui informa\u021biile dvs. personale \u00een orice alt scop cu consim\u021b\u0103m\u00e2ntul dvs.<\/li>\n<\/ul>\n\n\n\n<p><strong>Tehnologii de urm\u0103rire \u0219i module cookie<\/strong><\/p>\n\n\n\n<p>Utiliz\u0103m module cookie \u0219i tehnologii de urm\u0103rire similare pentru a urm\u0103ri activitatea pe Serviciul nostru \u0219i pentru a stoca anumite informa\u021bii. Tehnologiile de urm\u0103rire utilizate sunt balize, etichete \u0219i scripturi pentru a colecta \u0219i urm\u0103ri informa\u021bii \u0219i pentru a \u00eembun\u0103t\u0103\u021bi \u0219i analiza Serviciul nostru.<\/p>\n\n\n\n<p><strong>P\u0103strarea datelor dumneavoastr\u0103 cu caracter personal<\/strong><\/p>\n\n\n\n<p>Compania va p\u0103stra datele dvs. cu caracter personal numai at\u00e2t timp c\u00e2t este necesar pentru scopurile stabilite \u00een prezenta Politic\u0103 de confiden\u021bialitate. Vom p\u0103stra \u0219i vom utiliza datele dvs. cu caracter personal \u00een m\u0103sura \u00een care este necesar pentru a ne \u00eendeplini obliga\u021biile legale, pentru a rezolva litigiile \u0219i pentru a aplica acordurile \u0219i politicile noastre legale.<\/p>\n\n\n\n<p><strong>Transferul datelor dumneavoastr\u0103 cu caracter personal<\/strong><\/p>\n\n\n\n<p>Informa\u021biile dumneavoastr\u0103, inclusiv datele cu caracter personal, sunt prelucrate la sediile opera\u021bionale ale societ\u0103\u021bii \u0219i \u00een orice alte locuri \u00een care se afl\u0103 p\u0103r\u021bile implicate \u00een prelucrare. Aceasta \u00eenseamn\u0103 c\u0103 aceste informa\u021bii pot fi transferate c\u0103tre - \u0219i men\u021binute pe - computere situate \u00een afara statului, provinciei, \u021b\u0103rii sau altei jurisdic\u021bii guvernamentale unde legile privind protec\u021bia datelor pot fi diferite de cele din jurisdic\u021bia Dumneavoastr\u0103.<\/p>\n\n\n\n<p><strong>\u0218tergerea datelor dumneavoastr\u0103 cu caracter personal<\/strong><\/p>\n\n\n\n<p>V\u0103 p\u0103stra\u021bi dreptul de a \u0219terge sau de a solicita asisten\u021b\u0103 pentru \u0219tergerea datelor cu caracter personal pe care le-am colectat despre dumneavoastr\u0103. Prin intermediul Serviciului nostru, este posibil s\u0103 ave\u021bi op\u021biunea de a \u0219terge informa\u021bii specifice despre dumneavoastr\u0103. Pute\u021bi modifica, revizui sau \u0219terge oric\u00e2nd datele dvs. acces\u00e2nd Contul dvs., dac\u0103 este cazul, \u0219i navig\u00e2nd c\u0103tre zona de set\u0103ri a contului desemnat\u0103 pentru gestionarea informa\u021biilor dvs. personale. Alternativ, ne pute\u021bi contacta pentru a solicita accesul, corectarea sau \u0219tergerea oric\u0103ror informa\u021bii personale pe care le-a\u021bi \u00eemp\u0103rt\u0103\u0219it cu noi.<\/p>\n\n\n\n<p><strong>Divulgarea datelor dumneavoastr\u0103 cu caracter personal<\/strong><\/p>\n\n\n\n<ul class=\"wp-block-list\">\n<li>Tranzac\u021bii comerciale: \u00cen cazul \u00een care Compania este implicat\u0103 \u00eentr-o fuziune, achizi\u021bie sau v\u00e2nzare de active, datele dvs. cu caracter personal pot fi transferate. V\u0103 vom notifica \u00eenainte ca datele dumneavoastr\u0103 cu caracter personal s\u0103 fie transferate \u0219i s\u0103 fac\u0103 obiectul unei Politici de confiden\u021bialitate diferite.<\/li>\n\n\n\n<li>Aplicarea legii: \u00cen anumite circumstan\u021be, compania poate fi obligat\u0103 s\u0103 divulge datele dvs. cu caracter personal \u00een cazul \u00een care este obligat\u0103 s\u0103 fac\u0103 acest lucru prin lege sau ca r\u0103spuns la solicit\u0103ri valide din partea autorit\u0103\u021bilor publice (de exemplu, o instan\u021b\u0103 sau o agen\u021bie guvernamental\u0103).<\/li>\n<\/ul>\n\n\n\n<p><strong>Securitatea datelor dvs. personale<\/strong><\/p>\n\n\n\n<p>Securitatea Datelor dvs. personale este important\u0103 pentru Noi, dar nu uita\u021bi c\u0103 nicio metod\u0103 de transmitere pe Internet sau metod\u0103 de stocare electronic\u0103 nu este sigur\u0103 100%. De\u0219i ne str\u0103duim s\u0103 folosim mijloace acceptabile din punct de vedere comercial pentru a v\u0103 proteja datele personale, nu putem garanta securitatea absolut\u0103 a acestora.<\/p>\n\n\n\n<p><strong>Confiden\u021bialitatea copiilor<\/strong><\/p>\n\n\n\n<p>Serviciul nostru nu se adreseaz\u0103 persoanelor sub v\u00e2rsta de 13 ani. Nu colect\u0103m \u00een mod con\u0219tient informa\u021bii de identificare personal\u0103 de la nicio persoan\u0103 sub v\u00e2rsta de 13 ani. Dac\u0103 sunte\u021bi p\u0103rinte sau tutore \u0219i \u0219ti\u021bi c\u0103 copilul dvs. ne-a furnizat Date cu caracter personal, v\u0103 rug\u0103m s\u0103 ne contacta\u021bi. Dac\u0103 afl\u0103m c\u0103 am colectat date cu caracter personal de la persoane sub v\u00e2rsta de 13 ani f\u0103r\u0103 a verifica consim\u021b\u0103m\u00e2ntul p\u0103rin\u021bilor, lu\u0103m m\u0103suri pentru a elimina informa\u021biile respective de pe serverele noastre.<\/p>\n\n\n\n<p><strong>Modific\u0103ri ale prezentei politici de confiden\u021bialitate<\/strong><\/p>\n\n\n\n<p>Putem actualiza periodic Politica noastr\u0103 de confiden\u021bialitate. V\u0103 vom notifica cu privire la orice modific\u0103ri prin postarea noii Politici de confiden\u021bialitate pe aceast\u0103 pagin\u0103. V\u0103 vom anun\u021ba prin e-mail \u0219i\/sau printr-o notificare vizibil\u0103 pe Serviciul nostru, \u00eenainte ca modificarea s\u0103 intre \u00een vigoare, \u0219i vom actualiza data \"Ultima actualizare\" din partea de sus a prezentei Politici de confiden\u021bialitate.<\/p>\n\n\n\n<p><strong>Linkuri c\u0103tre alte site-uri web<\/strong><\/p>\n\n\n\n<p>Serviciul nostru poate con\u021bine linkuri c\u0103tre alte site-uri web care nu sunt operate de noi. Dac\u0103 face\u021bi clic pe un link al unui ter\u021b, ve\u021bi fi direc\u021bionat c\u0103tre site-ul ter\u021bului respectiv. V\u0103 recomand\u0103m insistent s\u0103 consulta\u021bi Politica de confiden\u021bialitate a fiec\u0103rui site pe care \u00eel vizita\u021bi. Nu avem niciun control \u0219i nu ne asum\u0103m nicio responsabilitate pentru con\u021binutul, politicile de confiden\u021bialitate sau practicile site-urilor sau serviciilor ter\u021belor p\u0103r\u021bi.<\/p>\n\n\n\n<p><strong>Contacta\u021bi-ne<\/strong><\/p>\n\n\n\n<p>Dac\u0103 ave\u021bi \u00eentreb\u0103ri cu privire la aceast\u0103 politic\u0103 de confiden\u021bialitate, ne pute\u021bi contacta:<\/p>\n\n\n\n<p>Prin e-mail:\u00a0<a href=\"mailto:support@sprunki-phase.online\">suport@<\/a>myfemboy-roommate.com<\/p>","protected":false},"excerpt":{"rendered":"<p>Last Updated: November 21, 2024 This Privacy Policy outlines our practices and policies concerning the gathering, use, and disclosure of your Personal Data while using the Service. It also informs you about your privacy rights and legal protections. We use the Personal Data to deliver and enhance the Service. Your use of the Service implies [&hellip;]<\/p>","protected":false},"author":1,"featured_media":0,"parent":0,"menu_order":0,"comment_status":"closed","ping_status":"open","template":"","meta":{"footnotes":""},"class_list":["post-3","page","type-page","status-publish","hentry"],"_links":{"self":[{"href":"https:\/\/myfemboy-roommate.com\/homepage\/ro\/wp-json\/wp\/v2\/pages\/3","targetHints":{"allow":["GET"]}}],"collection":[{"href":"https:\/\/myfemboy-roommate.com\/homepage\/ro\/wp-json\/wp\/v2\/pages"}],"about":[{"href":"https:\/\/myfemboy-roommate.com\/homepage\/ro\/wp-json\/wp\/v2\/types\/page"}],"author":[{"embeddable":true,"href":"https:\/\/myfemboy-roommate.com\/homepage\/ro\/wp-json\/wp\/v2\/users\/1"}],"replies":[{"embeddable":true,"href":"https:\/\/myfemboy-roommate.com\/homepage\/ro\/wp-json\/wp\/v2\/comments?post=3"}],"version-history":[{"count":1,"href":"https:\/\/myfemboy-roommate.com\/homepage\/ro\/wp-json\/wp\/v2\/pages\/3\/revisions"}],"predecessor-version":[{"id":118,"href":"https:\/\/myfemboy-roommate.com\/homepage\/ro\/wp-json\/wp\/v2\/pages\/3\/revisions\/118"}],"wp:attachment":[{"href":"https:\/\/myfemboy-roommate.com\/homepage\/ro\/wp-json\/wp\/v2\/media?parent=3"}],"curies":[{"name":"wp","href":"https:\/\/api.w.org\/{rel}","templated":true}]}}