{"id":3,"date":"2024-11-11T17:44:49","date_gmt":"2024-11-11T17:44:49","guid":{"rendered":"http:\/\/box5572\/cgi\/addon_GT.cgi?s=GT::WP::Install::Cpanel+%28ghnjwzmy%29+-+127.0.0.1+%5Bnocaller%5D\/?page_id=3"},"modified":"2024-11-21T10:20:44","modified_gmt":"2024-11-21T10:20:44","slug":"privacy-policy","status":"publish","type":"page","link":"https:\/\/myfemboy-roommate.com\/homepage\/sv\/privacy-policy\/","title":{"rendered":"Integritetspolicy f\u00f6r My Femboy Roommate"},"content":{"rendered":"<p><strong>Senast uppdaterad: 21 november 2024<\/strong><\/p>\n\n\n\n<p>Denna integritetspolicy beskriver v\u00e5r praxis och policy n\u00e4r det g\u00e4ller insamling, anv\u00e4ndning och utl\u00e4mnande av dina personuppgifter n\u00e4r du anv\u00e4nder tj\u00e4nsten. Den informerar dig ocks\u00e5 om dina integritetsr\u00e4ttigheter och juridiska skydd. Vi anv\u00e4nder Personuppgifterna f\u00f6r att leverera och f\u00f6rb\u00e4ttra Tj\u00e4nsten. Din anv\u00e4ndning av Tj\u00e4nsten inneb\u00e4r att du samtycker till v\u00e5r insamling och anv\u00e4ndning av dina Personuppgifter enligt vad som anges i denna Integritetspolicy.<\/p>\n\n\n\n<p><strong>Tolkning och definitioner<\/strong><\/p>\n\n\n\n<p>F\u00f6r till\u00e4mpningen av denna integritetspolicy:<\/p>\n\n\n\n<ul class=\"wp-block-list\">\n<li><strong>Konto<\/strong>\u00a0inneb\u00e4r ett unikt konto som skapats f\u00f6r dig f\u00f6r att f\u00e5 tillg\u00e5ng till v\u00e5r tj\u00e4nst eller delar av v\u00e5r tj\u00e4nst.<\/li>\n\n\n\n<li><strong>Affiliate<\/strong>\u00a0inneb\u00e4r en enhet som kontrollerar, kontrolleras av eller st\u00e5r under gemensam kontroll med en part, d\u00e4r \"kontroll\" inneb\u00e4r \u00e4gande av 50% eller mer av aktierna, kapitalandelarna eller andra v\u00e4rdepapper som ber\u00e4ttigar till r\u00f6str\u00e4tt vid val av styrelseledam\u00f6ter eller andra ledande befattningshavare.<\/li>\n\n\n\n<li><strong>F\u00f6retag<\/strong>\u00a0(i detta avtal ben\u00e4mnt antingen \"Bolaget\", \"Vi\", \"Oss\" eller \"V\u00e5r\") avser My Femboy Roommate, som n\u00e5s fr\u00e5n https:\/\/myfemboy-roommate.com\/.<\/li>\n\n\n\n<li><strong>Kakor<\/strong>\u00a0\u00e4r sm\u00e5 filer som placeras p\u00e5 din dator, mobila enhet eller n\u00e5gon annan enhet av en webbplats och som inneh\u00e5ller information om din webbhistorik p\u00e5 den webbplatsen, bland m\u00e5nga andra anv\u00e4ndningsomr\u00e5den.<\/li>\n\n\n\n<li><strong>Land<\/strong>\u00a0h\u00e4nvisar till New York, USA.<\/li>\n\n\n\n<li><strong>Enhet<\/strong>\u00a0inneb\u00e4r alla enheter som kan komma \u00e5t Tj\u00e4nsten, t.ex. en dator, en mobiltelefon eller en digital surfplatta.<\/li>\n\n\n\n<li><strong>Personuppgifter<\/strong>\u00a0\u00e4r all information som r\u00f6r en identifierad eller identifierbar person.<\/li>\n\n\n\n<li><strong>Service<\/strong>\u00a0h\u00e4nvisar till webbplatsen.<\/li>\n\n\n\n<li><strong>Tj\u00e4nsteleverant\u00f6r<\/strong>\u00a0betyder varje fysisk eller juridisk person som behandlar uppgifterna p\u00e5 uppdrag av f\u00f6retaget. Det h\u00e4nvisar till tredjepartsf\u00f6retag eller personer som \u00e4r anst\u00e4llda av f\u00f6retaget f\u00f6r att underl\u00e4tta tj\u00e4nsten, f\u00f6r att tillhandah\u00e5lla tj\u00e4nsten p\u00e5 uppdrag av f\u00f6retaget, f\u00f6r att utf\u00f6ra tj\u00e4nster relaterade till tj\u00e4nsten eller f\u00f6r att hj\u00e4lpa f\u00f6retaget att analysera hur tj\u00e4nsten anv\u00e4nds.<\/li>\n\n\n\n<li><strong>Anv\u00e4ndningsdata<\/strong>\u00a0avser uppgifter som samlas in automatiskt, antingen genererade av anv\u00e4ndningen av Tj\u00e4nsten eller fr\u00e5n sj\u00e4lva Tj\u00e4nstens infrastruktur (till exempel varaktigheten f\u00f6r ett sidbes\u00f6k).<\/li>\n\n\n\n<li><strong>Webbplats<\/strong>\u00a0h\u00e4nvisar till My Femboy Roommate, tillg\u00e4nglig fr\u00e5n https:\/\/myfemboy-roommate.com\/.<\/li>\n\n\n\n<li><strong>Du<\/strong>\u00a0betyder den person som har tillg\u00e5ng till eller anv\u00e4nder Tj\u00e4nsten, eller det f\u00f6retag eller annan juridisk person f\u00f6r vars r\u00e4kning en s\u00e5dan person har tillg\u00e5ng till eller anv\u00e4nder Tj\u00e4nsten, beroende p\u00e5 vad som \u00e4r till\u00e4mpligt.<\/li>\n<\/ul>\n\n\n\n<p><strong>Insamling och anv\u00e4ndning av dina personuppgifter<\/strong><\/p>\n\n\n\n<p><strong>Typer av data som samlas in<\/strong><\/p>\n\n\n\n<ul class=\"wp-block-list\">\n<li><strong>Personuppgifter<\/strong>: N\u00e4r du anv\u00e4nder v\u00e5r tj\u00e4nst kan vi be dig att f\u00f6rse oss med viss personligt identifierbar information som kan anv\u00e4ndas f\u00f6r att identifiera dig eller kontakta dig. Personligt identifierbar information kan inkludera, men \u00e4r inte begr\u00e4nsad till:<\/li>\n\n\n\n<li><strong>Anv\u00e4ndning av data<\/strong>: Tj\u00e4nsten samlar automatiskt in anv\u00e4ndningsdata under dess anv\u00e4ndning. Dessa uppgifter kan omfatta detaljer som din enhets IP-adress (Internet Protocol), webbl\u00e4sartyp, webbl\u00e4sarversion, de specifika sidor i v\u00e5r tj\u00e4nst som du bes\u00f6ker, datum och tid f\u00f6r ditt bes\u00f6k, tid som spenderas p\u00e5 dessa sidor, unika enhetsidentifierare och annan diagnostisk information.<\/li>\n<\/ul>\n\n\n\n<p><strong>Anv\u00e4ndning av dina personuppgifter<\/strong><\/p>\n\n\n\n<p>Bolaget kan anv\u00e4nda personuppgifter f\u00f6r f\u00f6ljande \u00e4ndam\u00e5l:<\/p>\n\n\n\n<ul class=\"wp-block-list\">\n<li>F\u00f6r att tillhandah\u00e5lla och underh\u00e5lla v\u00e5r tj\u00e4nst, inklusive f\u00f6r att \u00f6vervaka anv\u00e4ndningen av v\u00e5r tj\u00e4nst.<\/li>\n\n\n\n<li>F\u00f6r att hantera ditt konto: f\u00f6r att hantera din registrering som anv\u00e4ndare av tj\u00e4nsten.<\/li>\n\n\n\n<li>F\u00f6r att f\u00f6rse dig med specialerbjudanden, nyheter och allm\u00e4n information om andra varor, tj\u00e4nster och evenemang som vi erbjuder och som liknar dem som du redan har k\u00f6pt eller fr\u00e5gat om, s\u00e5vida du inte har valt att inte ta emot s\u00e5dan information.<\/li>\n\n\n\n<li>F\u00f6r att hantera dina f\u00f6rfr\u00e5gningar: F\u00f6r att ta hand om och hantera dina f\u00f6rfr\u00e5gningar till oss.<\/li>\n\n\n\n<li>F\u00f6r fullg\u00f6rande av ett avtal: utveckling, efterlevnad och genomf\u00f6rande av k\u00f6peavtalet f\u00f6r de produkter, artiklar eller tj\u00e4nster som du har k\u00f6pt eller av n\u00e5got annat avtal med oss via Tj\u00e4nsten.<\/li>\n\n\n\n<li>F\u00f6r att kontakta dig: F\u00f6r att kontakta dig via e-post, telefonsamtal, SMS eller andra likv\u00e4rdiga former av elektronisk kommunikation, t.ex. en mobilapplikations push-meddelanden om uppdateringar eller informativa meddelanden relaterade till funktioner, produkter eller avtalade tj\u00e4nster, inklusive s\u00e4kerhetsuppdateringar, n\u00e4r det \u00e4r n\u00f6dv\u00e4ndigt eller rimligt f\u00f6r deras genomf\u00f6rande.<\/li>\n\n\n\n<li>F\u00f6r verksamhets\u00f6verl\u00e5telser: Vi kan anv\u00e4nda din information f\u00f6r att utv\u00e4rdera eller genomf\u00f6ra en sammanslagning, avyttring, omstrukturering, omorganisation, uppl\u00f6sning eller annan f\u00f6rs\u00e4ljning eller \u00f6verf\u00f6ring av vissa eller alla v\u00e5ra tillg\u00e5ngar, oavsett om det \u00e4r som en p\u00e5g\u00e5ende verksamhet eller som en del av konkurs, likvidation eller liknande f\u00f6rfarande, d\u00e4r personuppgifter som innehas av oss om v\u00e5ra tj\u00e4nsteanv\u00e4ndare \u00e4r bland de \u00f6verf\u00f6rda tillg\u00e5ngarna.<\/li>\n<\/ul>\n\n\n\n<p><strong>Vi kan komma att dela dina personuppgifter i f\u00f6ljande situationer:<\/strong><\/p>\n\n\n\n<ul class=\"wp-block-list\">\n<li>F\u00f6r f\u00f6retags\u00f6verl\u00e5telser: Vi kan dela eller \u00f6verf\u00f6ra dina personuppgifter i samband med, eller under f\u00f6rhandlingar om, en fusion, f\u00f6rs\u00e4ljning av f\u00f6retagets tillg\u00e5ngar, finansiering eller f\u00f6rv\u00e4rv av hela eller delar av v\u00e5r verksamhet till ett annat f\u00f6retag.<\/li>\n\n\n\n<li>Med dotterbolag: Vi kan dela din information med v\u00e5ra dotterbolag, i vilket fall vi kommer att kr\u00e4va att dessa dotterbolag respekterar denna sekretesspolicy.<\/li>\n\n\n\n<li>Med tj\u00e4nsteleverant\u00f6rer: Vi kan dela din personliga information med tj\u00e4nsteleverant\u00f6rer f\u00f6r att \u00f6vervaka och analysera anv\u00e4ndningen av v\u00e5r tj\u00e4nst, f\u00f6r att kontakta dig.<\/li>\n\n\n\n<li>Med aff\u00e4rspartners: Vi kan dela din information med v\u00e5ra aff\u00e4rspartners f\u00f6r att erbjuda dig vissa produkter, tj\u00e4nster eller kampanjer.<\/li>\n\n\n\n<li>Med andra anv\u00e4ndare: n\u00e4r du delar personlig information eller p\u00e5 annat s\u00e4tt interagerar i de offentliga omr\u00e5dena med andra anv\u00e4ndare, kan s\u00e5dan information ses av alla anv\u00e4ndare och kan distribueras offentligt utanf\u00f6r.<\/li>\n\n\n\n<li>Med ditt samtycke: Vi kan avsl\u00f6ja din personliga information f\u00f6r n\u00e5got annat \u00e4ndam\u00e5l med ditt samtycke.<\/li>\n<\/ul>\n\n\n\n<p><strong>Sp\u00e5rningstekniker och cookies<\/strong><\/p>\n\n\n\n<p>Vi anv\u00e4nder cookies och liknande sp\u00e5rningstekniker f\u00f6r att sp\u00e5ra aktiviteten p\u00e5 v\u00e5r tj\u00e4nst och lagra viss information. Sp\u00e5rningstekniker som anv\u00e4nds \u00e4r beacons, taggar och skript f\u00f6r att samla in och sp\u00e5ra information och f\u00f6r att f\u00f6rb\u00e4ttra och analysera v\u00e5r tj\u00e4nst.<\/p>\n\n\n\n<p><strong>Bevarande av dina personuppgifter<\/strong><\/p>\n\n\n\n<p>F\u00f6retaget kommer att beh\u00e5lla dina personuppgifter endast s\u00e5 l\u00e4nge som det \u00e4r n\u00f6dv\u00e4ndigt f\u00f6r de \u00e4ndam\u00e5l som anges i denna sekretesspolicy. Vi kommer att beh\u00e5lla och anv\u00e4nda dina personuppgifter i den utstr\u00e4ckning som kr\u00e4vs f\u00f6r att uppfylla v\u00e5ra juridiska skyldigheter, l\u00f6sa tvister och genomdriva v\u00e5ra juridiska avtal och policyer.<\/p>\n\n\n\n<p><strong>\u00d6verf\u00f6ring av dina personuppgifter<\/strong><\/p>\n\n\n\n<p>Din information, inklusive personuppgifter, behandlas p\u00e5 f\u00f6retagets operativa kontor och p\u00e5 andra platser d\u00e4r de parter som \u00e4r involverade i behandlingen \u00e4r bel\u00e4gna. Det inneb\u00e4r att denna information kan \u00f6verf\u00f6ras till - och underh\u00e5llas p\u00e5 - datorer som finns utanf\u00f6r din stat, provins, land eller annan statlig jurisdiktion d\u00e4r dataskyddslagarna kan skilja sig fr\u00e5n dem fr\u00e5n din jurisdiktion.<\/p>\n\n\n\n<p><strong>Radering av dina personuppgifter<\/strong><\/p>\n\n\n\n<p>Du beh\u00e5ller r\u00e4tten att ta bort eller be om hj\u00e4lp med att ta bort de Personuppgifter som vi har samlat in om dig. Genom v\u00e5r tj\u00e4nst kan du ha m\u00f6jlighet att radera specifik information om dig sj\u00e4lv. Du kan \u00e4ndra, revidera eller radera dina uppgifter n\u00e4r som helst genom att g\u00e5 till ditt konto, om till\u00e4mpligt, och navigera till kontoinst\u00e4llningsomr\u00e5det som \u00e4r avsett f\u00f6r hantering av din personliga information. Alternativt kan du kontakta oss f\u00f6r att beg\u00e4ra \u00e5tkomst, korrigering eller radering av all personlig information som du har delat med oss.<\/p>\n\n\n\n<p><strong>Utl\u00e4mnande av dina personuppgifter<\/strong><\/p>\n\n\n\n<ul class=\"wp-block-list\">\n<li>Aff\u00e4rstransaktioner: Om f\u00f6retaget \u00e4r inblandat i en fusion, ett f\u00f6rv\u00e4rv eller en f\u00f6rs\u00e4ljning av tillg\u00e5ngar kan dina personuppgifter \u00f6verf\u00f6ras. Vi kommer att meddela dig innan dina personuppgifter \u00f6verf\u00f6rs och blir f\u00f6rem\u00e5l f\u00f6r en annan sekretesspolicy.<\/li>\n\n\n\n<li>Brottsbek\u00e4mpning: Under vissa omst\u00e4ndigheter kan f\u00f6retaget vara skyldigt att l\u00e4mna ut dina personuppgifter om det kr\u00e4vs enligt lag eller som svar p\u00e5 giltiga f\u00f6rfr\u00e5gningar fr\u00e5n offentliga myndigheter (t.ex. en domstol eller en myndighet).<\/li>\n<\/ul>\n\n\n\n<p><strong>S\u00e4kerhet f\u00f6r dina personuppgifter<\/strong><\/p>\n\n\n\n<p>S\u00e4kerheten f\u00f6r dina personuppgifter \u00e4r viktig f\u00f6r oss, men kom ih\u00e5g att ingen metod f\u00f6r \u00f6verf\u00f6ring via Internet eller metod f\u00f6r elektronisk lagring \u00e4r 100% s\u00e4ker. \u00c4ven om vi str\u00e4var efter att anv\u00e4nda kommersiellt godtagbara medel f\u00f6r att skydda dina personuppgifter kan vi inte garantera dess absoluta s\u00e4kerhet.<\/p>\n\n\n\n<p><strong>Barns integritet<\/strong><\/p>\n\n\n\n<p>V\u00e5r tj\u00e4nst v\u00e4nder sig inte till personer under 13 \u00e5r. Vi samlar inte medvetet in personligt identifierbar information fr\u00e5n n\u00e5gon som \u00e4r under 13 \u00e5r. Om du \u00e4r f\u00f6r\u00e4lder eller v\u00e5rdnadshavare och du \u00e4r medveten om att ditt barn har f\u00f6rsett oss med personuppgifter, v\u00e4nligen kontakta oss. Om vi blir medvetna om att vi har samlat in personuppgifter fr\u00e5n n\u00e5gon under 13 \u00e5r utan att verifiera f\u00f6r\u00e4ldrarnas samtycke, vidtar vi \u00e5tg\u00e4rder f\u00f6r att ta bort den informationen fr\u00e5n v\u00e5ra servrar.<\/p>\n\n\n\n<p><strong>\u00c4ndringar av denna integritetspolicy<\/strong><\/p>\n\n\n\n<p>Vi kan komma att uppdatera v\u00e5r integritetspolicy fr\u00e5n tid till annan. Vi kommer att meddela dig om eventuella \u00e4ndringar genom att publicera den nya sekretesspolicyn p\u00e5 denna sida. Vi kommer att meddela dig via e-post och\/eller ett framtr\u00e4dande meddelande p\u00e5 v\u00e5r tj\u00e4nst innan \u00e4ndringen tr\u00e4der i kraft och uppdatera datumet \"Senast uppdaterad\" h\u00f6gst upp i denna sekretesspolicy.<\/p>\n\n\n\n<p><strong>L\u00e4nkar till andra webbplatser<\/strong><\/p>\n\n\n\n<p>V\u00e5r tj\u00e4nst kan inneh\u00e5lla l\u00e4nkar till andra webbplatser som inte drivs av oss. Om du klickar p\u00e5 en l\u00e4nk till en tredje part kommer du att skickas till den tredje partens webbplats. Vi rekommenderar starkt att du granskar sekretesspolicyn f\u00f6r varje webbplats du bes\u00f6ker. Vi har ingen kontroll \u00f6ver och tar inget ansvar f\u00f6r inneh\u00e5ll, sekretesspolicyer eller praxis p\u00e5 tredje parts webbplatser eller tj\u00e4nster.<\/p>\n\n\n\n<p><strong>Kontakta oss<\/strong><\/p>\n\n\n\n<p>Om du har n\u00e5gra fr\u00e5gor om denna integritetspolicy kan du kontakta oss:<\/p>\n\n\n\n<p>Via e-post:\u00a0<a href=\"mailto:support@sprunki-phase.online\">st\u00f6d@<\/a>myfemboy-roommate.com<\/p>","protected":false},"excerpt":{"rendered":"<p>Last Updated: November 21, 2024 This Privacy Policy outlines our practices and policies concerning the gathering, use, and disclosure of your Personal Data while using the Service. It also informs you about your privacy rights and legal protections. We use the Personal Data to deliver and enhance the Service. Your use of the Service implies [&hellip;]<\/p>","protected":false},"author":1,"featured_media":0,"parent":0,"menu_order":0,"comment_status":"closed","ping_status":"open","template":"","meta":{"footnotes":""},"class_list":["post-3","page","type-page","status-publish","hentry"],"_links":{"self":[{"href":"https:\/\/myfemboy-roommate.com\/homepage\/sv\/wp-json\/wp\/v2\/pages\/3","targetHints":{"allow":["GET"]}}],"collection":[{"href":"https:\/\/myfemboy-roommate.com\/homepage\/sv\/wp-json\/wp\/v2\/pages"}],"about":[{"href":"https:\/\/myfemboy-roommate.com\/homepage\/sv\/wp-json\/wp\/v2\/types\/page"}],"author":[{"embeddable":true,"href":"https:\/\/myfemboy-roommate.com\/homepage\/sv\/wp-json\/wp\/v2\/users\/1"}],"replies":[{"embeddable":true,"href":"https:\/\/myfemboy-roommate.com\/homepage\/sv\/wp-json\/wp\/v2\/comments?post=3"}],"version-history":[{"count":1,"href":"https:\/\/myfemboy-roommate.com\/homepage\/sv\/wp-json\/wp\/v2\/pages\/3\/revisions"}],"predecessor-version":[{"id":118,"href":"https:\/\/myfemboy-roommate.com\/homepage\/sv\/wp-json\/wp\/v2\/pages\/3\/revisions\/118"}],"wp:attachment":[{"href":"https:\/\/myfemboy-roommate.com\/homepage\/sv\/wp-json\/wp\/v2\/media?parent=3"}],"curies":[{"name":"wp","href":"https:\/\/api.w.org\/{rel}","templated":true}]}}