{"id":119,"date":"2024-11-21T10:23:30","date_gmt":"2024-11-21T10:23:30","guid":{"rendered":"https:\/\/myfemboy-roommate.com\/?page_id=119"},"modified":"2024-11-21T10:23:33","modified_gmt":"2024-11-21T10:23:33","slug":"terms-of-use-for-my-femboy-roommate","status":"publish","type":"page","link":"https:\/\/myfemboy-roommate.com\/homepage\/tr\/terms-of-use-for-my-femboy-roommate\/","title":{"rendered":"Femboy Ev Arkada\u015f\u0131m i\u00e7in Kullan\u0131m Ko\u015fullar\u0131"},"content":{"rendered":"<p><strong>Kullan\u0131m Ko\u015fullar\u0131<\/strong><\/p>\n\n\n\n<p><strong>Son G\u00fcncelleme 21 Kas\u0131m 2024<\/strong><\/p>\n\n\n\n<p>My Femboy Roommate'e ho\u015f geldiniz, \u015fu adresten eri\u015filebilir\u00a0<a href=\"https:\/\/myfemboy-roommate.com\/homepage\/tr\/\">https:\/\/myfemboy-roommate.com<\/a>\u00a0(\"Hizmet\"). Bu Kullan\u0131m Ko\u015fullar\u0131 (\"Ko\u015fullar\") Hizmetimizi kullan\u0131m\u0131n\u0131z\u0131 y\u00f6netir. L\u00fctfen Hizmetimizi kullanmadan \u00f6nce bu \u015eartlar\u0131 dikkatlice okuyun.<\/p>\n\n\n\n<p><strong>1. \u015eartlar\u0131n Kabul Edilmesi<\/strong><\/p>\n\n\n\n<p>Hizmete eri\u015ferek veya Hizmeti kullanarak, bu \u015eartlara tabi olmay\u0131 kabul etmi\u015f olursunuz. Bu \u015eartlar\u0131 kabul etmiyorsan\u0131z, l\u00fctfen Hizmeti kullanmay\u0131n. Bu \u015eartlar\u0131 diledi\u011fimiz zaman de\u011fi\u015ftirme hakk\u0131m\u0131z sakl\u0131d\u0131r. Bu t\u00fcr de\u011fi\u015fikliklerden sonra Hizmeti kullanmaya devam etmeniz, yeni \u015eartlar\u0131 kabul etti\u011finiz anlam\u0131na gelir.<\/p>\n\n\n\n<p><strong>2. Hizmet Tan\u0131m\u0131<\/strong><\/p>\n\n\n\n<p>My Femboy Roommate, kullan\u0131c\u0131lar\u0131n My Femboy Roommate Oyununu kay\u0131t olmaya gerek kalmadan do\u011frudan web sitesinden oynamalar\u0131 i\u00e7in \u00e7evrimi\u00e7i bir platform sa\u011flar. Hizmet, herhangi bir garanti olmaks\u0131z\u0131n \"oldu\u011fu gibi\" ve \"mevcut oldu\u011fu \u015fekilde\" sa\u011flanmaktad\u0131r.<\/p>\n\n\n\n<p><strong>3. Kullan\u0131c\u0131 Uygunlu\u011fu<\/strong><\/p>\n\n\n\n<p>Hizmeti kullanmak i\u00e7in en az 13 ya\u015f\u0131nda olmal\u0131s\u0131n\u0131z. E\u011fer 13 ya\u015f\u0131ndan k\u00fc\u00e7\u00fckseniz, l\u00fctfen Hizmeti kullanmay\u0131n\u0131z. Ebeveyn veya veli iseniz ve \u00e7ocu\u011funuzun bize ki\u015fisel bilgi verdi\u011fini \u00f6\u011frenirseniz, l\u00fctfen derhal bizimle ileti\u015fime ge\u00e7in.<\/p>\n\n\n\n<p><strong>4. Gizlilik Politikas\u0131<\/strong><\/p>\n\n\n\n<p>Hizmeti kullan\u0131m\u0131n\u0131z, buraya referans olarak dahil edilen Gizlilik Politikam\u0131za tabidir. Gizlilik Politikas\u0131, ki\u015fisel bilgilerinizi nas\u0131l toplad\u0131\u011f\u0131m\u0131z\u0131, kulland\u0131\u011f\u0131m\u0131z\u0131 ve korudu\u011fumuzu ve bu bilgilerle ilgili haklar\u0131n\u0131z\u0131 a\u00e7\u0131klar. Hizmeti kullanarak, Gizlilik Politikas\u0131nda a\u00e7\u0131klanan uygulamalar\u0131 kabul etmi\u015f olursunuz.<\/p>\n\n\n\n<p><strong>5. Fikri M\u00fclkiyet Haklar\u0131<\/strong><\/p>\n\n\n\n<p>T\u00fcm i\u00e7erik, logolar, tasar\u0131mlar, metinler, grafikler ve di\u011fer materyaller dahil olmak \u00fczere Hizmet, My Femboy Roommate'in veya lisans verenlerinin m\u00fclkiyetindedir ve fikri m\u00fclkiyet yasalar\u0131yla korunmaktad\u0131r.<\/p>\n\n\n\n<p><strong>6. Yasaklanm\u0131\u015f Faaliyetler<\/strong><\/p>\n\n\n\n<p>Hizmeti herhangi bir yasad\u0131\u015f\u0131 veya yetkisiz ama\u00e7 i\u00e7in veya bu \u015eartlar\u0131 ihlal edecek \u015fekilde kullanamazs\u0131n\u0131z. Yasaklanan faaliyetler \u015funlar\u0131 i\u00e7erir:<\/p>\n\n\n\n<ul class=\"wp-block-list\">\n<li>Herhangi bir kullan\u0131c\u0131y\u0131, sunucuyu veya kat\u0131l\u0131mc\u0131y\u0131 taciz etmek veya k\u00f6t\u00fcye kullanmak.<\/li>\n\n\n\n<li>Hizmeti vir\u00fcsler, solucanlar veya k\u00f6t\u00fc ama\u00e7l\u0131 yaz\u0131l\u0131mlar dahil olmak \u00fczere herhangi bir zararl\u0131 kodu iletmek, da\u011f\u0131tmak veya depolamak i\u00e7in kullanmak.<\/li>\n\n\n\n<li>Hizmete, di\u011fer kullan\u0131c\u0131lar\u0131n hesaplar\u0131na veya Hizmetle ili\u015fkili veya Hizmet arac\u0131l\u0131\u011f\u0131yla eri\u015filebilen herhangi bir bilgisayar sistemine veya a\u011f\u0131na yetkisiz eri\u015fim elde etmeye \u00e7al\u0131\u015fmak.<\/li>\n<\/ul>\n\n\n\n<p><strong>7. Garantilerin Reddi<\/strong><\/p>\n\n\n\n<p>Hizmet, herhangi bir garanti olmaks\u0131z\u0131n \"oldu\u011fu gibi\" ve \"mevcut oldu\u011fu \u015fekilde\" sa\u011flanmaktad\u0131r. Sat\u0131labilirlik, belirli bir amaca uygunluk ve ihlal etmeme garantileri de dahil olmak \u00fczere t\u00fcm garantileri a\u00e7\u0131k\u00e7a reddederiz.<\/p>\n\n\n\n<p><strong>8. Sorumlulu\u011fun S\u0131n\u0131rland\u0131r\u0131lmas\u0131<\/strong><\/p>\n\n\n\n<p>My Femboy Roommate, i\u015ftirakleri veya ilgili y\u00f6neticileri, memurlar\u0131, \u00e7al\u0131\u015fanlar\u0131 veya temsilcileri hi\u00e7bir durumda dolayl\u0131, ar\u0131zi, \u00f6zel veya sonu\u00e7 olarak ortaya \u00e7\u0131kan zararlardan sorumlu tutulamaz.<\/p>\n\n\n\n<p><strong>9. Tazminat<\/strong><\/p>\n\n\n\n<p>My Femboy Roommate'i, ba\u011fl\u0131 kurulu\u015flar\u0131n\u0131 ve bunlar\u0131n ilgili y\u00f6neticilerini, memurlar\u0131n\u0131, \u00e7al\u0131\u015fanlar\u0131n\u0131 ve temsilcilerini, Hizmete eri\u015fiminizden veya Hizmeti kullan\u0131m\u0131n\u0131zdan kaynaklanan veya bunlarla herhangi bir \u015fekilde ba\u011flant\u0131l\u0131 olan makul yasal \u00fccretler de dahil olmak \u00fczere her t\u00fcrl\u00fc talep, y\u00fck\u00fcml\u00fcl\u00fck, hasar, kay\u0131p veya masrafa kar\u015f\u0131 tazmin etmeyi ve zarars\u0131z tutmay\u0131 kabul edersiniz.<\/p>\n\n\n\n<p><strong>10. Ge\u00e7erli Kanun<\/strong><\/p>\n\n\n\n<p>Bu Ko\u015fullar ve bunlardan kaynaklanan veya bunlarla ilgili herhangi bir anla\u015fmazl\u0131k veya iddia, herhangi bir kanunlar ihtilaf\u0131 kural\u0131na tabi olmaks\u0131z\u0131n New York, ABD yasalar\u0131na tabi olacak ve bu yasalara g\u00f6re yorumlanacakt\u0131r.<\/p>\n\n\n\n<p><strong>11. Bize Ula\u015f\u0131n<\/strong><\/p>\n\n\n\n<p>Bu \u015eartlar hakk\u0131nda herhangi bir sorunuz varsa, l\u00fctfen bizimle ileti\u015fime ge\u00e7in:<\/p>\n\n\n\n<p>E-posta ile: support@myfemboy-roommate.com<\/p>","protected":false},"excerpt":{"rendered":"<p>Kullan\u0131m Ko\u015fullar\u0131 Son G\u00fcncelleme: 21 Kas\u0131m 2024 https:\/\/myfemboy-roommate.com adresinden eri\u015filebilen My Femboy Roommate'e (\"Hizmet\") ho\u015f geldiniz. Bu Kullan\u0131m Ko\u015fullar\u0131 (\"Ko\u015fullar\") Hizmetimizi kullan\u0131m\u0131n\u0131z\u0131 y\u00f6netir. L\u00fctfen Hizmetimizi kullanmadan \u00f6nce bu \u015eartlar\u0131 dikkatlice okuyun. 1. \u015eartlar\u0131n Kabul\u00fc Hizmete eri\u015ferek veya Hizmeti kullanarak, bu \u015eartlara tabi olmay\u0131 kabul edersiniz. [...]<\/p>","protected":false},"author":1,"featured_media":0,"parent":0,"menu_order":0,"comment_status":"closed","ping_status":"closed","template":"","meta":{"footnotes":""},"class_list":["post-119","page","type-page","status-publish","hentry"],"_links":{"self":[{"href":"https:\/\/myfemboy-roommate.com\/homepage\/tr\/wp-json\/wp\/v2\/pages\/119","targetHints":{"allow":["GET"]}}],"collection":[{"href":"https:\/\/myfemboy-roommate.com\/homepage\/tr\/wp-json\/wp\/v2\/pages"}],"about":[{"href":"https:\/\/myfemboy-roommate.com\/homepage\/tr\/wp-json\/wp\/v2\/types\/page"}],"author":[{"embeddable":true,"href":"https:\/\/myfemboy-roommate.com\/homepage\/tr\/wp-json\/wp\/v2\/users\/1"}],"replies":[{"embeddable":true,"href":"https:\/\/myfemboy-roommate.com\/homepage\/tr\/wp-json\/wp\/v2\/comments?post=119"}],"version-history":[{"count":1,"href":"https:\/\/myfemboy-roommate.com\/homepage\/tr\/wp-json\/wp\/v2\/pages\/119\/revisions"}],"predecessor-version":[{"id":120,"href":"https:\/\/myfemboy-roommate.com\/homepage\/tr\/wp-json\/wp\/v2\/pages\/119\/revisions\/120"}],"wp:attachment":[{"href":"https:\/\/myfemboy-roommate.com\/homepage\/tr\/wp-json\/wp\/v2\/media?parent=119"}],"curies":[{"name":"wp","href":"https:\/\/api.w.org\/{rel}","templated":true}]}}