{"id":3,"date":"2024-11-11T17:44:49","date_gmt":"2024-11-11T17:44:49","guid":{"rendered":"http:\/\/box5572\/cgi\/addon_GT.cgi?s=GT::WP::Install::Cpanel+%28ghnjwzmy%29+-+127.0.0.1+%5Bnocaller%5D\/?page_id=3"},"modified":"2024-11-21T10:20:44","modified_gmt":"2024-11-21T10:20:44","slug":"privacy-policy","status":"publish","type":"page","link":"https:\/\/myfemboy-roommate.com\/homepage\/tr\/privacy-policy\/","title":{"rendered":"Femboy Ev Arkada\u015f\u0131m i\u00e7in Gizlilik Politikas\u0131"},"content":{"rendered":"<p><strong>Son G\u00fcncelleme 21 Kas\u0131m 2024<\/strong><\/p>\n\n\n\n<p>Bu Gizlilik Politikas\u0131, Hizmeti kullan\u0131rken Ki\u015fisel Verilerinizin toplanmas\u0131, kullan\u0131lmas\u0131 ve if\u015fa edilmesine ili\u015fkin uygulamalar\u0131m\u0131z\u0131 ve politikalar\u0131m\u0131z\u0131 \u00f6zetlemektedir. Ayr\u0131ca gizlilik haklar\u0131n\u0131z ve yasal korumalar\u0131n\u0131z hakk\u0131nda sizi bilgilendirir. Ki\u015fisel Verileri Hizmeti sunmak ve geli\u015ftirmek i\u00e7in kullan\u0131r\u0131z. Hizmeti kullanman\u0131z, Ki\u015fisel Verilerinizi bu Gizlilik Politikas\u0131nda belirtildi\u011fi \u015fekilde toplamam\u0131za ve kullanmam\u0131za izin verdi\u011finiz anlam\u0131na gelir.<\/p>\n\n\n\n<p><strong>Yorum ve Tan\u0131mlar<\/strong><\/p>\n\n\n\n<p>Bu Gizlilik Politikas\u0131n\u0131n ama\u00e7lar\u0131 do\u011frultusunda:<\/p>\n\n\n\n<ul class=\"wp-block-list\">\n<li><strong>Hesap<\/strong>\u00a0Hizmetimize veya Hizmetimizin b\u00f6l\u00fcmlerine eri\u015fmeniz i\u00e7in olu\u015fturulan benzersiz bir hesap anlam\u0131na gelir.<\/li>\n\n\n\n<li><strong>\u0130\u015ftirak<\/strong>\u00a0Bir taraf\u0131 kontrol eden, taraf\u00e7a kontrol edilen veya tarafla ortak kontrol alt\u0131nda olan bir kurulu\u015f anlam\u0131na gelir; burada \"kontrol\", 50% veya daha fazla hisseye, \u00f6z sermaye pay\u0131na veya y\u00f6netici se\u00e7imi veya di\u011fer y\u00f6netim yetkisi i\u00e7in oy kullanma hakk\u0131na sahip di\u011fer menkul k\u0131ymetlere sahip olmak anlam\u0131na gelir.<\/li>\n\n\n\n<li><strong>\u015eirket<\/strong>\u00a0(bu S\u00f6zle\u015fmede \"\u015eirket\", \"Biz\", \"Bize\" veya \"Bizim\" olarak an\u0131lacakt\u0131r) https:\/\/myfemboy-roommate.com\/ adresinden eri\u015filebilen My Femboy Roommate'i ifade eder.<\/li>\n\n\n\n<li><strong>\u00c7erezler<\/strong>\u00a0bir web sitesi taraf\u0131ndan bilgisayar\u0131n\u0131za, mobil cihaz\u0131n\u0131za veya ba\u015fka bir cihaza yerle\u015ftirilen ve bir\u00e7ok kullan\u0131m\u0131n\u0131n yan\u0131 s\u0131ra s\u00f6z konusu web sitesindeki tarama ge\u00e7mi\u015finizin ayr\u0131nt\u0131lar\u0131n\u0131 i\u00e7eren k\u00fc\u00e7\u00fck dosyalard\u0131r.<\/li>\n\n\n\n<li><strong>\u00dclke<\/strong>\u00a0New York, ABD'yi ifade eder.<\/li>\n\n\n\n<li><strong>Cihaz<\/strong>\u00a0bilgisayar, cep telefonu veya dijital tablet gibi Hizmete eri\u015febilen herhangi bir cihaz anlam\u0131na gelir.<\/li>\n\n\n\n<li><strong>Ki\u015fisel Veriler<\/strong>\u00a0tan\u0131mlanm\u0131\u015f veya tan\u0131mlanabilir bir bireyle ilgili her t\u00fcrl\u00fc bilgidir.<\/li>\n\n\n\n<li><strong>Hizmet<\/strong>\u00a0Web Sitesini ifade eder.<\/li>\n\n\n\n<li><strong>Hizmet Sa\u011flay\u0131c\u0131<\/strong>\u00a0\u015eirket ad\u0131na verileri i\u015fleyen herhangi bir ger\u00e7ek veya t\u00fczel ki\u015fi anlam\u0131na gelir. Hizmeti kolayla\u015ft\u0131rmak, \u015eirket ad\u0131na Hizmet sa\u011flamak, Hizmetle ilgili hizmetleri ger\u00e7ekle\u015ftirmek veya Hizmetin nas\u0131l kullan\u0131ld\u0131\u011f\u0131n\u0131 analiz etmede \u015eirkete yard\u0131mc\u0131 olmak i\u00e7in \u015eirket taraf\u0131ndan istihdam edilen \u00fc\u00e7\u00fcnc\u00fc taraf \u015firketleri veya bireyleri ifade eder.<\/li>\n\n\n\n<li><strong>Kullan\u0131m Verileri<\/strong>\u00a0Hizmetin kullan\u0131m\u0131 veya Hizmet altyap\u0131s\u0131n\u0131n kendisi taraf\u0131ndan olu\u015fturulan otomatik olarak toplanan verileri ifade eder (\u00f6rne\u011fin, bir sayfa ziyaretinin s\u00fcresi).<\/li>\n\n\n\n<li><strong>Web sitesi<\/strong>\u00a0https:\/\/myfemboy-roommate.com\/ adresinden eri\u015filebilen My Femboy Roommate'e at\u0131fta bulunmaktad\u0131r.<\/li>\n\n\n\n<li><strong>Sen<\/strong>\u00a0Hizmete eri\u015fen veya Hizmeti kullanan ki\u015fi veya s\u00f6z konusu ki\u015finin ad\u0131na Hizmete eri\u015fti\u011fi veya Hizmeti kulland\u0131\u011f\u0131 \u015firket veya di\u011fer t\u00fczel ki\u015filik anlam\u0131na gelir.<\/li>\n<\/ul>\n\n\n\n<p><strong>Ki\u015fisel Verilerinizin Toplanmas\u0131 ve Kullan\u0131lmas\u0131<\/strong><\/p>\n\n\n\n<p><strong>Toplanan Veri T\u00fcrleri<\/strong><\/p>\n\n\n\n<ul class=\"wp-block-list\">\n<li><strong>Ki\u015fisel Veriler<\/strong>: Hizmetimizi kullan\u0131rken, Sizi tan\u0131mlamak veya Sizinle ileti\u015fim kurmak i\u00e7in kullan\u0131labilecek belirli ki\u015fisel olarak tan\u0131mlanabilir bilgileri Bize sa\u011flaman\u0131z\u0131 isteyebiliriz. Ki\u015fisel olarak tan\u0131mlanabilir bilgiler a\u015fa\u011f\u0131dakileri i\u00e7erebilir, ancak bunlarla s\u0131n\u0131rl\u0131 de\u011fildir:<\/li>\n\n\n\n<li><strong>Veri Kullan\u0131m\u0131<\/strong>: Hizmet, kullan\u0131m\u0131 s\u0131ras\u0131nda otomatik olarak kullan\u0131m verilerini toplar. Bu veriler, cihaz\u0131n\u0131z\u0131n \u0130nternet Protokol\u00fc (IP) adresi, taray\u0131c\u0131 t\u00fcr\u00fc, taray\u0131c\u0131 s\u00fcr\u00fcm\u00fc, Hizmetimizin ziyaret etti\u011finiz belirli sayfalar\u0131, ziyaretinizin tarihi ve saati, bu sayfalarda ge\u00e7irilen s\u00fcre, benzersiz cihaz tan\u0131mlay\u0131c\u0131lar\u0131 ve di\u011fer te\u015fhis bilgileri gibi ayr\u0131nt\u0131lar\u0131 i\u00e7erebilir.<\/li>\n<\/ul>\n\n\n\n<p><strong>Ki\u015fisel Verilerinizin Kullan\u0131m\u0131<\/strong><\/p>\n\n\n\n<p>\u015eirket, Ki\u015fisel Verileri a\u015fa\u011f\u0131daki ama\u00e7lar i\u00e7in kullanabilir:<\/p>\n\n\n\n<ul class=\"wp-block-list\">\n<li>Hizmetimizin kullan\u0131m\u0131n\u0131 izlemek de dahil olmak \u00fczere Hizmetimizi sa\u011flamak ve s\u00fcrd\u00fcrmek i\u00e7in.<\/li>\n\n\n\n<li>Hesab\u0131n\u0131z\u0131 y\u00f6netmek i\u00e7in: Hizmetin bir kullan\u0131c\u0131s\u0131 olarak kayd\u0131n\u0131z\u0131 y\u00f6netmek i\u00e7in.<\/li>\n\n\n\n<li>Bu t\u00fcr bilgileri almamay\u0131 tercih etmedi\u011finiz s\u00fcrece, Size \u00f6zel teklifler, haberler ve halihaz\u0131rda sat\u0131n ald\u0131\u011f\u0131n\u0131z veya hakk\u0131nda bilgi ald\u0131\u011f\u0131n\u0131z \u00fcr\u00fcnlere benzer sundu\u011fumuz di\u011fer \u00fcr\u00fcnler, hizmetler ve etkinlikler hakk\u0131nda genel bilgiler sa\u011flamak.<\/li>\n\n\n\n<li>Taleplerinizi y\u00f6netmek i\u00e7in: Bize olan taleplerinize kat\u0131lmak ve bunlar\u0131 y\u00f6netmek i\u00e7in.<\/li>\n\n\n\n<li>Bir s\u00f6zle\u015fmenin ifas\u0131 i\u00e7in: Sat\u0131n ald\u0131\u011f\u0131n\u0131z \u00fcr\u00fcnler, kalemler veya hizmetler i\u00e7in sat\u0131n alma s\u00f6zle\u015fmesinin veya Hizmet arac\u0131l\u0131\u011f\u0131yla Bizimle yapt\u0131\u011f\u0131n\u0131z di\u011fer herhangi bir s\u00f6zle\u015fmenin geli\u015ftirilmesi, uygunlu\u011fu ve \u00fcstlenilmesi.<\/li>\n\n\n\n<li>Sizinle ileti\u015fime ge\u00e7mek i\u00e7in: Uygulanmalar\u0131 i\u00e7in gerekli veya makul oldu\u011funda, g\u00fcvenlik g\u00fcncellemeleri de dahil olmak \u00fczere i\u015flevler, \u00fcr\u00fcnler veya s\u00f6zle\u015fmeli hizmetlerle ilgili g\u00fcncellemeler veya bilgilendirici ileti\u015fimler hakk\u0131nda bir mobil uygulaman\u0131n anl\u0131k bildirimleri gibi e-posta, telefon g\u00f6r\u00fc\u015fmeleri, SMS veya di\u011fer e\u015fde\u011fer elektronik ileti\u015fim bi\u00e7imleriyle Sizinle ileti\u015fime ge\u00e7mek.<\/li>\n\n\n\n<li>\u0130\u015f transferleri i\u00e7in: Bilgilerinizi, Hizmet kullan\u0131c\u0131lar\u0131m\u0131z hakk\u0131nda Taraf\u0131m\u0131zca tutulan Ki\u015fisel Verilerin devredilen varl\u0131klar aras\u0131nda yer ald\u0131\u011f\u0131 bir birle\u015fme, elden \u00e7\u0131karma, yeniden yap\u0131land\u0131rma, yeniden d\u00fczenleme, tasfiye veya varl\u0131klar\u0131m\u0131z\u0131n bir k\u0131sm\u0131n\u0131n veya tamam\u0131n\u0131n ba\u015fka bir \u015fekilde sat\u0131\u015f\u0131 veya devri i\u00e7in kullanabiliriz.<\/li>\n<\/ul>\n\n\n\n<p><strong>Ki\u015fisel bilgilerinizi a\u015fa\u011f\u0131daki durumlarda payla\u015fabiliriz:<\/strong><\/p>\n\n\n\n<ul class=\"wp-block-list\">\n<li>\u0130\u015f transferleri i\u00e7in: Ki\u015fisel bilgilerinizi, herhangi bir birle\u015fme, \u015eirket varl\u0131klar\u0131n\u0131n sat\u0131\u015f\u0131, finansman veya i\u015fimizin tamam\u0131n\u0131n veya bir k\u0131sm\u0131n\u0131n ba\u015fka bir \u015firkete devredilmesi ile ba\u011flant\u0131l\u0131 olarak veya bunlar\u0131n m\u00fczakereleri s\u0131ras\u0131nda payla\u015fabilir veya aktarabiliriz.<\/li>\n\n\n\n<li>\u0130\u015ftirakler ile: Bilgilerinizi ba\u011fl\u0131 kurulu\u015flar\u0131m\u0131zla payla\u015fabiliriz, bu durumda s\u00f6z konusu ba\u011fl\u0131 kurulu\u015flar\u0131n bu Gizlilik Politikas\u0131na uymas\u0131n\u0131 zorunlu k\u0131lar\u0131z.<\/li>\n\n\n\n<li>Hizmet Sa\u011flay\u0131c\u0131lar ile: Ki\u015fisel bilgilerinizi, Hizmetimizin kullan\u0131m\u0131n\u0131 izlemek ve analiz etmek, Sizinle ileti\u015fim kurmak i\u00e7in Hizmet Sa\u011flay\u0131c\u0131larla payla\u015fabiliriz.<\/li>\n\n\n\n<li>\u0130\u015f ortaklar\u0131 ile: Size belirli \u00fcr\u00fcnler, hizmetler veya promosyonlar sunmak i\u00e7in bilgilerinizi i\u015f ortaklar\u0131m\u0131zla payla\u015fabiliriz.<\/li>\n\n\n\n<li>Di\u011fer kullan\u0131c\u0131larla: Ki\u015fisel bilgilerinizi payla\u015ft\u0131\u011f\u0131n\u0131zda veya di\u011fer kullan\u0131c\u0131larla ortak alanlarda ba\u015fka bir \u015fekilde etkile\u015fime girdi\u011finizde, bu t\u00fcr bilgiler t\u00fcm kullan\u0131c\u0131lar taraf\u0131ndan g\u00f6r\u00fcnt\u00fclenebilir ve d\u0131\u015far\u0131da herkese a\u00e7\u0131k olarak da\u011f\u0131t\u0131labilir.<\/li>\n\n\n\n<li>Sizin izniniz ile: Ki\u015fisel bilgilerinizi Sizin izninizle ba\u015fka herhangi bir ama\u00e7 i\u00e7in if\u015fa edebiliriz.<\/li>\n<\/ul>\n\n\n\n<p><strong>\u0130zleme Teknolojileri ve \u00c7erezler<\/strong><\/p>\n\n\n\n<p>Hizmetimizdeki etkinli\u011fi izlemek ve belirli bilgileri saklamak i\u00e7in \u00c7erezleri ve benzer izleme teknolojilerini kullan\u0131r\u0131z. Kullan\u0131lan izleme teknolojileri, bilgi toplamak ve izlemek ve Hizmetimizi geli\u015ftirmek ve analiz etmek i\u00e7in i\u015faret\u00e7iler, etiketler ve komut dosyalar\u0131d\u0131r.<\/p>\n\n\n\n<p><strong>Ki\u015fisel Verilerinizin Saklanmas\u0131<\/strong><\/p>\n\n\n\n<p>\u015eirket, Ki\u015fisel Verilerinizi yaln\u0131zca bu Gizlilik Politikas\u0131nda belirtilen ama\u00e7lar i\u00e7in gerekli oldu\u011fu s\u00fcrece saklayacakt\u0131r. Ki\u015fisel Verilerinizi yasal y\u00fck\u00fcml\u00fcl\u00fcklerimize uymak, anla\u015fmazl\u0131klar\u0131 \u00e7\u00f6zmek ve yasal anla\u015fmalar\u0131m\u0131z\u0131 ve politikalar\u0131m\u0131z\u0131 uygulamak i\u00e7in gerekli oldu\u011fu \u00f6l\u00e7\u00fcde saklayacak ve kullanaca\u011f\u0131z.<\/p>\n\n\n\n<p><strong>Ki\u015fisel Verilerinizin Aktar\u0131lmas\u0131<\/strong><\/p>\n\n\n\n<p>Ki\u015fisel Veriler de dahil olmak \u00fczere bilgileriniz, \u015eirket'in i\u015fletme ofislerinde ve i\u015fleme dahil olan taraflar\u0131n bulundu\u011fu di\u011fer yerlerde i\u015flenir. Bu, bu bilgilerin Sizin eyaletiniz, iliniz, \u00fclkeniz veya veri koruma yasalar\u0131n\u0131n Sizin yarg\u0131 alan\u0131n\u0131zdakilerden farkl\u0131 olabilece\u011fi di\u011fer resmi yarg\u0131 alanlar\u0131n\u0131n d\u0131\u015f\u0131nda bulunan bilgisayarlara aktar\u0131labilece\u011fi ve bu bilgisayarlarda muhafaza edilebilece\u011fi anlam\u0131na gelir.<\/p>\n\n\n\n<p><strong>Ki\u015fisel Verilerinizin Silinmesi<\/strong><\/p>\n\n\n\n<p>Hakk\u0131n\u0131zda toplad\u0131\u011f\u0131m\u0131z Ki\u015fisel Verileri kald\u0131rma veya kald\u0131rmak i\u00e7in yard\u0131m isteme hakk\u0131n\u0131 sakl\u0131 tutars\u0131n\u0131z. Hizmetimiz arac\u0131l\u0131\u011f\u0131yla, kendinizle ilgili belirli bilgileri silme se\u00e7ene\u011finiz olabilir. Varsa, Hesab\u0131n\u0131za eri\u015ferek ve ki\u015fisel bilgilerinizi y\u00f6netmek i\u00e7in belirlenmi\u015f hesap ayarlar\u0131 alan\u0131na giderek bilgilerinizi istedi\u011finiz zaman de\u011fi\u015ftirebilir, revize edebilir veya silebilirsiniz. Alternatif olarak, bizimle payla\u015ft\u0131\u011f\u0131n\u0131z ki\u015fisel bilgilere eri\u015fim, d\u00fczeltme veya silme talebinde bulunmak i\u00e7in bize ula\u015fabilirsiniz.<\/p>\n\n\n\n<p><strong>Ki\u015fisel Verilerinizin \u0130f\u015fas\u0131<\/strong><\/p>\n\n\n\n<ul class=\"wp-block-list\">\n<li>Ticari \u0130\u015flemler: \u015eirketin bir birle\u015fme, devralma veya varl\u0131k sat\u0131\u015f\u0131na dahil olmas\u0131 durumunda Ki\u015fisel Verileriniz aktar\u0131labilir. Ki\u015fisel Verileriniz aktar\u0131lmadan ve farkl\u0131 bir Gizlilik Politikas\u0131na tabi olmadan \u00f6nce bildirimde bulunaca\u011f\u0131z.<\/li>\n\n\n\n<li>Kanun yapt\u0131r\u0131m\u0131: Belirli ko\u015fullar alt\u0131nda \u015eirketin, yasalar\u0131n gerektirmesi halinde veya resmi makamlar\u0131n (\u00f6rne\u011fin bir mahkeme veya bir devlet kurumu) ge\u00e7erli taleplerine yan\u0131t olarak Ki\u015fisel Verilerinizi if\u015fa etmesi gerekebilir.<\/li>\n<\/ul>\n\n\n\n<p><strong>Ki\u015fisel Verilerinizin G\u00fcvenli\u011fi<\/strong><\/p>\n\n\n\n<p>Ki\u015fisel Verilerinizin g\u00fcvenli\u011fi Bizim i\u00e7in \u00f6nemlidir, ancak \u0130nternet \u00fczerinden hi\u00e7bir iletim y\u00f6nteminin veya elektronik depolama y\u00f6nteminin 100% g\u00fcvenli olmad\u0131\u011f\u0131n\u0131 unutmay\u0131n. Ki\u015fisel Verilerinizi korumak i\u00e7in ticari olarak kabul edilebilir ara\u00e7lar kullanmaya \u00e7al\u0131\u015fsak da, mutlak g\u00fcvenli\u011fini garanti edemeyiz.<\/p>\n\n\n\n<p><strong>\u00c7ocuklar\u0131n Gizlili\u011fi<\/strong><\/p>\n\n\n\n<p>Hizmetimiz 13 ya\u015f\u0131n alt\u0131ndaki hi\u00e7 kimseye hitap etmemektedir. Ebeveyn veya veli iseniz ve \u00e7ocu\u011funuzun Bize Ki\u015fisel Veriler sa\u011flad\u0131\u011f\u0131n\u0131 biliyorsan\u0131z, l\u00fctfen Bizimle ileti\u015fime ge\u00e7in. 13 ya\u015f\u0131n alt\u0131ndaki hi\u00e7 kimseden bilerek ki\u015fisel olarak tan\u0131mlanabilir bilgi toplam\u0131yoruz. Ebeveyn iznini do\u011frulamadan 13 ya\u015f\u0131n alt\u0131ndaki herhangi birinden Ki\u015fisel Veri toplad\u0131\u011f\u0131m\u0131z\u0131 fark edersek, bu bilgileri sunucular\u0131m\u0131zdan kald\u0131rmak i\u00e7in gerekli ad\u0131mlar\u0131 atar\u0131z.<\/p>\n\n\n\n<p><strong>Bu Gizlilik Politikas\u0131ndaki De\u011fi\u015fiklikler<\/strong><\/p>\n\n\n\n<p>Gizlilik Politikam\u0131z\u0131 zaman zaman g\u00fcncelleyebiliriz. Yeni Gizlilik Politikas\u0131n\u0131 bu sayfada yay\u0131nlayarak de\u011fi\u015fiklikleri Size bildirece\u011fiz. De\u011fi\u015fikli\u011fin y\u00fcr\u00fcrl\u00fc\u011fe girmesinden \u00f6nce e-posta ve\/veya Hizmetimizde g\u00f6ze \u00e7arpan bir bildirim yoluyla Sizi bilgilendirece\u011fiz ve bu Gizlilik Politikas\u0131n\u0131n \u00fcst k\u0131sm\u0131ndaki \"Son g\u00fcncelleme\" tarihini g\u00fcncelleyece\u011fiz.<\/p>\n\n\n\n<p><strong>Di\u011fer Web Sitelerine Ba\u011flant\u0131lar<\/strong><\/p>\n\n\n\n<p>Hizmetimiz, Taraf\u0131m\u0131zca i\u015fletilmeyen di\u011fer web sitelerine ba\u011flant\u0131lar i\u00e7erebilir. Bir \u00fc\u00e7\u00fcnc\u00fc taraf ba\u011flant\u0131s\u0131na t\u0131klarsan\u0131z, s\u00f6z konusu \u00fc\u00e7\u00fcnc\u00fc taraf\u0131n sitesine y\u00f6nlendirilirsiniz. Ziyaret etti\u011finiz her sitenin Gizlilik Politikas\u0131n\u0131 incelemenizi \u00f6nemle tavsiye ederiz. Herhangi bir \u00fc\u00e7\u00fcnc\u00fc taraf sitesinin veya hizmetinin i\u00e7eri\u011fi, gizlilik politikalar\u0131 veya uygulamalar\u0131 \u00fczerinde hi\u00e7bir kontrol\u00fcm\u00fcz yoktur ve bunlar i\u00e7in hi\u00e7bir sorumluluk kabul etmiyoruz.<\/p>\n\n\n\n<p><strong>Bize Ula\u015f\u0131n<\/strong><\/p>\n\n\n\n<p>Bu Gizlilik Politikas\u0131 hakk\u0131nda herhangi bir sorunuz varsa, bizimle ileti\u015fime ge\u00e7ebilirsiniz:<\/p>\n\n\n\n<p>E-posta ile:\u00a0<a href=\"mailto:support@sprunki-phase.online\">destek@<\/a>myfemboy-roommate.com<\/p>","protected":false},"excerpt":{"rendered":"<p>Son G\u00fcncelleme: 21 Kas\u0131m 2024 Bu Gizlilik Politikas\u0131, Hizmeti kullan\u0131rken Ki\u015fisel Verilerinizin toplanmas\u0131, kullan\u0131lmas\u0131 ve if\u015fa edilmesine ili\u015fkin uygulamalar\u0131m\u0131z\u0131 ve politikalar\u0131m\u0131z\u0131 \u00f6zetlemektedir. Ayr\u0131ca gizlilik haklar\u0131n\u0131z ve yasal korumalar\u0131n\u0131z hakk\u0131nda sizi bilgilendirir. Ki\u015fisel Verileri Hizmeti sunmak ve geli\u015ftirmek i\u00e7in kullan\u0131r\u0131z. Hizmeti kullan\u0131m\u0131n\u0131z [...] anlam\u0131na gelir.<\/p>","protected":false},"author":1,"featured_media":0,"parent":0,"menu_order":0,"comment_status":"closed","ping_status":"open","template":"","meta":{"footnotes":""},"class_list":["post-3","page","type-page","status-publish","hentry"],"_links":{"self":[{"href":"https:\/\/myfemboy-roommate.com\/homepage\/tr\/wp-json\/wp\/v2\/pages\/3","targetHints":{"allow":["GET"]}}],"collection":[{"href":"https:\/\/myfemboy-roommate.com\/homepage\/tr\/wp-json\/wp\/v2\/pages"}],"about":[{"href":"https:\/\/myfemboy-roommate.com\/homepage\/tr\/wp-json\/wp\/v2\/types\/page"}],"author":[{"embeddable":true,"href":"https:\/\/myfemboy-roommate.com\/homepage\/tr\/wp-json\/wp\/v2\/users\/1"}],"replies":[{"embeddable":true,"href":"https:\/\/myfemboy-roommate.com\/homepage\/tr\/wp-json\/wp\/v2\/comments?post=3"}],"version-history":[{"count":1,"href":"https:\/\/myfemboy-roommate.com\/homepage\/tr\/wp-json\/wp\/v2\/pages\/3\/revisions"}],"predecessor-version":[{"id":118,"href":"https:\/\/myfemboy-roommate.com\/homepage\/tr\/wp-json\/wp\/v2\/pages\/3\/revisions\/118"}],"wp:attachment":[{"href":"https:\/\/myfemboy-roommate.com\/homepage\/tr\/wp-json\/wp\/v2\/media?parent=3"}],"curies":[{"name":"wp","href":"https:\/\/api.w.org\/{rel}","templated":true}]}}